{"id":3162,"date":"2025-05-16T03:57:00","date_gmt":"2025-05-16T01:57:00","guid":{"rendered":"http:\/\/klubmamgdynia.pl\/?post_type=product&#038;p=3162"},"modified":"2026-04-06T06:27:06","modified_gmt":"2026-04-06T04:27:06","slug":"3-sprouts-torebka-strunowa-na-przekaski-lew-2szt","status":"publish","type":"product","link":"http:\/\/klubmamgdynia.pl\/index.php\/produkt\/3-sprouts-torebka-strunowa-na-przekaski-lew-2szt\/","title":{"rendered":"3 Sprouts Torebka Strunowa Na Przek\u0105ski Lew 2Szt."},"content":{"rendered":"<p>3 Sprouts Torebka Strunowa na Kanapki Lew Marka: 3 Sprouts W zestawie: nbsp; 2 szt Wymiary: nbsp; 10 cm x nbsp;18 2 cm Wymiary opakowania: nbsp; 17 5 cm x nbsp;19 cm Cechy: szczelna ze strunowym zamkni\u0119ciem \u0142atwa w otwieraniu i zamykaniu utrzymuje \u015bwie\u017co\u015b\u0107 \u017cywno\u015bci i jej miejsce w podr\u00f3\u017cy bez BPA PCV i ftalan\u00f3w wielokrotnego u\u017cytku mo\u017cna my\u0107 w zmywarce doskona\u0142a na przek\u0105ski kanapki warzywa i owoce idealna na ma\u0142e zabawki kredki i wiele innych nbsp; Woreczek strunowy marki 3 Sprouts jest wielokrotnego u\u017cytku Dzi\u0119ki wzmocnionym szwom i nbsp; strunowym zamkni\u0119ciu jest nbsp;odporny i niezawodny nbsp;utrzymuje \u015bwie\u017co\u015b\u0107 ka\u017cdej kanapki i przek\u0105ski Ka\u017cda torebka jest wolna od BPA PVC i ftalan\u00f3w Woreczek jest prze\u017aroczysty i ma kolorow\u0105 aplikacj\u0105 na wierzchu z pewno\u015bci\u0105 przypadnie do gustu ka\u017cdemu dziecku W zestawie znajduj\u0105 si\u0119 dwie torebki dzi\u0119ki kt\u00f3rym \u0142atwo i szybko zapakujesz kanapki lub przek\u0105ski Woreczki doskonale sprawdz\u0105 si\u0119 w domu w przedszkolu szkole i w podr\u00f3\u017cy nbsp;Torebki wielokrotnego u\u017cytku nbsp;to idealna alternatywa dla jednorazowych torebek na przek\u0105ski i kanapki nbsp; nbsp; Torebki s\u0105 \u0142atwe w czyszczeniu ich plusem jest to \u017ce nbsp;mo\u017cna je my\u0107 w zmywarce nbsp;<\/p>\n<h2>3 Sprouts Torebka Strunowa Na Przek\u0105ski Lew 2Szt. 3 Sprouts<\/h2>\n<p>quizy \u015bwi\u0105teczne bo\u017ce narodzenie, imi\u0119 kuba, auto kolorowanka, na wyspach bergamutach tekst, olaf znaczenie imienia, plan lekcji do druku, zagadki dla 7 latka, piosenka przyjed\u017a do nas miko\u0142aju, origami kotek, dzieci z bullerbyn quiz, quiz o kosmosie dla dzieci, lew czarownica i stara szafa test, daria imie, kolorowanki jesie\u0144 do druku, regina, wzory zaprosze\u0144 zaproszenie na urodziny do druku pdf, imi\u0119 nela, ju\u017c blisko kol\u0119da tekst, regina, zagadki \u015bmieszne, kolorowanka \u015bwinka peppa<\/p>\n<p>yyyyy<\/p>\n<p>&nbsp;<\/p>\n","protected":false},"excerpt":{"rendered":"<p>3 Sprouts Torebka Strunowa na Kanapki Lew Marka: 3 Sprouts W zestawie: nbsp; 2 szt Wymiary: nbsp; 10 cm x nbsp;18 2 cm Wymiary opakowania: nbsp; 17 5 cm x nbsp;19 cm Cechy: szczelna ze strunowym zamkni\u0119ciem \u0142atwa w otwieraniu i zamykaniu utrzymuje \u015bwie\u017co\u015b\u0107 \u017cywno\u015bci i jej miejsce w podr\u00f3\u017cy bez BPA PCV i ftalan\u00f3w [&hellip;]<\/p>\n","protected":false},"featured_media":3163,"comment_status":"closed","ping_status":"open","template":"","meta":[],"product_cat":[1004,1017],"product_tag":[680,626,654,646,661],"class_list":["post-3162","product","type-product","status-publish","has-post-thumbnail","hentry","product_cat-3-sprouts","product_cat-pozostale-akcesoria-do-karmienia-dzieci","product_tag-cytaty-z-malego-ksiecia","product_tag-jacek","product_tag-krotkie-bajki-dla-dzieci-do-czytania","product_tag-prezent-na-pierwsze-urodziny","product_tag-swinka-peppa-kolorowanka"],"_links":{"self":[{"href":"http:\/\/klubmamgdynia.pl\/index.php\/wp-json\/wp\/v2\/product\/3162","targetHints":{"allow":["GET"]}}],"collection":[{"href":"http:\/\/klubmamgdynia.pl\/index.php\/wp-json\/wp\/v2\/product"}],"about":[{"href":"http:\/\/klubmamgdynia.pl\/index.php\/wp-json\/wp\/v2\/types\/product"}],"replies":[{"embeddable":true,"href":"http:\/\/klubmamgdynia.pl\/index.php\/wp-json\/wp\/v2\/comments?post=3162"}],"wp:featuredmedia":[{"embeddable":true,"href":"http:\/\/klubmamgdynia.pl\/index.php\/wp-json\/wp\/v2\/media\/3163"}],"wp:attachment":[{"href":"http:\/\/klubmamgdynia.pl\/index.php\/wp-json\/wp\/v2\/media?parent=3162"}],"wp:term":[{"taxonomy":"product_cat","embeddable":true,"href":"http:\/\/klubmamgdynia.pl\/index.php\/wp-json\/wp\/v2\/product_cat?post=3162"},{"taxonomy":"product_tag","embeddable":true,"href":"http:\/\/klubmamgdynia.pl\/index.php\/wp-json\/wp\/v2\/product_tag?post=3162"}],"curies":[{"name":"wp","href":"https:\/\/api.w.org\/{rel}","templated":true}]}}