{"id":3168,"date":"2013-01-01T18:46:56","date_gmt":"2013-01-01T17:46:56","guid":{"rendered":"http:\/\/klubmamgdynia.pl\/index.php\/produkt\/gugu-the-hero-kosz-na-zabawki-little-sailor\/"},"modified":"2026-05-17T22:10:38","modified_gmt":"2026-05-17T20:10:38","slug":"gugu-the-hero-kosz-na-zabawki-little-sailor","status":"publish","type":"product","link":"http:\/\/klubmamgdynia.pl\/index.php\/produkt\/gugu-the-hero-kosz-na-zabawki-little-sailor\/","title":{"rendered":"Gugu The Hero Kosz Na Zabawki Little Sailor"},"content":{"rendered":"<p>Kosze na zabawki Gugu the Hero &#8211; bezpieczne dla dziecka, przyjazne dla natury Kosz na zabawki to niezb\u0119dny element wyposa\u017cenia ka\u017cdego dzieci\u0119cego pokoju czy k\u0105cika zabaw malucha. Ju\u017c od pierwszych lat \u017cycia ma\u0142ego cz\u0142owieka warto go oswaja\u0107 i uczy\u0107 porz\u0105dkowania i segregacji swoich ulubionych przedmiot\u00f3w zabaw. Odpowiednio dobrane organizery na zabawki daj\u0105 dodatkow\u0105 przestrze\u0144 do swobodnego poruszania si\u0119 i beztroskich zabaw. Pojemne, du\u017ce kosze na zabawki mog\u0105 by\u0107 nie tylko funkcjonalnym elementem ka\u017cdego pokoju dzieci\u0119cego, ale r\u00f3wnie\u017c jego ozdob\u0105. Sprawd\u017a mat\u0119 na pod\u0142og\u0119 z tym samym motywem i stw\u00f3rz maluchowi jego ulubiony k\u0105cik zabaw! Ma\u0142e \u017cagl\u00f3wki b\u0119d\u0105 ciekaw\u0105 ozdob\u0105 pokoju ch\u0142opca. Du\u017cy kosz na zabawki uszyty jest z grubo tkanej bawe\u0142ny i mi\u0119kkiego jerseyu. Wszystkie materia\u0142y u\u017cyte do uszycia zestawu posiadaj\u0105 certyfikaty Oeko-Tex. Pojemnik na dzieci\u0119ce akcesoria posiada uszy u\u0142atwiaj\u0105ce przenoszenie. Niew\u0105tpliw\u0105 zalet\u0105 kosza na zabawki jest mo\u017cliwo\u015b\u0107 prania w pralce, dzi\u0119ki czemu bez problemu utrzymasz go w czysto\u015bci. Charakterystyka produktu Wymiary (+\/- 2cm): wysoko\u015b\u0107: 47 cm \u015brednica: 30 cm Materia\u0142: materia\u0142 zewn\u0119trzny oraz wewn\u0119trzny: 100% bawe\u0142na Wz\u00f3r: Little Sailor Instrukcja prania: zalecamy pranie w temperaturze maksymalnej 30\u00b0C, program delikatny\/pranie r\u0119czne. Nie suszy\u0107 w suszarce b\u0119bnowej, nie wybiela\u0107. Prasowa\u0107 w temperaturze odpowiedniej do tkanin bawe\u0142nianych.<\/p>\n<h2>Gugu The Hero Kosz Na Zabawki Little Sailor Inny<\/h2>\n<p>swinka peppa do czytania, europa stolice quiz, zagadki na logik\u0119, kwiatek kwiaty do druku szablony, gad\u017cety dla m\u0142odzie\u017cy 2020, prezent dla 16 latki, asiunia &#8211; test z lektury pdf, ninjago kolorowanka, bajka na dobranoc do czytania, wulkan z sody, sentencje ma\u0142y ksi\u0105\u017ce cytaty, maski dla dzieci do druku<\/p>\n<p>yyyyy<\/p>\n<p>&nbsp;<\/p>\n","protected":false},"excerpt":{"rendered":"<p>Kosze na zabawki Gugu the Hero &#8211; bezpieczne dla dziecka, przyjazne dla natury Kosz na zabawki to niezb\u0119dny element wyposa\u017cenia ka\u017cdego dzieci\u0119cego pokoju czy k\u0105cika zabaw malucha. Ju\u017c od pierwszych lat \u017cycia ma\u0142ego cz\u0142owieka warto go oswaja\u0107 i uczy\u0107 porz\u0105dkowania i segregacji swoich ulubionych przedmiot\u00f3w zabaw. Odpowiednio dobrane organizery na zabawki daj\u0105 dodatkow\u0105 przestrze\u0144 do [&hellip;]<\/p>\n","protected":false},"featured_media":3169,"comment_status":"closed","ping_status":"open","template":"","meta":[],"product_cat":[169,990],"product_tag":[617,669,677,717],"class_list":["post-3168","product","type-product","status-publish","has-post-thumbnail","hentry","product_cat-inny","product_cat-skrzynie-i-pojemniki-na-zabawki","product_tag-keyword","product_tag-kolorowanki","product_tag-milosz-imie","product_tag-prezent-roczek"],"_links":{"self":[{"href":"http:\/\/klubmamgdynia.pl\/index.php\/wp-json\/wp\/v2\/product\/3168","targetHints":{"allow":["GET"]}}],"collection":[{"href":"http:\/\/klubmamgdynia.pl\/index.php\/wp-json\/wp\/v2\/product"}],"about":[{"href":"http:\/\/klubmamgdynia.pl\/index.php\/wp-json\/wp\/v2\/types\/product"}],"replies":[{"embeddable":true,"href":"http:\/\/klubmamgdynia.pl\/index.php\/wp-json\/wp\/v2\/comments?post=3168"}],"wp:featuredmedia":[{"embeddable":true,"href":"http:\/\/klubmamgdynia.pl\/index.php\/wp-json\/wp\/v2\/media\/3169"}],"wp:attachment":[{"href":"http:\/\/klubmamgdynia.pl\/index.php\/wp-json\/wp\/v2\/media?parent=3168"}],"wp:term":[{"taxonomy":"product_cat","embeddable":true,"href":"http:\/\/klubmamgdynia.pl\/index.php\/wp-json\/wp\/v2\/product_cat?post=3168"},{"taxonomy":"product_tag","embeddable":true,"href":"http:\/\/klubmamgdynia.pl\/index.php\/wp-json\/wp\/v2\/product_tag?post=3168"}],"curies":[{"name":"wp","href":"https:\/\/api.w.org\/{rel}","templated":true}]}}