{"id":3170,"date":"2024-01-25T13:36:19","date_gmt":"2024-01-25T12:36:19","guid":{"rendered":"http:\/\/klubmamgdynia.pl\/?post_type=product&#038;p=3170"},"modified":"2026-04-05T12:35:09","modified_gmt":"2026-04-05T10:35:09","slug":"interdruk-zeszyt-b5-80k-kratka-hs-karton-10szt","status":"publish","type":"product","link":"http:\/\/klubmamgdynia.pl\/index.php\/produkt\/interdruk-zeszyt-b5-80k-kratka-hs-karton-10szt\/","title":{"rendered":"Interdruk Zeszyt B5\/80K Kratka Hs Karton 10Szt"},"content":{"rendered":"<p>Opakowanie zbiorcze 10 sztuk.Zeszyt w kratk\u0119 INTERDRUK formatu B5, 80 kartek.EAN: 5902277325266Najcz\u0119\u015bciej zadawane pytaniaJakie zeszyty kupi\u0107 do klas 1-3 szko\u0142y podstawowej?Dzieci ucz\u0105ce si\u0119 w pocz\u0105tkowych latach szko\u0142y podstawowej powinny zaopatrzy\u0107 si\u0119 w notesy w linie (w trzy kolorowe linie do nauczania pisania oraz \u0107wicze\u0144 kaligrafii), kratk\u0119 i r\u00f3wnie\u017c bruliony pozbawione wzor\u00f3w do rysowania. Uczniowie pierwszej, drugiej i trzeciej klasy podstaw\u00f3wki powinni zaopatrzy\u0107 si\u0119 w zeszyty o wymiarach A5 lub A4 i mie\u0107 po 16 stron, dlatego \u017ce nie powinny by\u0107 zbyt ci\u0119\u017ckie i nie powinny obci\u0105\u017ca\u0107 kr\u0119gos\u0142upa ucznia. W klasie drugiej i trzeciej mo\u017cna ju\u017c wybra\u0107 zeszyty 32-kartkowe o rozmiarze A5 lub A4.Jakie notesy kupi\u0107 do szko\u0142y ponadpodstawowej?W przypadku szk\u00f3\u0142 \u015brednich dzieci powinny zdecydowa\u0107 si\u0119 na wi\u0119ksze bruliony ni\u017c w podstaw\u00f3wce. Warto, \u017ceby posiada\u0142y 96 kartek oraz format A5 lub A4, co usprawnia powt\u00f3rk\u0119 do sprawdzian\u00f3w i test\u00f3w. Dzieci powinny mie\u0107 jeden notes do jednego przedmiotu przez dwa semestry, dzi\u0119ki czemu w jednym notesie b\u0119dzie znajdowa\u0142a si\u0119 ca\u0142a niezb\u0119dna wiedza do test\u00f3w rocznych lub p\u00f3\u0142rocznych lub egzaminu maturalnego, co znacznie u\u0142atwia przygotowywanie si\u0119 oraz szukanie niezb\u0119dnych informacji.Jakiego rodzaju zeszyty mo\u017cna zakupi\u0107 do szko\u0142y?W naszym bogatym asortymencie mo\u017cna znale\u017a\u0107 wiele r\u00f3\u017cnych rozwi\u0105za\u0144. Oferujemy w sprzeda\u017cy bruliony, ale tak\u017ce i notatniki bloki dla artyst\u00f3w, zeszyty do nauki pisania i kaligrafii, zeszyty g\u0142adkie do rysowania b\u0105d\u017a geometrii, zeszyty w kratk\u0119, kt\u00f3re sprawdz\u0105 si\u0119 w przypadku wi\u0119kszo\u015bci zaj\u0119\u0107 oraz notesy w standardowe linie do j\u0119zyka polskiego i ewentualnie do j\u0119zyka obcego. Nasze bruliony a tak\u017ce notatniki i inne produkty sprawdz\u0105 si\u0119 doskonale do ka\u017cdych zaj\u0119\u0107 i na ka\u017cdym poziomie nauki.Jakie notesy s\u0105 najlepsze do notatek?Uczniowie najbardziej lubi\u0105 zeszyty w kratk\u0119, jednak do zaj\u0119\u0107 z j\u0119zyka polskiego obowi\u0105zkowy jest zeszyt w linie \u2013 w pocz\u0105tkowych klasach szko\u0142y podstawowej wykorzystuje si\u0119 zeszyty z dodatkowymi liniami do nauki pisania a tak\u017ce kaligrafii, a dopiero w kolejnych latach u\u017cywa si\u0119 rozwi\u0105za\u0144 ze zwyk\u0142ymi liniami, bez linii dodatkowych. Niemal do wszystkich innych przedmiot\u00f3w mo\u017cna u\u017cy\u0107 brulion\u00f3w w kratk\u0119. Wyj\u0105tek stanowi geometria, gdzie niezb\u0119dny jest brulion g\u0142adki, muzyka, gdzie nale\u017cy mie\u0107 zeszyt do nut w pi\u0119ciolini\u0119. Za\u015b na zaj\u0119cia plastyczne niezb\u0119dne s\u0105 bloki lub szkicowniki. Niekt\u00f3rzy uczniowie preferuj\u0105 zeszyty w rozmiarze A5, pozostali A4. Tak samo jest z ok\u0142adk\u0105 \u2013 sporo os\u00f3b wybiera twarde zeszyty, natomiast inni uczniowie wol\u0105 mi\u0119kk\u0105. Podczas kupowania brulion\u00f3w do nauki warto zapyta\u0107 swoje dziecko o preferencje. Za\u015b starsi uczniowie mog\u0105 samodzielnie wybra\u0107 nowe zeszyty.Jakiego rodzaju notesy s\u0105 najlepsze do rysowania?W\u015br\u00f3d naszych produkt\u00f3w mo\u017cna znale\u017a\u0107 notesy w linie i w kratk\u0119, a tak\u017ce i zeszyty g\u0142adkie i szkicowniki. Zeszyty g\u0142adkie wy\u015bmienicie nadaj\u0105 si\u0119 do zaj\u0119\u0107 z geometrii. Za\u015b szkicowniki i bloki mog\u0105 by\u0107 stosowane na plastyce. Je\u015bli Twoja pociecha wykazuje wyj\u0105tkowe zdolno\u015bci plastyczne b\u0105d\u017a po prostu bardzo lubi malowa\u0107 \u2013 kup szkicownik b\u0105d\u017a ko\u0142oszkicownik z grubymi kartkami, jakie pozwalaj\u0105 na stosowanie wielu r\u00f3\u017cnych produkt\u00f3w do rysowania oraz malowania. Kartki o wysokiej gramaturze nie niszcz\u0105 si\u0119 od du\u017cej ilo\u015bci farb wody, ponadto s\u0105 bardzo estetyczne.Dlaczego warto zakupi\u0107 zestaw brulion\u00f3w do szko\u0142y?Na ka\u017cdym etapie nauki uczniowie r\u00f3\u017cnych szk\u00f3\u0142 potrzebuj\u0105 pewnej liczby notes\u00f3w do notatek. Mo\u017cna zaopatrzy\u0107 si\u0119 w nie osobno lub w specjalnym zestawie, w kt\u00f3rym znajduje si\u0119 kilka brulion\u00f3w o pasuj\u0105cych do siebie ok\u0142adkach. Je\u015bli Twoje dziecko lubi jaki\u015b motyw, pragnie komplet pasuj\u0105cych do siebie ok\u0142adek, a Ty chcia\u0142by\u015b troch\u0119 zmniejszy\u0107 wydatki \u2013 wybierz zestaw. Zapewniamy komplety z zeszytami dla ch\u0142opc\u00f3w oraz dziewczynek, a tak\u017ce z neutralnymi kolorami, w formacie A5 b\u0105d\u017a A4, z grubymi albo standardowymi cienkimi ok\u0142adkami. Nasze notesy sprawdzaj\u0105 si\u0119 idealnie na ka\u017cdym poziomie edukacji.<\/p>\n<h2>Interdruk Zeszyt B5\/80K Kratka Hs Karton 10Szt Interdruk<\/h2>\n<p>prezent dla nastolatka, pomys\u0142 na prezent dla nastolatka, oryginalny prezent na roczek dla dziewczynki, z\u0142ote my\u015bli o przyja\u017ani, kolorowanki dla ch\u0142opc\u00f3w do druku, origami dla dzieci, spongebob kolorowanka, nietypowe imiona \u017ce\u0144skie, pozna\u0144 atrakcje dla dzieci, miasto dzieci pl, tekst ko\u0142ysanki<\/p>\n<p>yyyyy<\/p>\n<p>&nbsp;<\/p>\n","protected":false},"excerpt":{"rendered":"<p>Opakowanie zbiorcze 10 sztuk.Zeszyt w kratk\u0119 INTERDRUK formatu B5, 80 kartek.EAN: 5902277325266Najcz\u0119\u015bciej zadawane pytaniaJakie zeszyty kupi\u0107 do klas 1-3 szko\u0142y podstawowej?Dzieci ucz\u0105ce si\u0119 w pocz\u0105tkowych latach szko\u0142y podstawowej powinny zaopatrzy\u0107 si\u0119 w notesy w linie (w trzy kolorowe linie do nauczania pisania oraz \u0107wicze\u0144 kaligrafii), kratk\u0119 i r\u00f3wnie\u017c bruliony pozbawione wzor\u00f3w do rysowania. Uczniowie pierwszej, [&hellip;]<\/p>\n","protected":false},"featured_media":3171,"comment_status":"closed","ping_status":"open","template":"","meta":[],"product_cat":[1018,325],"product_tag":[680,674,711,609],"class_list":["post-3170","product","type-product","status-publish","has-post-thumbnail","hentry","product_cat-interdruk","product_cat-szkolne-artykuly-papiernicze","product_tag-cytaty-z-malego-ksiecia","product_tag-miasto-dzieci","product_tag-prezenty-dla-nastolatkow","product_tag-quiz-flagi-europy"],"_links":{"self":[{"href":"http:\/\/klubmamgdynia.pl\/index.php\/wp-json\/wp\/v2\/product\/3170","targetHints":{"allow":["GET"]}}],"collection":[{"href":"http:\/\/klubmamgdynia.pl\/index.php\/wp-json\/wp\/v2\/product"}],"about":[{"href":"http:\/\/klubmamgdynia.pl\/index.php\/wp-json\/wp\/v2\/types\/product"}],"replies":[{"embeddable":true,"href":"http:\/\/klubmamgdynia.pl\/index.php\/wp-json\/wp\/v2\/comments?post=3170"}],"wp:featuredmedia":[{"embeddable":true,"href":"http:\/\/klubmamgdynia.pl\/index.php\/wp-json\/wp\/v2\/media\/3171"}],"wp:attachment":[{"href":"http:\/\/klubmamgdynia.pl\/index.php\/wp-json\/wp\/v2\/media?parent=3170"}],"wp:term":[{"taxonomy":"product_cat","embeddable":true,"href":"http:\/\/klubmamgdynia.pl\/index.php\/wp-json\/wp\/v2\/product_cat?post=3170"},{"taxonomy":"product_tag","embeddable":true,"href":"http:\/\/klubmamgdynia.pl\/index.php\/wp-json\/wp\/v2\/product_tag?post=3170"}],"curies":[{"name":"wp","href":"https:\/\/api.w.org\/{rel}","templated":true}]}}