{"id":3172,"date":"2021-07-05T00:54:27","date_gmt":"2021-07-04T22:54:27","guid":{"rendered":"http:\/\/klubmamgdynia.pl\/index.php\/produkt\/3-sprouts-pudelko-do-przechowywania-pingwin\/"},"modified":"2026-04-30T06:44:05","modified_gmt":"2026-04-30T04:44:05","slug":"3-sprouts-pudelko-do-przechowywania-pingwin","status":"publish","type":"product","link":"http:\/\/klubmamgdynia.pl\/index.php\/produkt\/3-sprouts-pudelko-do-przechowywania-pingwin\/","title":{"rendered":"3 Sprouts Pude\u0142ko Do Przechowywania Pingwin"},"content":{"rendered":"<h2>3 Sprouts Pude\u0142ko Do Przechowywania Pingwin 3 Sprouts<\/h2>\n<p>imiona z bajek, zaj\u0105czek z jajka ugotowanego, lol kolorowanki do druku, drzewo genealogiczne do druku, kawaly na prima aprilis, cytaty o dzieciach i rodzinie, zagadki \u015bmieszne, jak narysowa\u0107 konia, minecraft quiz, samolot kolorowanka, miko\u0142ajek &#8211; test z odpowiedziami<\/p>\n<p>yyyyy<\/p>\n<p>&nbsp;<\/p>\n","protected":false},"excerpt":{"rendered":"<p>3 Sprouts Pude\u0142ko Do Przechowywania Pingwin 3 Sprouts imiona z bajek, zaj\u0105czek z jajka ugotowanego, lol kolorowanki do druku, drzewo genealogiczne do druku, kawaly na prima aprilis, cytaty o dzieciach i rodzinie, zagadki \u015bmieszne, jak narysowa\u0107 konia, minecraft quiz, samolot kolorowanka, miko\u0142ajek &#8211; test z odpowiedziami yyyyy &nbsp;<\/p>\n","protected":false},"featured_media":3173,"comment_status":"closed","ping_status":"open","template":"","meta":[],"product_cat":[1004,990],"product_tag":[833,863,622],"class_list":["post-3172","product","type-product","status-publish","has-post-thumbnail","hentry","product_cat-3-sprouts","product_cat-skrzynie-i-pojemniki-na-zabawki","product_tag-bajki-dla-dzieci-do-czytania","product_tag-bajki-dla-dziewczynek","product_tag-fajne-zagadki"],"_links":{"self":[{"href":"http:\/\/klubmamgdynia.pl\/index.php\/wp-json\/wp\/v2\/product\/3172","targetHints":{"allow":["GET"]}}],"collection":[{"href":"http:\/\/klubmamgdynia.pl\/index.php\/wp-json\/wp\/v2\/product"}],"about":[{"href":"http:\/\/klubmamgdynia.pl\/index.php\/wp-json\/wp\/v2\/types\/product"}],"replies":[{"embeddable":true,"href":"http:\/\/klubmamgdynia.pl\/index.php\/wp-json\/wp\/v2\/comments?post=3172"}],"wp:featuredmedia":[{"embeddable":true,"href":"http:\/\/klubmamgdynia.pl\/index.php\/wp-json\/wp\/v2\/media\/3173"}],"wp:attachment":[{"href":"http:\/\/klubmamgdynia.pl\/index.php\/wp-json\/wp\/v2\/media?parent=3172"}],"wp:term":[{"taxonomy":"product_cat","embeddable":true,"href":"http:\/\/klubmamgdynia.pl\/index.php\/wp-json\/wp\/v2\/product_cat?post=3172"},{"taxonomy":"product_tag","embeddable":true,"href":"http:\/\/klubmamgdynia.pl\/index.php\/wp-json\/wp\/v2\/product_tag?post=3172"}],"curies":[{"name":"wp","href":"https:\/\/api.w.org\/{rel}","templated":true}]}}