{"id":3178,"date":"2025-06-07T01:44:47","date_gmt":"2025-06-06T23:44:47","guid":{"rendered":"http:\/\/klubmamgdynia.pl\/?post_type=product&#038;p=3178"},"modified":"2026-04-08T21:58:22","modified_gmt":"2026-04-08T19:58:22","slug":"plast-team-pojemnik-na-klocki-lego-jasnorozowy-4003","status":"publish","type":"product","link":"http:\/\/klubmamgdynia.pl\/index.php\/produkt\/plast-team-pojemnik-na-klocki-lego-jasnorozowy-4003\/","title":{"rendered":"Plast Team Pojemnik Na Klocki Lego Jasnor\u00f3\u017cowy 4003"},"content":{"rendered":"<p>Jasnor\u00f3\u017cowy pojemnik z 4 wypustkami stanowi doskona\u0142y wst\u0119p do zabawy w\u2026porz\u0105dki. Do pojemnika mo\u017cna chowa\u0107 kredki, flamastry, przybory szkolne, mniejsze zabawki oraz klocki LEGO\u00ae. Mo\u017cna udekorowa\u0107 nim pok\u00f3j i skorzysta\u0107 z niego podczas konstruowania niesamowitych budowli. Ten du\u017cy klocek mo\u017cna \u0142\u0105czy\u0107 z innymi, tworz\u0105c ca\u0142e segmenty, kt\u00f3re pomog\u0105 w utrzymaniu idealnego porz\u0105dku i stworzeniu atmosfery nieko\u0144cz\u0105cej si\u0119 zabawy. Z kolei mamy najmniejszych mi\u0142o\u015bnik\u00f3w LEGO\u00ae mog\u0105 wykorzysta\u0107 pojemnik do przechowywania pieluch, kosmetyk\u00f3w i akcesori\u00f3w do piel\u0119gnacji niemowl\u0105t.<\/p>\n<h2>Plast Team Pojemnik Na Klocki Lego Jasnor\u00f3\u017cowy 4003 Plast team<\/h2>\n<p>kolorowanka elsa, prezent roczek, kolorowanka kotka, spongebob kolorowanka, szlaczki literopodobne do wydruku, labirynty dla dzieci, jak dobra\u0107 narty dla dziecka, literki do druku, testy ma\u0142y ksi\u0105\u017ce, lukrecja imie, prezent dla dziewczynki 7 lat<\/p>\n<p>yyyyy<\/p>\n<p>&nbsp;<\/p>\n","protected":false},"excerpt":{"rendered":"<p>Jasnor\u00f3\u017cowy pojemnik z 4 wypustkami stanowi doskona\u0142y wst\u0119p do zabawy w\u2026porz\u0105dki. Do pojemnika mo\u017cna chowa\u0107 kredki, flamastry, przybory szkolne, mniejsze zabawki oraz klocki LEGO\u00ae. Mo\u017cna udekorowa\u0107 nim pok\u00f3j i skorzysta\u0107 z niego podczas konstruowania niesamowitych budowli. Ten du\u017cy klocek mo\u017cna \u0142\u0105czy\u0107 z innymi, tworz\u0105c ca\u0142e segmenty, kt\u00f3re pomog\u0105 w utrzymaniu idealnego porz\u0105dku i stworzeniu atmosfery [&hellip;]<\/p>\n","protected":false},"featured_media":3179,"comment_status":"closed","ping_status":"open","template":"","meta":[],"product_cat":[1009,990],"product_tag":[697,665,771,576,822],"class_list":["post-3178","product","type-product","status-publish","has-post-thumbnail","hentry","product_cat-plast-team","product_cat-skrzynie-i-pojemniki-na-zabawki","product_tag-krotkie-bajki-do-czytania","product_tag-proste-zagadki","product_tag-stolice-europy-quiz","product_tag-trudne-zagadki","product_tag-wierszyki-o-wakacjach-krotkie"],"_links":{"self":[{"href":"http:\/\/klubmamgdynia.pl\/index.php\/wp-json\/wp\/v2\/product\/3178","targetHints":{"allow":["GET"]}}],"collection":[{"href":"http:\/\/klubmamgdynia.pl\/index.php\/wp-json\/wp\/v2\/product"}],"about":[{"href":"http:\/\/klubmamgdynia.pl\/index.php\/wp-json\/wp\/v2\/types\/product"}],"replies":[{"embeddable":true,"href":"http:\/\/klubmamgdynia.pl\/index.php\/wp-json\/wp\/v2\/comments?post=3178"}],"wp:featuredmedia":[{"embeddable":true,"href":"http:\/\/klubmamgdynia.pl\/index.php\/wp-json\/wp\/v2\/media\/3179"}],"wp:attachment":[{"href":"http:\/\/klubmamgdynia.pl\/index.php\/wp-json\/wp\/v2\/media?parent=3178"}],"wp:term":[{"taxonomy":"product_cat","embeddable":true,"href":"http:\/\/klubmamgdynia.pl\/index.php\/wp-json\/wp\/v2\/product_cat?post=3178"},{"taxonomy":"product_tag","embeddable":true,"href":"http:\/\/klubmamgdynia.pl\/index.php\/wp-json\/wp\/v2\/product_tag?post=3178"}],"curies":[{"name":"wp","href":"https:\/\/api.w.org\/{rel}","templated":true}]}}