{"id":3180,"date":"2010-10-23T01:13:40","date_gmt":"2010-10-22T23:13:40","guid":{"rendered":"http:\/\/klubmamgdynia.pl\/index.php\/produkt\/yellow-tipi-puf-candy-jar-butelkowa-zielen-posh-velvet-o40x40cm-195570413\/"},"modified":"2026-04-30T18:52:22","modified_gmt":"2026-04-30T16:52:22","slug":"yellow-tipi-puf-candy-jar-butelkowa-zielen-posh-velvet-o40x40cm-195570413","status":"publish","type":"product","link":"http:\/\/klubmamgdynia.pl\/index.php\/produkt\/yellow-tipi-puf-candy-jar-butelkowa-zielen-posh-velvet-o40x40cm-195570413\/","title":{"rendered":"Yellow Tipi Puf Candy Jar Butelkowa Ziele\u0144 Posh Velvet \u00f840x40cm (195570413)"},"content":{"rendered":"<p>Ten designerski puf jest nie tylko zjawiskowy, ale te\u017c niezwykle funkcjonalny.Posiada zdejmowan\u0105 pokryw\u0119, dzi\u0119ki czemu jest idealny do przechowywania skarb\u00f3w. Wykonany z najwi\u0119ksz\u0105 staranno\u015bci\u0105 z przyjemnego w dotyku velvetu, wniesie do pokoju Twojej pociechy odrobin\u0119 elegancji. Pomo\u017ce Twojemu maluchowi utrzyma\u0107 porz\u0105dek oraz b\u0119dzie jego ulubionym siedziskiem. Puf Velvet Honey zrobimy dla Was z ka\u017cdej tkaniny z bestsellerowej kolekcji Posh Velvet. Wymiary: szer. 40 cm, wys. 40 cm.<\/p>\n<h2>Yellow Tipi Puf Candy Jar Butelkowa Ziele\u0144 Posh Velvet \u00f840x40cm (195570413) Yellow Tipi<\/h2>\n<p>prezent dla 16 latki, prank na prima aprilis, co na prezent dla 7 latki, kolorowanki do druku pieski, szablony do wyklejania plastelin\u0105<\/p>\n<p>yyyyy<\/p>\n<p>&nbsp;<\/p>\n","protected":false},"excerpt":{"rendered":"<p>Ten designerski puf jest nie tylko zjawiskowy, ale te\u017c niezwykle funkcjonalny.Posiada zdejmowan\u0105 pokryw\u0119, dzi\u0119ki czemu jest idealny do przechowywania skarb\u00f3w. Wykonany z najwi\u0119ksz\u0105 staranno\u015bci\u0105 z przyjemnego w dotyku velvetu, wniesie do pokoju Twojej pociechy odrobin\u0119 elegancji. Pomo\u017ce Twojemu maluchowi utrzyma\u0107 porz\u0105dek oraz b\u0119dzie jego ulubionym siedziskiem. Puf Velvet Honey zrobimy dla Was z ka\u017cdej tkaniny [&hellip;]<\/p>\n","protected":false},"featured_media":3181,"comment_status":"closed","ping_status":"open","template":"","meta":[],"product_cat":[990,287],"product_tag":[613,609,636,628],"class_list":["post-3180","product","type-product","status-publish","has-post-thumbnail","hentry","product_cat-skrzynie-i-pojemniki-na-zabawki","product_cat-yellow-tipi","product_tag-na-wyspach-bergamutach","product_tag-quiz-flagi-europy","product_tag-teksty-kolysanek","product_tag-zagadka"],"_links":{"self":[{"href":"http:\/\/klubmamgdynia.pl\/index.php\/wp-json\/wp\/v2\/product\/3180","targetHints":{"allow":["GET"]}}],"collection":[{"href":"http:\/\/klubmamgdynia.pl\/index.php\/wp-json\/wp\/v2\/product"}],"about":[{"href":"http:\/\/klubmamgdynia.pl\/index.php\/wp-json\/wp\/v2\/types\/product"}],"replies":[{"embeddable":true,"href":"http:\/\/klubmamgdynia.pl\/index.php\/wp-json\/wp\/v2\/comments?post=3180"}],"wp:featuredmedia":[{"embeddable":true,"href":"http:\/\/klubmamgdynia.pl\/index.php\/wp-json\/wp\/v2\/media\/3181"}],"wp:attachment":[{"href":"http:\/\/klubmamgdynia.pl\/index.php\/wp-json\/wp\/v2\/media?parent=3180"}],"wp:term":[{"taxonomy":"product_cat","embeddable":true,"href":"http:\/\/klubmamgdynia.pl\/index.php\/wp-json\/wp\/v2\/product_cat?post=3180"},{"taxonomy":"product_tag","embeddable":true,"href":"http:\/\/klubmamgdynia.pl\/index.php\/wp-json\/wp\/v2\/product_tag?post=3180"}],"curies":[{"name":"wp","href":"https:\/\/api.w.org\/{rel}","templated":true}]}}