{"id":3184,"date":"2021-07-31T19:44:30","date_gmt":"2021-07-31T17:44:30","guid":{"rendered":"http:\/\/klubmamgdynia.pl\/index.php\/produkt\/plast-team-pojemnik-lego-glowa-s-dziewczynka-403126-4031\/"},"modified":"2026-04-27T06:12:39","modified_gmt":"2026-04-27T04:12:39","slug":"plast-team-pojemnik-lego-glowa-s-dziewczynka-403126-4031","status":"publish","type":"product","link":"http:\/\/klubmamgdynia.pl\/index.php\/produkt\/plast-team-pojemnik-lego-glowa-s-dziewczynka-403126-4031\/","title":{"rendered":"Plast Team Pojemnik Lego G\u0142owa S Dziewczynka 403126 4031"},"content":{"rendered":"<p>LEGO Pojemnik g\u0142owa SPude\u0142ko w kszta\u0142cie g\u0142owy do klock\u00f3w LEGO zach\u0119ci Twoje dziecko do utrzymywania porz\u0105dku, ale te\u017c samo w sobie b\u0119dzie ozdob\u0105 pokoju. Dwuelementowy pojemnik na klocki w charakterystycznym dla firmy LEGO \u017c\u00f3\u0142tym kolorze wykonany jest z wysokiej jako\u015bci tworzywa PCV (zgodnego z wymogami UE w zakresie bezpiecze\u0144stwa dla dzieci), co stanowi o wytrzyma\u0142o\u015bci produktu. Zalet\u0105 pojemnika jest te\u017c jego rozmiar S (wymiary: 19 cm x 16 cm x 16 cm), dzi\u0119ki kt\u00f3remu ludzik pomie\u015bci jeszcze wi\u0119cej dzieci\u0119cych skarb\u00f3w.Pojemnik LEGO s\u0142u\u017cy do przechowywania klock\u00f3w i innych zabawek, ale sam w sobie r\u00f3wnie\u017c jest \u015bwietn\u0105 zabawk\u0105. Tym bardziej, \u017ce mo\u017cna \u0142\u0105czy\u0107 go niczym tradycyjne klocki z innymi pude\u0142kami z serii LEGO. Je\u015bli wi\u0119c Twoje dziecko uwielbia klocki, to mo\u017ce zamiast kolejnego zestawu do z\u0142o\u017cenia, kup mu jeden wielki pojemnik? G\u0142owa ch\u0142opca LEGO, stoj\u0105ca dumnie na regale, b\u0119dzie estetycznym i praktycznym \u015bwiadectwem pasji Twojego malucha, kt\u00f3ry od tej pory z u\u015bmiechem b\u0119dzie reagowa\u0142 na has\u0142o: \u201eposprz\u0105taj klocki!\u201d. U\u015bmiechni\u0119ty ludzik zara\u017ca dobrym humorem nie tylko dziecko, ale i rodzic\u00f3w, dla kt\u00f3rych uporanie si\u0119 z ba\u0142aganem w ko\u0144cu b\u0119dzie \u0142atwiejsze.W naszym sklepie dost\u0119pne s\u0105 r\u00f3wnie\u017c inne klocki-pojemniki, kt\u00f3re \u0142\u0105cz\u0105 si\u0119 z podobnymi elementami z serii, g\u0142owa ch\u0142opca mo\u017ce by\u0107 wi\u0119c pocz\u0105tkiem ciekawej kolekcji, dzi\u0119ki czemu przez najbli\u017cszy czas nie zabraknie Ci pomys\u0142\u00f3w na prezent dla malucha.DANE PRODUKTUProducent: LEGOSeria: PojemnikiSugerowany wiek: 3+Wymiary G\u0142owy: 19 cm x 16 cm x 16 cm<\/p>\n<h2>Plast Team Pojemnik Lego G\u0142owa S Dziewczynka 403126 4031 Plast team<\/h2>\n<p>\u0142atwe zagadki, quiz z bajek, spongebob kolorowanka, kolorowanka kotek, zabawka na roczek dla ch\u0142opca, motyl kolorowanka, dobrej nocy i sza, lucyna, cicha noc po angielsku, postacie z bajek kolorowanki do wydrukowania, \u0142amig\u0142owki do druku, maski do druku kolorowe, prezent dla nastolatek<\/p>\n<p>yyyyy<\/p>\n<p>&nbsp;<\/p>\n","protected":false},"excerpt":{"rendered":"<p>LEGO Pojemnik g\u0142owa SPude\u0142ko w kszta\u0142cie g\u0142owy do klock\u00f3w LEGO zach\u0119ci Twoje dziecko do utrzymywania porz\u0105dku, ale te\u017c samo w sobie b\u0119dzie ozdob\u0105 pokoju. Dwuelementowy pojemnik na klocki w charakterystycznym dla firmy LEGO \u017c\u00f3\u0142tym kolorze wykonany jest z wysokiej jako\u015bci tworzywa PCV (zgodnego z wymogami UE w zakresie bezpiecze\u0144stwa dla dzieci), co stanowi o wytrzyma\u0142o\u015bci [&hellip;]<\/p>\n","protected":false},"featured_media":3185,"comment_status":"closed","ping_status":"open","template":"","meta":[],"product_cat":[1009,990],"product_tag":[834,816,774,647,679,623],"class_list":["post-3184","product","type-product","status-publish","has-post-thumbnail","hentry","product_cat-plast-team","product_cat-skrzynie-i-pojemniki-na-zabawki","product_tag-bajka-do-czytania-na-dobranoc","product_tag-place-zabaw-warszawa","product_tag-prezent-na-roczek-nie-zabawka","product_tag-warszawa-z-dzieckiem","product_tag-zabawki-na-roczek-dla-dziewczynki","product_tag-zagadki-logiczne-smieszne"],"_links":{"self":[{"href":"http:\/\/klubmamgdynia.pl\/index.php\/wp-json\/wp\/v2\/product\/3184","targetHints":{"allow":["GET"]}}],"collection":[{"href":"http:\/\/klubmamgdynia.pl\/index.php\/wp-json\/wp\/v2\/product"}],"about":[{"href":"http:\/\/klubmamgdynia.pl\/index.php\/wp-json\/wp\/v2\/types\/product"}],"replies":[{"embeddable":true,"href":"http:\/\/klubmamgdynia.pl\/index.php\/wp-json\/wp\/v2\/comments?post=3184"}],"wp:featuredmedia":[{"embeddable":true,"href":"http:\/\/klubmamgdynia.pl\/index.php\/wp-json\/wp\/v2\/media\/3185"}],"wp:attachment":[{"href":"http:\/\/klubmamgdynia.pl\/index.php\/wp-json\/wp\/v2\/media?parent=3184"}],"wp:term":[{"taxonomy":"product_cat","embeddable":true,"href":"http:\/\/klubmamgdynia.pl\/index.php\/wp-json\/wp\/v2\/product_cat?post=3184"},{"taxonomy":"product_tag","embeddable":true,"href":"http:\/\/klubmamgdynia.pl\/index.php\/wp-json\/wp\/v2\/product_tag?post=3184"}],"curies":[{"name":"wp","href":"https:\/\/api.w.org\/{rel}","templated":true}]}}