{"id":319,"date":"2022-03-07T18:20:31","date_gmt":"2022-03-07T17:20:31","guid":{"rendered":"http:\/\/klubmamgdynia.pl\/?post_type=product&#038;p=319"},"modified":"2026-04-28T12:52:48","modified_gmt":"2026-04-28T10:52:48","slug":"kindsgut-koc-dla-maluchow-w-kolorze-szarym-90x70cm","status":"publish","type":"product","link":"http:\/\/klubmamgdynia.pl\/index.php\/produkt\/kindsgut-koc-dla-maluchow-w-kolorze-szarym-90x70cm\/","title":{"rendered":"Kindsgut Koc Dla Maluch\u00f3w W Kolorze Szarym 90X70Cm"},"content":{"rendered":"<p>Kocyk do raczkowania z Kindsgut ma przytulnie mi\u0119kk\u0105 tkanin\u0119 zewn\u0119trzn\u0105 wykonan\u0105 w 100% z certyfikowanej bawe\u0142ny (STANDARD 100 wg OEKO-TEX\u00ae) i jest idealnym wsparciem dla dziecka, poniewa\u017c jego rozmiar zapewnia wystarczaj\u0105co du\u017co miejsca do zabawy i raczkowania. Ponadto, naturalna i mi\u0119kka bawe\u0142na jest przyjemna w dotyku i elastyczna. Dzi\u0119ki eleganckiej stronie Design koc idealnie pasuje do modern en wygl\u0105du pokoju dzieci\u0119cego lub dziennego, a subtelne kolory sprawiaj\u0105, \u017ce pe\u0142zaj\u0105cy koc przyci\u0105ga wzrok i jest prawdziwym hitem light w Twoim domu. Szczeg\u00f3\u0142y produktu Kolor: szary Idealny do zabawy i raczkowania: Wysokiej jako\u015bci przetworzony koc do raczkowania (wy\u015bcie\u0142any) dla Twojego dziecka z mi\u0119kk\u0105 tkanin\u0105 zewn\u0119trzn\u0105 wykonan\u0105 w 100% z bawe\u0142ny (STANDARD 100 wg OEKO-TEX\u00ae) Nadaje si\u0119 r\u00f3wnie\u017c na zewn\u0105trz lub na outdoor Materia\u0142y przyjazne dla \u015brodowiska nie zawiera substancji szkodliwych i jest odpowiedni dla dzieci Wymiary: 90 x 70 cm Waga: ok. 1,1 kg Materia\u0142 i piel\u0119gnacja: Materia\u0142 100% bawe\u0142na Wype\u0142nienie: 100% poliester (400gr.\/m\u00b2) Mo\u017cna pra\u0107 w temperaturze do 40 \u00b0C<\/p>\n<h2>Kindsgut Koc Dla Maluch\u00f3w W Kolorze Szarym 90X70Cm Kindsgut<\/h2>\n<p>kotek kolorowanka, gotowe zaproszenia na urodziny do wydrukowania, kolorowanki dla ch\u0142opc\u00f3w do druku, ju\u017c blisko kol\u0119da tekst, pch\u0142y na noc, stanis\u0142awa znaczenie imienia, wzruszaj\u0105ce s\u0142owa dla przyjaci\u00f3\u0142ki, felix net i nika oraz gang niewidzialnych ludzi test z odpowiedziami, kartka walentynkowa r\u0119cznie robiona \u0142atwa, znaczenie imienia julian<\/p>\n<p>yyyyy<\/p>\n<p>&nbsp;<\/p>\n","protected":false},"excerpt":{"rendered":"<p>Kocyk do raczkowania z Kindsgut ma przytulnie mi\u0119kk\u0105 tkanin\u0119 zewn\u0119trzn\u0105 wykonan\u0105 w 100% z certyfikowanej bawe\u0142ny (STANDARD 100 wg OEKO-TEX\u00ae) i jest idealnym wsparciem dla dziecka, poniewa\u017c jego rozmiar zapewnia wystarczaj\u0105co du\u017co miejsca do zabawy i raczkowania. Ponadto, naturalna i mi\u0119kka bawe\u0142na jest przyjemna w dotyku i elastyczna. Dzi\u0119ki eleganckiej stronie Design koc idealnie pasuje [&hellip;]<\/p>\n","protected":false},"featured_media":320,"comment_status":"closed","ping_status":"open","template":"","meta":[],"product_cat":[139,55],"product_tag":[863,784,773],"class_list":["post-319","product","type-product","status-publish","has-post-thumbnail","hentry","product_cat-kindsgut","product_cat-maty-edukacyjne","product_tag-bajki-dla-dziewczynek","product_tag-hymn-gorniczy","product_tag-test-z-lektury-opowiesci-z-narnii-lew-czarownica-i-stara-szafa"],"_links":{"self":[{"href":"http:\/\/klubmamgdynia.pl\/index.php\/wp-json\/wp\/v2\/product\/319","targetHints":{"allow":["GET"]}}],"collection":[{"href":"http:\/\/klubmamgdynia.pl\/index.php\/wp-json\/wp\/v2\/product"}],"about":[{"href":"http:\/\/klubmamgdynia.pl\/index.php\/wp-json\/wp\/v2\/types\/product"}],"replies":[{"embeddable":true,"href":"http:\/\/klubmamgdynia.pl\/index.php\/wp-json\/wp\/v2\/comments?post=319"}],"wp:featuredmedia":[{"embeddable":true,"href":"http:\/\/klubmamgdynia.pl\/index.php\/wp-json\/wp\/v2\/media\/320"}],"wp:attachment":[{"href":"http:\/\/klubmamgdynia.pl\/index.php\/wp-json\/wp\/v2\/media?parent=319"}],"wp:term":[{"taxonomy":"product_cat","embeddable":true,"href":"http:\/\/klubmamgdynia.pl\/index.php\/wp-json\/wp\/v2\/product_cat?post=319"},{"taxonomy":"product_tag","embeddable":true,"href":"http:\/\/klubmamgdynia.pl\/index.php\/wp-json\/wp\/v2\/product_tag?post=319"}],"curies":[{"name":"wp","href":"https:\/\/api.w.org\/{rel}","templated":true}]}}