{"id":3196,"date":"2023-03-21T11:50:16","date_gmt":"2023-03-21T10:50:16","guid":{"rendered":"http:\/\/klubmamgdynia.pl\/?post_type=product&#038;p=3196"},"modified":"2026-04-24T17:08:08","modified_gmt":"2026-04-24T15:08:08","slug":"zeszyt-a5-16-kartek-linia-dwukolorowa-mix-wzorow-15-sztuk","status":"publish","type":"product","link":"http:\/\/klubmamgdynia.pl\/index.php\/produkt\/zeszyt-a5-16-kartek-linia-dwukolorowa-mix-wzorow-15-sztuk\/","title":{"rendered":"Zeszyt A5 16 Kartek Linia Dwukolorowa (Mix Wzor\u00f3w) 15 Sztuk"},"content":{"rendered":"<p>&#8211; najszybsza wysy\u0142ka!<\/p>\n<h2>Zeszyt A5 16 Kartek Linia Dwukolorowa (Mix Wzor\u00f3w) 15 Sztuk <\/h2>\n<p>znaczenie imienia lilia, kolorowanki, literki do druku, cytaty o dzieciach, roczek prezenty, kolorowanki minionki, j\u0119zyk polski dla dzieci z ukrainy, zagadki, kolorowanka lego ninjago, maski superbohater\u00f3w do wydrukowania, marianna, cukierku ty \u0142obuzie test<\/p>\n<p>yyyyy<\/p>\n<p>&nbsp;<\/p>\n","protected":false},"excerpt":{"rendered":"<p>&#8211; najszybsza wysy\u0142ka! Zeszyt A5 16 Kartek Linia Dwukolorowa (Mix Wzor\u00f3w) 15 Sztuk znaczenie imienia lilia, kolorowanki, literki do druku, cytaty o dzieciach, roczek prezenty, kolorowanki minionki, j\u0119zyk polski dla dzieci z ukrainy, zagadki, kolorowanka lego ninjago, maski superbohater\u00f3w do wydrukowania, marianna, cukierku ty \u0142obuzie test yyyyy &nbsp;<\/p>\n","protected":false},"featured_media":3197,"comment_status":"closed","ping_status":"open","template":"","meta":[],"product_cat":[325],"product_tag":[790,670,583,743,757],"class_list":["post-3196","product","type-product","status-publish","has-post-thumbnail","hentry","product_cat-szkolne-artykuly-papiernicze","product_tag-gry-planszowe-dla-nastolatkow","product_tag-irma","product_tag-kolysanki-dla-dzieci-tekst","product_tag-quiz-dla-dzieci","product_tag-test-z-lektury-ania-z-zielonego-wzgorza-klasa-6-z-odpowiedziami"],"_links":{"self":[{"href":"http:\/\/klubmamgdynia.pl\/index.php\/wp-json\/wp\/v2\/product\/3196","targetHints":{"allow":["GET"]}}],"collection":[{"href":"http:\/\/klubmamgdynia.pl\/index.php\/wp-json\/wp\/v2\/product"}],"about":[{"href":"http:\/\/klubmamgdynia.pl\/index.php\/wp-json\/wp\/v2\/types\/product"}],"replies":[{"embeddable":true,"href":"http:\/\/klubmamgdynia.pl\/index.php\/wp-json\/wp\/v2\/comments?post=3196"}],"wp:featuredmedia":[{"embeddable":true,"href":"http:\/\/klubmamgdynia.pl\/index.php\/wp-json\/wp\/v2\/media\/3197"}],"wp:attachment":[{"href":"http:\/\/klubmamgdynia.pl\/index.php\/wp-json\/wp\/v2\/media?parent=3196"}],"wp:term":[{"taxonomy":"product_cat","embeddable":true,"href":"http:\/\/klubmamgdynia.pl\/index.php\/wp-json\/wp\/v2\/product_cat?post=3196"},{"taxonomy":"product_tag","embeddable":true,"href":"http:\/\/klubmamgdynia.pl\/index.php\/wp-json\/wp\/v2\/product_tag?post=3196"}],"curies":[{"name":"wp","href":"https:\/\/api.w.org\/{rel}","templated":true}]}}