{"id":32,"date":"2022-10-20T00:27:28","date_gmt":"2022-10-19T22:27:28","guid":{"rendered":"http:\/\/klubmamgdynia.pl\/index.php\/produkt\/close-parent-zestaw-dodatkowych-wkladow-bambusowych-do-pieluszek-pop-in-v2\/"},"modified":"2026-04-05T21:09:51","modified_gmt":"2026-04-05T19:09:51","slug":"close-parent-zestaw-dodatkowych-wkladow-bambusowych-do-pieluszek-pop-in-v2","status":"publish","type":"product","link":"http:\/\/klubmamgdynia.pl\/index.php\/produkt\/close-parent-zestaw-dodatkowych-wkladow-bambusowych-do-pieluszek-pop-in-v2\/","title":{"rendered":"Close Parent Zestaw dodatkowych wk\u0142ad\u00f3w bambusowych do pieluszek Pop-In V2"},"content":{"rendered":"<p>Kiedy Twoje dziecko zmoczy pieluszk\u0119, wystarczy wypi\u0105\u0107 wk\u0142ady mokre i wpi\u0105\u0107 \u015bwie\u017ce, czyli zestaw dw\u00f3ch wk\u0142ad\u00f3w bambusowych. To rewelacyjne rozwi\u0105zanie pozwala na korzystanie z jednej os\u0142onki Pop-in nawet przez ca\u0142y dzie\u0144 &#8211; o ile Twoj szkrab nie wybrudzi jej kupk\u0105 :). Nawet je\u015bli os\u0142onk\u0119 trzeba b\u0119dzie wypra\u0107, to schnie ona ekspresowo i jest niemal sucha tu\u017c po wyci\u0105gni\u0119ciu z pralki!<\/p>\n<p>\u00a0<\/p>\n<p>Materia\u0142: bambus<\/p>\n<p>Rozmiar: uniwersalny (one size)<\/p>\n<p>Kolor: bia\u0142y \u00a0(wk\u0142ady popielate dost\u0119pne tylko w zestawie z pieluszk\u0105)<\/p>\n<p>\u00a0<\/p>\n<\/p>\n<p>\u00a0<\/p>\n<p>Opis produktu zastrze\u017cony.<\/p>\n<h2>Close Parent Zestaw dodatkowych wk\u0142ad\u00f3w bambusowych do pieluszek Pop-In V2 Close<\/h2>\n<p>zaproszenia urodzinowe do wydruku chomikuj, jak zrobi\u0107 samolot z papieru, cookie dough przepis, praktyczny prezent dla rocznego dziecka, zabawy logiczne dla dzieci, zagadki o bajkach, list do sw mikolaja, kolorowanki \u015bwi\u0105teczne do druku pdf, wydarzenia warszawa dzisiaj, darmowe kolorowanki kolorowanki dla dziewczynek, \u017carty na prima aprilis w domu, konkurs dla dzieci<\/p>\n<p>yyyyy<\/p>\n<p>&nbsp;<\/p>\n","protected":false},"excerpt":{"rendered":"<p>Kiedy Twoje dziecko zmoczy pieluszk\u0119, wystarczy wypi\u0105\u0107 wk\u0142ady mokre i wpi\u0105\u0107 \u015bwie\u017ce, czyli zestaw dw\u00f3ch wk\u0142ad\u00f3w bambusowych. To rewelacyjne rozwi\u0105zanie pozwala na korzystanie z jednej os\u0142onki Pop-in nawet przez ca\u0142y dzie\u0144 &#8211; o ile Twoj szkrab nie wybrudzi jej kupk\u0105 :). Nawet je\u015bli os\u0142onk\u0119 trzeba b\u0119dzie wypra\u0107, to schnie ona ekspresowo i jest niemal sucha [&hellip;]<\/p>\n","protected":false},"featured_media":33,"comment_status":"closed","ping_status":"open","template":"","meta":[],"product_cat":[22,17],"product_tag":[747,613,596,804],"class_list":["post-32","product","type-product","status-publish","has-post-thumbnail","hentry","product_cat-close","product_cat-pieluchy","product_tag-malowanki-do-druku","product_tag-na-wyspach-bergamutach","product_tag-pomysly-na-prima-aprilis","product_tag-ryz-z-owocami"],"_links":{"self":[{"href":"http:\/\/klubmamgdynia.pl\/index.php\/wp-json\/wp\/v2\/product\/32","targetHints":{"allow":["GET"]}}],"collection":[{"href":"http:\/\/klubmamgdynia.pl\/index.php\/wp-json\/wp\/v2\/product"}],"about":[{"href":"http:\/\/klubmamgdynia.pl\/index.php\/wp-json\/wp\/v2\/types\/product"}],"replies":[{"embeddable":true,"href":"http:\/\/klubmamgdynia.pl\/index.php\/wp-json\/wp\/v2\/comments?post=32"}],"wp:featuredmedia":[{"embeddable":true,"href":"http:\/\/klubmamgdynia.pl\/index.php\/wp-json\/wp\/v2\/media\/33"}],"wp:attachment":[{"href":"http:\/\/klubmamgdynia.pl\/index.php\/wp-json\/wp\/v2\/media?parent=32"}],"wp:term":[{"taxonomy":"product_cat","embeddable":true,"href":"http:\/\/klubmamgdynia.pl\/index.php\/wp-json\/wp\/v2\/product_cat?post=32"},{"taxonomy":"product_tag","embeddable":true,"href":"http:\/\/klubmamgdynia.pl\/index.php\/wp-json\/wp\/v2\/product_tag?post=32"}],"curies":[{"name":"wp","href":"https:\/\/api.w.org\/{rel}","templated":true}]}}