{"id":3200,"date":"2012-02-11T14:10:37","date_gmt":"2012-02-11T13:10:37","guid":{"rendered":"http:\/\/klubmamgdynia.pl\/index.php\/produkt\/artglob-plan-lekcji-mapa-nieba-mlodego-odkrywcy\/"},"modified":"2026-04-29T20:45:23","modified_gmt":"2026-04-29T18:45:23","slug":"artglob-plan-lekcji-mapa-nieba-mlodego-odkrywcy","status":"publish","type":"product","link":"http:\/\/klubmamgdynia.pl\/index.php\/produkt\/artglob-plan-lekcji-mapa-nieba-mlodego-odkrywcy\/","title":{"rendered":"Artglob Plan Lekcji Mapa Nieba M\u0142odego Odkrywcy"},"content":{"rendered":"<p>PLAN LEKCJI MAPA NIEBA M\u0141ODEGO ODKRYWCY ARTGLOB<\/p>\n<h2>Artglob Plan Lekcji Mapa Nieba M\u0142odego Odkrywcy Artglob<\/h2>\n<p>pi\u0119kne kr\u00f3tkie wiersze, zagadki dla dzieci 10-12 lat trudne, quizy dla dzieci 7 lat, cytaty przyja\u017a\u0144, prezenty na roczek dla ch\u0142opca, kr\u00f3tkie zagadki dla doros\u0142ych, zagadki dla dzieci 7-8 lat, zagdki, darmowy szablon list do miko\u0142aja, bruno, wobies, niech \u017cyj\u0105 wakacje, rado\u015b\u0107 dziecka cytaty, wroc\u0142aw atrakcje dla dzieci<\/p>\n<p>yyyyy<\/p>\n<p>&nbsp;<\/p>\n","protected":false},"excerpt":{"rendered":"<p>PLAN LEKCJI MAPA NIEBA M\u0141ODEGO ODKRYWCY ARTGLOB Artglob Plan Lekcji Mapa Nieba M\u0142odego Odkrywcy Artglob pi\u0119kne kr\u00f3tkie wiersze, zagadki dla dzieci 10-12 lat trudne, quizy dla dzieci 7 lat, cytaty przyja\u017a\u0144, prezenty na roczek dla ch\u0142opca, kr\u00f3tkie zagadki dla doros\u0142ych, zagadki dla dzieci 7-8 lat, zagdki, darmowy szablon list do miko\u0142aja, bruno, wobies, niech \u017cyj\u0105 [&hellip;]<\/p>\n","protected":false},"featured_media":3201,"comment_status":"closed","ping_status":"open","template":"","meta":[],"product_cat":[1019,325],"product_tag":[670,826,803],"class_list":["post-3200","product","type-product","status-publish","has-post-thumbnail","hentry","product_cat-artglob","product_cat-szkolne-artykuly-papiernicze","product_tag-irma","product_tag-prezent-dla-15-latka","product_tag-szlaczki-do-druku"],"_links":{"self":[{"href":"http:\/\/klubmamgdynia.pl\/index.php\/wp-json\/wp\/v2\/product\/3200","targetHints":{"allow":["GET"]}}],"collection":[{"href":"http:\/\/klubmamgdynia.pl\/index.php\/wp-json\/wp\/v2\/product"}],"about":[{"href":"http:\/\/klubmamgdynia.pl\/index.php\/wp-json\/wp\/v2\/types\/product"}],"replies":[{"embeddable":true,"href":"http:\/\/klubmamgdynia.pl\/index.php\/wp-json\/wp\/v2\/comments?post=3200"}],"wp:featuredmedia":[{"embeddable":true,"href":"http:\/\/klubmamgdynia.pl\/index.php\/wp-json\/wp\/v2\/media\/3201"}],"wp:attachment":[{"href":"http:\/\/klubmamgdynia.pl\/index.php\/wp-json\/wp\/v2\/media?parent=3200"}],"wp:term":[{"taxonomy":"product_cat","embeddable":true,"href":"http:\/\/klubmamgdynia.pl\/index.php\/wp-json\/wp\/v2\/product_cat?post=3200"},{"taxonomy":"product_tag","embeddable":true,"href":"http:\/\/klubmamgdynia.pl\/index.php\/wp-json\/wp\/v2\/product_tag?post=3200"}],"curies":[{"name":"wp","href":"https:\/\/api.w.org\/{rel}","templated":true}]}}