{"id":3202,"date":"2021-12-04T04:29:24","date_gmt":"2021-12-04T03:29:24","guid":{"rendered":"http:\/\/klubmamgdynia.pl\/index.php\/produkt\/kosz-na-zabawki-princess\/"},"modified":"2026-04-07T12:36:46","modified_gmt":"2026-04-07T10:36:46","slug":"kosz-na-zabawki-princess","status":"publish","type":"product","link":"http:\/\/klubmamgdynia.pl\/index.php\/produkt\/kosz-na-zabawki-princess\/","title":{"rendered":"Kosz Na Zabawki Princess"},"content":{"rendered":"<p>Kosz wykonany jest z poliestrowej siatki ozdobionej motywami Disneya.Pozwala na utrzymanie porz\u0105dku w pokoju dzieci\u0119cym.Idealnie nadaje si\u0119 do przechowywania zabawek, ubranek itp.<\/p>\n<h2>Kosz Na Zabawki Princess Seven<\/h2>\n<p>zadania dla dzieci z ukrainy, \u0142amig\u0142\u00f3wki s\u0142owne, jak namalowa\u0107 psa, kolorowanki do druku lol, kolorowanka my little pony, quiz dzieci z bullerbyn, atrakcje dla dzieci w warszawie dzi\u015b<\/p>\n<p>yyyyy<\/p>\n<p>&nbsp;<\/p>\n","protected":false},"excerpt":{"rendered":"<p>Kosz wykonany jest z poliestrowej siatki ozdobionej motywami Disneya.Pozwala na utrzymanie porz\u0105dku w pokoju dzieci\u0119cym.Idealnie nadaje si\u0119 do przechowywania zabawek, ubranek itp. Kosz Na Zabawki Princess Seven zadania dla dzieci z ukrainy, \u0142amig\u0142\u00f3wki s\u0142owne, jak namalowa\u0107 psa, kolorowanki do druku lol, kolorowanka my little pony, quiz dzieci z bullerbyn, atrakcje dla dzieci w warszawie dzi\u015b [&hellip;]<\/p>\n","protected":false},"featured_media":3203,"comment_status":"closed","ping_status":"open","template":"","meta":[],"product_cat":[1020,990],"product_tag":[750,870,793],"class_list":["post-3202","product","type-product","status-publish","has-post-thumbnail","hentry","product_cat-seven","product_cat-skrzynie-i-pojemniki-na-zabawki","product_tag-imie-kostek","product_tag-prezent-dla-chlopca-na-roczek","product_tag-zagadki-smieszne-podchwytliwe"],"_links":{"self":[{"href":"http:\/\/klubmamgdynia.pl\/index.php\/wp-json\/wp\/v2\/product\/3202","targetHints":{"allow":["GET"]}}],"collection":[{"href":"http:\/\/klubmamgdynia.pl\/index.php\/wp-json\/wp\/v2\/product"}],"about":[{"href":"http:\/\/klubmamgdynia.pl\/index.php\/wp-json\/wp\/v2\/types\/product"}],"replies":[{"embeddable":true,"href":"http:\/\/klubmamgdynia.pl\/index.php\/wp-json\/wp\/v2\/comments?post=3202"}],"wp:featuredmedia":[{"embeddable":true,"href":"http:\/\/klubmamgdynia.pl\/index.php\/wp-json\/wp\/v2\/media\/3203"}],"wp:attachment":[{"href":"http:\/\/klubmamgdynia.pl\/index.php\/wp-json\/wp\/v2\/media?parent=3202"}],"wp:term":[{"taxonomy":"product_cat","embeddable":true,"href":"http:\/\/klubmamgdynia.pl\/index.php\/wp-json\/wp\/v2\/product_cat?post=3202"},{"taxonomy":"product_tag","embeddable":true,"href":"http:\/\/klubmamgdynia.pl\/index.php\/wp-json\/wp\/v2\/product_tag?post=3202"}],"curies":[{"name":"wp","href":"https:\/\/api.w.org\/{rel}","templated":true}]}}