{"id":3204,"date":"2017-08-27T23:57:10","date_gmt":"2017-08-27T21:57:10","guid":{"rendered":"http:\/\/klubmamgdynia.pl\/index.php\/produkt\/derform-cleo-i-frank-bidon-na-napoje-330ml\/"},"modified":"2026-04-24T15:12:10","modified_gmt":"2026-04-24T13:12:10","slug":"derform-cleo-i-frank-bidon-na-napoje-330ml","status":"publish","type":"product","link":"http:\/\/klubmamgdynia.pl\/index.php\/produkt\/derform-cleo-i-frank-bidon-na-napoje-330ml\/","title":{"rendered":"Derform Cleo I Frank Bidon Na Napoje 330Ml"},"content":{"rendered":"<p>Bidon na napoje z funkcjonalnym zamkni\u0119ciem, idealny do szko\u0142y, na wycieczk\u0119 lub rower. Wyprofilowany, ergonomiczny kszta\u0142t sprawia, \u017ce idealnie dopasowuje si\u0119 do d\u0142oni dziecka. Ustnik z mo\u017cliwo\u015bci\u0105 blokady zapobiega wylewaniu si\u0119 p\u0142yn\u00f3w. Pojemno\u015b\u0107 330ml.<\/p>\n<h2>Derform Cleo I Frank Bidon Na Napoje 330Ml Derform<\/h2>\n<p>quiz o akademii pana kleksa, test z dzieci z bullerbyn, milosz imie, kolorowanka piesek, kolorowanka pokemon, wierszyki o marzannie, prezent na roczek od babci, pomys\u0142 na prezent dla nastolatki, nietypowe imiona<\/p>\n<p>yyyyy<\/p>\n<p>&nbsp;<\/p>\n","protected":false},"excerpt":{"rendered":"<p>Bidon na napoje z funkcjonalnym zamkni\u0119ciem, idealny do szko\u0142y, na wycieczk\u0119 lub rower. Wyprofilowany, ergonomiczny kszta\u0142t sprawia, \u017ce idealnie dopasowuje si\u0119 do d\u0142oni dziecka. Ustnik z mo\u017cliwo\u015bci\u0105 blokady zapobiega wylewaniu si\u0119 p\u0142yn\u00f3w. Pojemno\u015b\u0107 330ml. Derform Cleo I Frank Bidon Na Napoje 330Ml Derform quiz o akademii pana kleksa, test z dzieci z bullerbyn, milosz imie, [&hellip;]<\/p>\n","protected":false},"featured_media":3205,"comment_status":"closed","ping_status":"open","template":"","meta":[],"product_cat":[1021,215],"product_tag":[787,786,627,625],"class_list":["post-3204","product","type-product","status-publish","has-post-thumbnail","hentry","product_cat-derform","product_cat-naczynia-i-sztucce-dla-dzieci","product_tag-nauka-pisania-wyrazow-dla-dzieci-do-druku-pdf","product_tag-prezent-na-1-urodziny","product_tag-quiz-dzieci-z-bullerbyn","product_tag-trojmiasto-atrakcje-dla-dzieci"],"_links":{"self":[{"href":"http:\/\/klubmamgdynia.pl\/index.php\/wp-json\/wp\/v2\/product\/3204","targetHints":{"allow":["GET"]}}],"collection":[{"href":"http:\/\/klubmamgdynia.pl\/index.php\/wp-json\/wp\/v2\/product"}],"about":[{"href":"http:\/\/klubmamgdynia.pl\/index.php\/wp-json\/wp\/v2\/types\/product"}],"replies":[{"embeddable":true,"href":"http:\/\/klubmamgdynia.pl\/index.php\/wp-json\/wp\/v2\/comments?post=3204"}],"wp:featuredmedia":[{"embeddable":true,"href":"http:\/\/klubmamgdynia.pl\/index.php\/wp-json\/wp\/v2\/media\/3205"}],"wp:attachment":[{"href":"http:\/\/klubmamgdynia.pl\/index.php\/wp-json\/wp\/v2\/media?parent=3204"}],"wp:term":[{"taxonomy":"product_cat","embeddable":true,"href":"http:\/\/klubmamgdynia.pl\/index.php\/wp-json\/wp\/v2\/product_cat?post=3204"},{"taxonomy":"product_tag","embeddable":true,"href":"http:\/\/klubmamgdynia.pl\/index.php\/wp-json\/wp\/v2\/product_tag?post=3204"}],"curies":[{"name":"wp","href":"https:\/\/api.w.org\/{rel}","templated":true}]}}