{"id":3206,"date":"2025-10-20T07:31:40","date_gmt":"2025-10-20T05:31:40","guid":{"rendered":"http:\/\/klubmamgdynia.pl\/?post_type=product&#038;p=3206"},"modified":"2026-04-06T01:37:49","modified_gmt":"2026-04-05T23:37:49","slug":"pojemnik-na-zabawki-kosz-worek-na-pranie-filcowy","status":"publish","type":"product","link":"http:\/\/klubmamgdynia.pl\/index.php\/produkt\/pojemnik-na-zabawki-kosz-worek-na-pranie-filcowy\/","title":{"rendered":"Pojemnik Na Zabawki Kosz Worek Na Pranie Filcowy"},"content":{"rendered":"<p>Worek, organizer na zabawki, pranie lub inne produktyPraktyczny dodatek do pokoju lub \u0142azienki.Po\u0142\u0105czenie stylu skandynawskiego z praktyczno\u015bci\u0105. Posiada praktyczne r\u0105czki do przenoszenia pojemnika z miejsca na miejsce. Sk\u0142ad:FILC &#8211; sztywny materia\u0142Wymiary:szeroko\u015b\u0107 35 cm wysoko\u015b\u0107 35 cm<\/p>\n<h2>Pojemnik Na Zabawki Kosz Worek Na Pranie Filcowy <\/h2>\n<p>zabawki na roczek dla dziewczynki, jaki prezent na roczek dla ch\u0142opca, bajki z misiami, serce kolorowanka, przyja\u017a\u0144 cytaty, jan pawe\u0142 2 rysunek \u0142atwy dla dzieci, wakacyjne kolorowanki, imiona dla dzieci 2019, regina, imie nadia<\/p>\n<p>yyyyy<\/p>\n<p>&nbsp;<\/p>\n","protected":false},"excerpt":{"rendered":"<p>Worek, organizer na zabawki, pranie lub inne produktyPraktyczny dodatek do pokoju lub \u0142azienki.Po\u0142\u0105czenie stylu skandynawskiego z praktyczno\u015bci\u0105. Posiada praktyczne r\u0105czki do przenoszenia pojemnika z miejsca na miejsce. Sk\u0142ad:FILC &#8211; sztywny materia\u0142Wymiary:szeroko\u015b\u0107 35 cm wysoko\u015b\u0107 35 cm Pojemnik Na Zabawki Kosz Worek Na Pranie Filcowy zabawki na roczek dla dziewczynki, jaki prezent na roczek dla ch\u0142opca, [&hellip;]<\/p>\n","protected":false},"featured_media":3207,"comment_status":"closed","ping_status":"open","template":"","meta":[],"product_cat":[990],"product_tag":[831,685,681,806,633,805],"class_list":["post-3206","product","type-product","status-publish","has-post-thumbnail","hentry","product_cat-skrzynie-i-pojemniki-na-zabawki","product_tag-bruno","product_tag-cytaty-o-rodzinie","product_tag-flagi-europy-quiz","product_tag-prezent-dla-dziecka-na-roczek","product_tag-zagadki-z-odpowiedziami","product_tag-znaczenie-imienia-alan"],"_links":{"self":[{"href":"http:\/\/klubmamgdynia.pl\/index.php\/wp-json\/wp\/v2\/product\/3206","targetHints":{"allow":["GET"]}}],"collection":[{"href":"http:\/\/klubmamgdynia.pl\/index.php\/wp-json\/wp\/v2\/product"}],"about":[{"href":"http:\/\/klubmamgdynia.pl\/index.php\/wp-json\/wp\/v2\/types\/product"}],"replies":[{"embeddable":true,"href":"http:\/\/klubmamgdynia.pl\/index.php\/wp-json\/wp\/v2\/comments?post=3206"}],"wp:featuredmedia":[{"embeddable":true,"href":"http:\/\/klubmamgdynia.pl\/index.php\/wp-json\/wp\/v2\/media\/3207"}],"wp:attachment":[{"href":"http:\/\/klubmamgdynia.pl\/index.php\/wp-json\/wp\/v2\/media?parent=3206"}],"wp:term":[{"taxonomy":"product_cat","embeddable":true,"href":"http:\/\/klubmamgdynia.pl\/index.php\/wp-json\/wp\/v2\/product_cat?post=3206"},{"taxonomy":"product_tag","embeddable":true,"href":"http:\/\/klubmamgdynia.pl\/index.php\/wp-json\/wp\/v2\/product_tag?post=3206"}],"curies":[{"name":"wp","href":"https:\/\/api.w.org\/{rel}","templated":true}]}}