{"id":3208,"date":"2012-05-27T16:57:47","date_gmt":"2012-05-27T14:57:47","guid":{"rendered":"http:\/\/klubmamgdynia.pl\/index.php\/produkt\/skrzynia-alex-bami\/"},"modified":"2026-04-04T02:57:34","modified_gmt":"2026-04-04T00:57:34","slug":"skrzynia-alex-bami","status":"publish","type":"product","link":"http:\/\/klubmamgdynia.pl\/index.php\/produkt\/skrzynia-alex-bami\/","title":{"rendered":"Skrzynia Alex Bami"},"content":{"rendered":"<p>Kolekcja mebli Alex marki Bami to klasyczna propozycja dla wszystkich ceni\u0105cych elegancki design i francuski szyk. Bry\u0142a oraz zdobienia stanowi\u0105 ponadczasowy styl. Meble idealnie wpasuj\u0105 si\u0119 we wn\u0119trza pokoik\u00f3w dla maluszk\u00f3w oraz starszak\u00f3w. Kolekcja Alex Bami charakteryzuje si\u0119 bardzo wysok\u0105 jako\u015bci\u0105 wykonania, kt\u00f3ra zadowoli najbardziej wymagaj\u0105cych rodzic\u00f3w oraz dzieci. Szeroka paleta kolorystyczna sprawi, \u017ce ka\u017cdy pok\u00f3j zar\u00f3wno dziewczynki jak i ch\u0142opca b\u0119dzie prezentowa\u0142 si\u0119 doskonale. Dane techniczne: materia\u0142: drewno li\u015bciaste z polskich nadle\u015bnictw z certyfikatem FSC + malowana p\u0142yta MDF z certyfikatem FSC, p\u0142yta laminowana brzegowana w kolorze p\u0142yty technologia: &#8222;no screws&#8221; &#8211; bez widocznych \u015brub i \u0142\u0105cze\u0144 element\u00f3wMeble wykonane r\u0119cznie podno\u015bnik: si\u0142ownik gazowy wymiary: wysoko\u015b\u0107 58 cm, szeroko\u015b\u0107 75\/79 cm z wiekiem, g\u0142\u0119boko\u015b\u0107 40\/42 cm z wiekiem, n\u00f3\u017cki 10 cm, waga 25 kg Skrzynia Alex jest idealnym doposa\u017ceniem ka\u017cdego pomieszczenia dzieci\u0119cego. Mebelek doskonale sprawdzi si\u0119 jako pojemnik na zabawki lub inne drobne akcesoria dzieci\u0119ce. Stanowi te\u017c doskona\u0142e rozwi\u0105zanie dla szybkiego sprz\u0105tania przed wizyt\u0105 niezapowiedzianych go\u015bci. Podobnie jak wi\u0119kszo\u015b\u0107 mebli z kolekcji Alex, front skrzyni wyko\u0144czony jest eleganckim frezem. Bia\u0142y B\u0142\u0119kit Grafit Krem Mastik R\u00f3\u017cowy Szary W celu komfortowego u\u017cytkowania skrzynia otwierana jest do g\u00f3ry za pomoc\u0105 si\u0142ownika. Umo\u017cliwia to wolniejsze opadanie wieka przy zamykaniu, a wybranie od g\u00f3ry frontu chroni palce przed zatrza\u015bni\u0119ciem.<\/p>\n<h2>Skrzynia Alex Bami Bami<\/h2>\n<p>jak narysowac kota, malowanka do druku, znajd\u017a r\u00f3\u017cnice do druku, nasza zima z\u0142a tekst, kolorowanka kotek, rozrywka dla dzieci, zagadki o zwierz\u0119tach dla dzieci<\/p>\n<p>yyyyy<\/p>\n<p>&nbsp;<\/p>\n","protected":false},"excerpt":{"rendered":"<p>Kolekcja mebli Alex marki Bami to klasyczna propozycja dla wszystkich ceni\u0105cych elegancki design i francuski szyk. Bry\u0142a oraz zdobienia stanowi\u0105 ponadczasowy styl. Meble idealnie wpasuj\u0105 si\u0119 we wn\u0119trza pokoik\u00f3w dla maluszk\u00f3w oraz starszak\u00f3w. Kolekcja Alex Bami charakteryzuje si\u0119 bardzo wysok\u0105 jako\u015bci\u0105 wykonania, kt\u00f3ra zadowoli najbardziej wymagaj\u0105cych rodzic\u00f3w oraz dzieci. Szeroka paleta kolorystyczna sprawi, \u017ce ka\u017cdy [&hellip;]<\/p>\n","protected":false},"featured_media":3209,"comment_status":"closed","ping_status":"open","template":"","meta":[],"product_cat":[1022,990],"product_tag":[666,586,860,811],"class_list":["post-3208","product","type-product","status-publish","has-post-thumbnail","hentry","product_cat-bami","product_cat-skrzynie-i-pojemniki-na-zabawki","product_tag-afrykanskie-imiona","product_tag-smieszne-zagadki","product_tag-zagadki-logiczne-dla-doroslych","product_tag-zagadki-logiczne-dla-dzieci"],"_links":{"self":[{"href":"http:\/\/klubmamgdynia.pl\/index.php\/wp-json\/wp\/v2\/product\/3208","targetHints":{"allow":["GET"]}}],"collection":[{"href":"http:\/\/klubmamgdynia.pl\/index.php\/wp-json\/wp\/v2\/product"}],"about":[{"href":"http:\/\/klubmamgdynia.pl\/index.php\/wp-json\/wp\/v2\/types\/product"}],"replies":[{"embeddable":true,"href":"http:\/\/klubmamgdynia.pl\/index.php\/wp-json\/wp\/v2\/comments?post=3208"}],"wp:featuredmedia":[{"embeddable":true,"href":"http:\/\/klubmamgdynia.pl\/index.php\/wp-json\/wp\/v2\/media\/3209"}],"wp:attachment":[{"href":"http:\/\/klubmamgdynia.pl\/index.php\/wp-json\/wp\/v2\/media?parent=3208"}],"wp:term":[{"taxonomy":"product_cat","embeddable":true,"href":"http:\/\/klubmamgdynia.pl\/index.php\/wp-json\/wp\/v2\/product_cat?post=3208"},{"taxonomy":"product_tag","embeddable":true,"href":"http:\/\/klubmamgdynia.pl\/index.php\/wp-json\/wp\/v2\/product_tag?post=3208"}],"curies":[{"name":"wp","href":"https:\/\/api.w.org\/{rel}","templated":true}]}}