{"id":321,"date":"2014-12-26T05:50:42","date_gmt":"2014-12-26T04:50:42","guid":{"rendered":"http:\/\/klubmamgdynia.pl\/?post_type=product&#038;p=321"},"modified":"2026-04-24T09:00:06","modified_gmt":"2026-04-24T07:00:06","slug":"lean-toys-gra-elektroniczna-tetris-bricks-rakieta-zielona","status":"publish","type":"product","link":"http:\/\/klubmamgdynia.pl\/index.php\/produkt\/lean-toys-gra-elektroniczna-tetris-bricks-rakieta-zielona\/","title":{"rendered":"Lean Toys Gra Elektroniczna Tetris Bricks Rakieta Zielona"},"content":{"rendered":"<p>Tetris jest jedn\u0105 z najbardziej popularnych gier maj\u0105cych za zadanie trenowanie umys\u0142u. Zadaniem jest odwracanie klock\u00f3w o r\u00f3\u017cnych kszta\u0142tach w spos\u00f3b umo\u017cliwiaj\u0105cy u\u0142o\u017cenie ich na planszy tak, by zape\u0142ni\u0107 ca\u0142y wiersz. Uzupe\u0142niony wiersz znika, pozostawiaj\u0105c miejsce na kolejne elementy \u2014 a\u017c do czasu, gdy nie zabraknie go na wy\u015bwietlaczu. W czasie gry mo\u017cne sprawdzi\u0107, jaki klocek b\u0119dzie nast\u0119pny, dzi\u0119ki czemu u\u017cytkownik ma mo\u017cliwo\u015b\u0107 analitycznego przemy\u015blenia, jaki powinien by\u0107 jego kolejny ruch. Z ka\u017cdym usuni\u0119tym wierszem wzrasta pr\u0119dko\u015b\u0107 gry, a elementy opadaj\u0105 szybciej.Gra elektroniczna w obudowie w kszta\u0142cie rakiety jest bardzo lekka, co w po\u0142\u0105czeniu z niedu\u017cymi wymiarami czyni j\u0105 kieszonkowym wariantem, kt\u00f3ry mo\u017cesz zabra\u0107 ze sob\u0105 wsz\u0119dzie. Sk\u0142ada si\u0119 z wy\u015bwietlacza oraz bia\u0142ych przycisk\u00f3w odpowiadaj\u0105cych za funkcje gry. Mo\u017cemy nimi uruchomi\u0107 i wy\u0142\u0105czy\u0107 gr\u0119, zatrzyma\u0107 rozgrywk\u0119, wy\u0142\u0105czy\u0107 d\u017awi\u0119ki lub zresetowa\u0107 plansz\u0119, by m\u00f3c zacz\u0105\u0107 uk\u0142ada\u0107 klocki od pocz\u0105tku. Pozosta\u0142e przyciski s\u0142u\u017c\u0105 do nawigacji podczas gry, a tak\u017ce obracania klock\u00f3w. Kieszonkowa wersja gry elektronicznej umili czas zar\u00f3wno dziecku, jak i doros\u0142emu. Rewelacyjnie sprawdzi si\u0119 w przerwie pomi\u0119dzy zaj\u0119ciami, a tak\u017ce w autobusie lub w domu podczas relaksu.Zabawka jest zgodna z norm\u0105 EN 71, wed\u0142ug zalece\u0144 producenta polecana jest dla wszystkich dzieci powy\u017cej 3. roku \u017cycia. Wymiary opakowania 14,5 cm x 11,5 cm x 2 cmProdukt 7 cm x 6,5 cm x 2 cm<\/p>\n<h2>Lean Toys Gra Elektroniczna Tetris Bricks Rakieta Zielona Lean Toys<\/h2>\n<p>kolorowanki do druku dla dziewczynek, wzruszajace cytaty o rodzinie, uk\u0142ad s\u0142oneczny kolorowanka, wzruszaj\u0105ce s\u0142owa dla przyjaciela, pomysly na prezent na roczek, bajka terapeutyczna o emocjach, gdzie strumyk p\u0142ynie z wolna tekst, prezent dla nastolatk\u00f3w, bajka terapeutyczna o emocjach, mama cytaty, pomys\u0142y na pakowanie prezent\u00f3w, quizy geograficzne, cytaty korczaka, kolorowanki \u015bwi\u0105teczne do wydruku, zagadki z odpowiedziami \u015bmieszne, zagadki z odpowiedziami<\/p>\n<p>yyyyy<\/p>\n<p>&nbsp;<\/p>\n","protected":false},"excerpt":{"rendered":"<p>Tetris jest jedn\u0105 z najbardziej popularnych gier maj\u0105cych za zadanie trenowanie umys\u0142u. Zadaniem jest odwracanie klock\u00f3w o r\u00f3\u017cnych kszta\u0142tach w spos\u00f3b umo\u017cliwiaj\u0105cy u\u0142o\u017cenie ich na planszy tak, by zape\u0142ni\u0107 ca\u0142y wiersz. Uzupe\u0142niony wiersz znika, pozostawiaj\u0105c miejsce na kolejne elementy \u2014 a\u017c do czasu, gdy nie zabraknie go na wy\u015bwietlaczu. W czasie gry mo\u017cne sprawdzi\u0107, jaki [&hellip;]<\/p>\n","protected":false},"featured_media":322,"comment_status":"closed","ping_status":"open","template":"","meta":[],"product_cat":[73,39],"product_tag":[827,753,813,815,641],"class_list":["post-321","product","type-product","status-publish","has-post-thumbnail","hentry","product_cat-lean-toys","product_cat-zabawki-interaktywne","product_tag-bajki-dla-niemowlat","product_tag-kamila","product_tag-krotkie-zagadki-matematyczne-z-odpowiedziami","product_tag-ozdoby-choinkowe-dla-dzieci","product_tag-trudne-zagadki-logiczne"],"_links":{"self":[{"href":"http:\/\/klubmamgdynia.pl\/index.php\/wp-json\/wp\/v2\/product\/321","targetHints":{"allow":["GET"]}}],"collection":[{"href":"http:\/\/klubmamgdynia.pl\/index.php\/wp-json\/wp\/v2\/product"}],"about":[{"href":"http:\/\/klubmamgdynia.pl\/index.php\/wp-json\/wp\/v2\/types\/product"}],"replies":[{"embeddable":true,"href":"http:\/\/klubmamgdynia.pl\/index.php\/wp-json\/wp\/v2\/comments?post=321"}],"wp:featuredmedia":[{"embeddable":true,"href":"http:\/\/klubmamgdynia.pl\/index.php\/wp-json\/wp\/v2\/media\/322"}],"wp:attachment":[{"href":"http:\/\/klubmamgdynia.pl\/index.php\/wp-json\/wp\/v2\/media?parent=321"}],"wp:term":[{"taxonomy":"product_cat","embeddable":true,"href":"http:\/\/klubmamgdynia.pl\/index.php\/wp-json\/wp\/v2\/product_cat?post=321"},{"taxonomy":"product_tag","embeddable":true,"href":"http:\/\/klubmamgdynia.pl\/index.php\/wp-json\/wp\/v2\/product_tag?post=321"}],"curies":[{"name":"wp","href":"https:\/\/api.w.org\/{rel}","templated":true}]}}