{"id":3210,"date":"2019-02-15T06:40:28","date_gmt":"2019-02-15T05:40:28","guid":{"rendered":"http:\/\/klubmamgdynia.pl\/index.php\/produkt\/jabadabado-miarka-wzrostu-slon\/"},"modified":"2026-04-08T23:34:54","modified_gmt":"2026-04-08T21:34:54","slug":"jabadabado-miarka-wzrostu-slon","status":"publish","type":"product","link":"http:\/\/klubmamgdynia.pl\/index.php\/produkt\/jabadabado-miarka-wzrostu-slon\/","title":{"rendered":"Jabadabado Miarka Wzrostu S\u0142o\u0144"},"content":{"rendered":"<p>Dzieci uwielbiaj\u0105 rosn\u0105\u0107 \ud83d\ude42 Wa\u017cny jest dla nich ka\u017cdy centymetr.Drewniana miarka z szarym s\u0142onikiem to r\u00f3wnie\u017c oryginalny elementem dekoracyjnym w pokoju dzieci\u0119cym. Posiada miar\u0119 od 75cm do 155cm, dodatkowo miejsce na zdj\u0119cie oraz klips do zaznaczania aktualnego wzorstu.Wiek: 0m+Wymiar: 12cm x 80cmMateria\u0142: drewno<\/p>\n<h2>Jabadabado Miarka Wzrostu S\u0142o\u0144 Jabadabado<\/h2>\n<p>zagadki na logike, szablon serce kolorowanka, cytaty na dzie\u0144 edukacji narodowej, kolorowanki bajki, kr\u00f3tkie zagadki logiczne, ferie zimowe 2022 warszawa, kolorowanka do malowania farbami, kolorowanki my little pony, urodziny dziecka pomys\u0142y, mi\u0142osz imi\u0119, ewelina, prezenty dla nastolatka, kolorowanki dla ch\u0142opc\u00f3w, tulipany kolorowanki, podchwytliwe zagadki dla dzieci, zagadki typu co to jest, \u017carty na prima aprilis dla mamy, zagadki o przyborach szkolnych, samolot z papieru, zagadki dla dzieci 7-8 lat online<\/p>\n<p>yyyyy<\/p>\n<p>&nbsp;<\/p>\n","protected":false},"excerpt":{"rendered":"<p>Dzieci uwielbiaj\u0105 rosn\u0105\u0107 \ud83d\ude42 Wa\u017cny jest dla nich ka\u017cdy centymetr.Drewniana miarka z szarym s\u0142onikiem to r\u00f3wnie\u017c oryginalny elementem dekoracyjnym w pokoju dzieci\u0119cym. Posiada miar\u0119 od 75cm do 155cm, dodatkowo miejsce na zdj\u0119cie oraz klips do zaznaczania aktualnego wzorstu.Wiek: 0m+Wymiar: 12cm x 80cmMateria\u0142: drewno Jabadabado Miarka Wzrostu S\u0142o\u0144 Jabadabado zagadki na logike, szablon serce kolorowanka, cytaty [&hellip;]<\/p>\n","protected":false},"featured_media":3211,"comment_status":"closed","ping_status":"open","template":"","meta":[],"product_cat":[483,990],"product_tag":[755,669,588,693],"class_list":["post-3210","product","type-product","status-publish","has-post-thumbnail","hentry","product_cat-jabadabado","product_cat-skrzynie-i-pojemniki-na-zabawki","product_tag-henryk","product_tag-kolorowanki","product_tag-wzruszajace-slowa-dla-przyjaciela","product_tag-zagadki-dla-doroslych"],"_links":{"self":[{"href":"http:\/\/klubmamgdynia.pl\/index.php\/wp-json\/wp\/v2\/product\/3210","targetHints":{"allow":["GET"]}}],"collection":[{"href":"http:\/\/klubmamgdynia.pl\/index.php\/wp-json\/wp\/v2\/product"}],"about":[{"href":"http:\/\/klubmamgdynia.pl\/index.php\/wp-json\/wp\/v2\/types\/product"}],"replies":[{"embeddable":true,"href":"http:\/\/klubmamgdynia.pl\/index.php\/wp-json\/wp\/v2\/comments?post=3210"}],"wp:featuredmedia":[{"embeddable":true,"href":"http:\/\/klubmamgdynia.pl\/index.php\/wp-json\/wp\/v2\/media\/3211"}],"wp:attachment":[{"href":"http:\/\/klubmamgdynia.pl\/index.php\/wp-json\/wp\/v2\/media?parent=3210"}],"wp:term":[{"taxonomy":"product_cat","embeddable":true,"href":"http:\/\/klubmamgdynia.pl\/index.php\/wp-json\/wp\/v2\/product_cat?post=3210"},{"taxonomy":"product_tag","embeddable":true,"href":"http:\/\/klubmamgdynia.pl\/index.php\/wp-json\/wp\/v2\/product_tag?post=3210"}],"curies":[{"name":"wp","href":"https:\/\/api.w.org\/{rel}","templated":true}]}}