{"id":3212,"date":"2023-06-01T09:42:38","date_gmt":"2023-06-01T07:42:38","guid":{"rendered":"http:\/\/klubmamgdynia.pl\/?post_type=product&#038;p=3212"},"modified":"2026-04-22T12:35:11","modified_gmt":"2026-04-22T10:35:11","slug":"lampka-bezprzewodowa-lampa-led-na-baterie-pilot","status":"publish","type":"product","link":"http:\/\/klubmamgdynia.pl\/index.php\/produkt\/lampka-bezprzewodowa-lampa-led-na-baterie-pilot\/","title":{"rendered":"Lampka Bezprzewodowa Lampa Led Na Baterie Pilot"},"content":{"rendered":"<p>6x Lampka Bezprzewodowa Lampa Led Na Baterie Pilot<\/p>\n<h2>Lampka Bezprzewodowa Lampa Led Na Baterie Pilot Dexxer<\/h2>\n<p>proste dekoracje bo\u017conarodzeniowe dla dzieci, kiedy dzieci chodza na halloween, kr\u00f3tkie bajki do czytania, rebusy i krzy\u017c\u00f3wki dla dzieci do druku, asiunia test, kolorowanki dla dzieci do druku, kolorowanki antystresowe do druku, maski karnawa\u0142owe do druku, zabawy logiczne dla dzieci, okolice wroc\u0142awia, jagna, oryginalny prezent na roczek dla ch\u0142opca, leonardo imi\u0119, bajka dla dzieci do czytania, transformers kolorowanka, rysunki dla pocz\u0105tkuj\u0105cych, lato, smok wawelski bajka, jeremi imi\u0119, wierszyki na \u015bmigusa dyngusa, wr\u00f3\u017cby andrzejkowe dla dzieci zawody<\/p>\n<p>yyyyy<\/p>\n<p>&nbsp;<\/p>\n","protected":false},"excerpt":{"rendered":"<p>6x Lampka Bezprzewodowa Lampa Led Na Baterie Pilot Lampka Bezprzewodowa Lampa Led Na Baterie Pilot Dexxer proste dekoracje bo\u017conarodzeniowe dla dzieci, kiedy dzieci chodza na halloween, kr\u00f3tkie bajki do czytania, rebusy i krzy\u017c\u00f3wki dla dzieci do druku, asiunia test, kolorowanki dla dzieci do druku, kolorowanki antystresowe do druku, maski karnawa\u0142owe do druku, zabawy logiczne dla [&hellip;]<\/p>\n","protected":false},"featured_media":3213,"comment_status":"closed","ping_status":"open","template":"","meta":[],"product_cat":[1023,1024],"product_tag":[611,865,585,742,726,804],"class_list":["post-3212","product","type-product","status-publish","has-post-thumbnail","hentry","product_cat-dexxer","product_cat-pozostale-oswietlenie","product_tag-bajki-do-czytania-psi-patrol","product_tag-cytaty-o-dzieciach","product_tag-kolorowanki-dla-chlopcow","product_tag-piosenki-dla-dzieci-tekst","product_tag-quiz-zemsta","product_tag-ryz-z-owocami"],"_links":{"self":[{"href":"http:\/\/klubmamgdynia.pl\/index.php\/wp-json\/wp\/v2\/product\/3212","targetHints":{"allow":["GET"]}}],"collection":[{"href":"http:\/\/klubmamgdynia.pl\/index.php\/wp-json\/wp\/v2\/product"}],"about":[{"href":"http:\/\/klubmamgdynia.pl\/index.php\/wp-json\/wp\/v2\/types\/product"}],"replies":[{"embeddable":true,"href":"http:\/\/klubmamgdynia.pl\/index.php\/wp-json\/wp\/v2\/comments?post=3212"}],"wp:featuredmedia":[{"embeddable":true,"href":"http:\/\/klubmamgdynia.pl\/index.php\/wp-json\/wp\/v2\/media\/3213"}],"wp:attachment":[{"href":"http:\/\/klubmamgdynia.pl\/index.php\/wp-json\/wp\/v2\/media?parent=3212"}],"wp:term":[{"taxonomy":"product_cat","embeddable":true,"href":"http:\/\/klubmamgdynia.pl\/index.php\/wp-json\/wp\/v2\/product_cat?post=3212"},{"taxonomy":"product_tag","embeddable":true,"href":"http:\/\/klubmamgdynia.pl\/index.php\/wp-json\/wp\/v2\/product_tag?post=3212"}],"curies":[{"name":"wp","href":"https:\/\/api.w.org\/{rel}","templated":true}]}}