{"id":3214,"date":"2020-02-23T04:40:48","date_gmt":"2020-02-23T03:40:48","guid":{"rendered":"http:\/\/klubmamgdynia.pl\/index.php\/produkt\/kosz-pojemnik-na-smieci-dla-dzieci-kraina-lodu-22cm\/"},"modified":"2026-04-08T22:21:11","modified_gmt":"2026-04-08T20:21:11","slug":"kosz-pojemnik-na-smieci-dla-dzieci-kraina-lodu-22cm","status":"publish","type":"product","link":"http:\/\/klubmamgdynia.pl\/index.php\/produkt\/kosz-pojemnik-na-smieci-dla-dzieci-kraina-lodu-22cm\/","title":{"rendered":"Kosz Pojemnik Na \u015amieci Dla Dzieci Kraina Lodu 22Cm"},"content":{"rendered":"<p>Kosz Pojemnik na \u015bmieci dla dzieci 22cm Pojemnik mo\u017ce pe\u0142ni\u0107 rol\u0119 kosza na \u015bmieci lub pojemnika na zabawki, klocki, ma\u0142e maskotki itp. Mo\u017cesz wype\u0142ni\u0107 go czym tylko zechcesz. Zabawny kosz na \u015bmieci lub na zabawki z popularnymi bohaterami telewizyjnymi uzupe\u0142ni wystr\u00f3j ka\u017cdego pokoju dzieci\u0119cego. Z nim \u0142atwiej dziecku b\u0119dzie utrzyma\u0107 czysto\u015b\u0107 w pokoju, poniewa\u017c wrzucanie \u015bmieci do kolorowego kosza z grafik\u0105 postaci z ulubionej bajki dodatkowo mobilizuje do sprz\u0105tania. Mo\u017ce s\u0142u\u017cy\u0107 r\u00f3wnie\u017c jako pojemnik na zabawki, klocki lub inne przedmioty. Specyfikacja: Wysoko\u015b\u0107 kosza ok. 22 cm \u015arednica kosza u g\u00f3ry ok. 21 cm \u015arednica kosza u do\u0142u ok. 16,5 cm Kosz wykonany z tworzywa sztucznego Brzeg zdobiony srebrn\u0105 otoczk\u0105<\/p>\n<h2>Kosz Pojemnik Na \u015amieci Dla Dzieci Kraina Lodu 22Cm Inny<\/h2>\n<p>quizy znaki drogowe, bajki dla dzieci za darmo, alan znaczenie imienia, trudne zadania matematyczne, kolorowanki do wydruku, zagadki o wielkanocy, auto kolorowanka, po\u0142\u0105cz kropki do druku \u0142atwe, planety do druku dla dzieci, kolorowanka flamingi, uk\u0142ad s\u0142oneczny do druku, pierwszy obudzi\u0142 si\u0119 pierwiosnek tekst, test asiunia joanna papuzi\u0144ska, zagadki o lesie, kajko i kokosz szko\u0142a latania &#8211; test do wydruku, bajka o poci\u0105gu do czytania<\/p>\n<p>yyyyy<\/p>\n<p>&nbsp;<\/p>\n","protected":false},"excerpt":{"rendered":"<p>Kosz Pojemnik na \u015bmieci dla dzieci 22cm Pojemnik mo\u017ce pe\u0142ni\u0107 rol\u0119 kosza na \u015bmieci lub pojemnika na zabawki, klocki, ma\u0142e maskotki itp. Mo\u017cesz wype\u0142ni\u0107 go czym tylko zechcesz. Zabawny kosz na \u015bmieci lub na zabawki z popularnymi bohaterami telewizyjnymi uzupe\u0142ni wystr\u00f3j ka\u017cdego pokoju dzieci\u0119cego. Z nim \u0142atwiej dziecku b\u0119dzie utrzyma\u0107 czysto\u015b\u0107 w pokoju, poniewa\u017c wrzucanie [&hellip;]<\/p>\n","protected":false},"featured_media":3215,"comment_status":"closed","ping_status":"open","template":"","meta":[],"product_cat":[169,990],"product_tag":[863,810,739,665,799],"class_list":["post-3214","product","type-product","status-publish","has-post-thumbnail","hentry","product_cat-inny","product_cat-skrzynie-i-pojemniki-na-zabawki","product_tag-bajki-dla-dziewczynek","product_tag-nauka-zegara-do-druku","product_tag-prima-aprilis-w-szkole","product_tag-proste-zagadki","product_tag-zagadka-logiczna"],"_links":{"self":[{"href":"http:\/\/klubmamgdynia.pl\/index.php\/wp-json\/wp\/v2\/product\/3214","targetHints":{"allow":["GET"]}}],"collection":[{"href":"http:\/\/klubmamgdynia.pl\/index.php\/wp-json\/wp\/v2\/product"}],"about":[{"href":"http:\/\/klubmamgdynia.pl\/index.php\/wp-json\/wp\/v2\/types\/product"}],"replies":[{"embeddable":true,"href":"http:\/\/klubmamgdynia.pl\/index.php\/wp-json\/wp\/v2\/comments?post=3214"}],"wp:featuredmedia":[{"embeddable":true,"href":"http:\/\/klubmamgdynia.pl\/index.php\/wp-json\/wp\/v2\/media\/3215"}],"wp:attachment":[{"href":"http:\/\/klubmamgdynia.pl\/index.php\/wp-json\/wp\/v2\/media?parent=3214"}],"wp:term":[{"taxonomy":"product_cat","embeddable":true,"href":"http:\/\/klubmamgdynia.pl\/index.php\/wp-json\/wp\/v2\/product_cat?post=3214"},{"taxonomy":"product_tag","embeddable":true,"href":"http:\/\/klubmamgdynia.pl\/index.php\/wp-json\/wp\/v2\/product_tag?post=3214"}],"curies":[{"name":"wp","href":"https:\/\/api.w.org\/{rel}","templated":true}]}}