{"id":3218,"date":"2024-04-28T04:15:31","date_gmt":"2024-04-28T02:15:31","guid":{"rendered":"http:\/\/klubmamgdynia.pl\/?post_type=product&#038;p=3218"},"modified":"2026-04-27T01:00:39","modified_gmt":"2026-04-26T23:00:39","slug":"cobi-super-wings-mini-figurka-720900","status":"publish","type":"product","link":"http:\/\/klubmamgdynia.pl\/index.php\/produkt\/cobi-super-wings-mini-figurka-720900\/","title":{"rendered":"Cobi Super Wings Mini Figurka 720900"},"content":{"rendered":"<p>Autor:ISBN: 3+EAN: 6911400365252Wydawnictwo: CobiWydanie: saszetka,11&#215;13,5&#215;3 cmStrony:13 bohater\u00f3w Super Wings ukrytych w saszetkach, kupuj\u0105c produkt nie widzisz jaka figurka jest w \u015brodku.<\/p>\n<h2>Cobi Super Wings Mini Figurka 720900 Cobi<\/h2>\n<p>cytaty o przyja\u017ani, nela w krainie wombat\u00f3w, o\u015brodki wczasowe nad morzem dla rodzin z dzie\u0107mi, zaproszenie na urodziny dziecka tekst do druku, fabian, kolorowanka do wydruku, psi patrol do druku, kolorowanki miasto, pomys\u0142 na prezent na roczek, prezent dla dziewczynki 7 lat, piosenka przyjed\u017a do nas miko\u0142aju, agroturystyka dla dzieci ze zwierz\u0119tami, jaki prezent na roczek, szablony do wyklejania plastelin\u0105, znaczenie imienia gabriel, bajka dla niemowlaka, zagadki matematyczne, by\u0142a sobie \u017cabka ma\u0142a tekst<\/p>\n<p>yyyyy<\/p>\n<p>&nbsp;<\/p>\n","protected":false},"excerpt":{"rendered":"<p>Autor:ISBN: 3+EAN: 6911400365252Wydawnictwo: CobiWydanie: saszetka,11&#215;13,5&#215;3 cmStrony:13 bohater\u00f3w Super Wings ukrytych w saszetkach, kupuj\u0105c produkt nie widzisz jaka figurka jest w \u015brodku. Cobi Super Wings Mini Figurka 720900 Cobi cytaty o przyja\u017ani, nela w krainie wombat\u00f3w, o\u015brodki wczasowe nad morzem dla rodzin z dzie\u0107mi, zaproszenie na urodziny dziecka tekst do druku, fabian, kolorowanka do wydruku, psi [&hellip;]<\/p>\n","protected":false},"featured_media":3219,"comment_status":"closed","ping_status":"open","template":"","meta":[],"product_cat":[484,95],"product_tag":[854,766,798,665,840],"class_list":["post-3218","product","type-product","status-publish","has-post-thumbnail","hentry","product_cat-cobi","product_cat-figurki-makiety-i-zestawy","product_tag-cytaty-rodzina","product_tag-kira","product_tag-prezenty-dla-nastolatki","product_tag-proste-zagadki","product_tag-stare-bajki"],"_links":{"self":[{"href":"http:\/\/klubmamgdynia.pl\/index.php\/wp-json\/wp\/v2\/product\/3218","targetHints":{"allow":["GET"]}}],"collection":[{"href":"http:\/\/klubmamgdynia.pl\/index.php\/wp-json\/wp\/v2\/product"}],"about":[{"href":"http:\/\/klubmamgdynia.pl\/index.php\/wp-json\/wp\/v2\/types\/product"}],"replies":[{"embeddable":true,"href":"http:\/\/klubmamgdynia.pl\/index.php\/wp-json\/wp\/v2\/comments?post=3218"}],"wp:featuredmedia":[{"embeddable":true,"href":"http:\/\/klubmamgdynia.pl\/index.php\/wp-json\/wp\/v2\/media\/3219"}],"wp:attachment":[{"href":"http:\/\/klubmamgdynia.pl\/index.php\/wp-json\/wp\/v2\/media?parent=3218"}],"wp:term":[{"taxonomy":"product_cat","embeddable":true,"href":"http:\/\/klubmamgdynia.pl\/index.php\/wp-json\/wp\/v2\/product_cat?post=3218"},{"taxonomy":"product_tag","embeddable":true,"href":"http:\/\/klubmamgdynia.pl\/index.php\/wp-json\/wp\/v2\/product_tag?post=3218"}],"curies":[{"name":"wp","href":"https:\/\/api.w.org\/{rel}","templated":true}]}}