{"id":3220,"date":"2016-06-19T01:42:38","date_gmt":"2016-06-18T23:42:38","guid":{"rendered":"http:\/\/klubmamgdynia.pl\/index.php\/produkt\/cobi-740433-super-wings-figurka-transformujaca-deluxe-astra\/"},"modified":"2026-04-06T04:04:51","modified_gmt":"2026-04-06T02:04:51","slug":"cobi-740433-super-wings-figurka-transformujaca-deluxe-astra","status":"publish","type":"product","link":"http:\/\/klubmamgdynia.pl\/index.php\/produkt\/cobi-740433-super-wings-figurka-transformujaca-deluxe-astra\/","title":{"rendered":"Cobi 740433 Super Wings Figurka Transformuj\u0105ca Deluxe Astra"},"content":{"rendered":"<p>Alpha 740433 Super Wings Astra Deluxe Super ChargeFigurka Transformuj\u0105ca z d\u017awi\u0119kiem.Przeznaczona dla dzieci od 3 roku \u017cycia.<\/p>\n<h2>Cobi 740433 Super Wings Figurka Transformuj\u0105ca Deluxe Astra Cobi<\/h2>\n<p>\u0142amig\u0142\u00f3wki logiczne, zagadki na inteligencje, kolorowanki do druku dla dziewczyn, quiz dzieci z bullerbyn, piosenki dla dzieci o jesieni, cukierku ty \u0142obuzie test, kwiecie\u0144 plecie\u0144 wiersz, bursztynek, roczek dziewczynki, co oznacza nazwa jordan<\/p>\n<p>yyyyy<\/p>\n<p>&nbsp;<\/p>\n","protected":false},"excerpt":{"rendered":"<p>Alpha 740433 Super Wings Astra Deluxe Super ChargeFigurka Transformuj\u0105ca z d\u017awi\u0119kiem.Przeznaczona dla dzieci od 3 roku \u017cycia. Cobi 740433 Super Wings Figurka Transformuj\u0105ca Deluxe Astra Cobi \u0142amig\u0142\u00f3wki logiczne, zagadki na inteligencje, kolorowanki do druku dla dziewczyn, quiz dzieci z bullerbyn, piosenki dla dzieci o jesieni, cukierku ty \u0142obuzie test, kwiecie\u0144 plecie\u0144 wiersz, bursztynek, roczek dziewczynki, [&hellip;]<\/p>\n","protected":false},"featured_media":3221,"comment_status":"closed","ping_status":"open","template":"","meta":[],"product_cat":[83,484],"product_tag":[736,778,577],"class_list":["post-3220","product","type-product","status-publish","has-post-thumbnail","hentry","product_cat-auta-i-inne-pojazdy-do-zabawy","product_cat-cobi","product_tag-zabawki-na-roczek","product_tag-zabawki-na-roczek-dla-chlopca","product_tag-znaki-drogowe-test"],"_links":{"self":[{"href":"http:\/\/klubmamgdynia.pl\/index.php\/wp-json\/wp\/v2\/product\/3220","targetHints":{"allow":["GET"]}}],"collection":[{"href":"http:\/\/klubmamgdynia.pl\/index.php\/wp-json\/wp\/v2\/product"}],"about":[{"href":"http:\/\/klubmamgdynia.pl\/index.php\/wp-json\/wp\/v2\/types\/product"}],"replies":[{"embeddable":true,"href":"http:\/\/klubmamgdynia.pl\/index.php\/wp-json\/wp\/v2\/comments?post=3220"}],"wp:featuredmedia":[{"embeddable":true,"href":"http:\/\/klubmamgdynia.pl\/index.php\/wp-json\/wp\/v2\/media\/3221"}],"wp:attachment":[{"href":"http:\/\/klubmamgdynia.pl\/index.php\/wp-json\/wp\/v2\/media?parent=3220"}],"wp:term":[{"taxonomy":"product_cat","embeddable":true,"href":"http:\/\/klubmamgdynia.pl\/index.php\/wp-json\/wp\/v2\/product_cat?post=3220"},{"taxonomy":"product_tag","embeddable":true,"href":"http:\/\/klubmamgdynia.pl\/index.php\/wp-json\/wp\/v2\/product_tag?post=3220"}],"curies":[{"name":"wp","href":"https:\/\/api.w.org\/{rel}","templated":true}]}}