{"id":3222,"date":"2022-05-26T08:56:05","date_gmt":"2022-05-26T06:56:05","guid":{"rendered":"http:\/\/klubmamgdynia.pl\/index.php\/produkt\/cobi-world-war-ii-historical-collection-niemiecki-okret-wojenny-prinz-eugen-4823\/"},"modified":"2026-05-17T22:28:42","modified_gmt":"2026-05-17T20:28:42","slug":"cobi-world-war-ii-historical-collection-niemiecki-okret-wojenny-prinz-eugen-4823","status":"publish","type":"product","link":"http:\/\/klubmamgdynia.pl\/index.php\/produkt\/cobi-world-war-ii-historical-collection-niemiecki-okret-wojenny-prinz-eugen-4823\/","title":{"rendered":"Cobi World War Ii Historical Collection Niemiecki Okr\u0119t Wojenny Prinz Eugen 4823"},"content":{"rendered":"<p>Klocki Cobi 4823 Niemiecki Okr\u0119t Prinz Eugen<\/p>\n<h2>Cobi World War Ii Historical Collection Niemiecki Okr\u0119t Wojenny Prinz Eugen 4823 Cobi<\/h2>\n<p>lukrecja imie, basen dla dzieci warszawa, opisy o rodzinie, gotowe zaproszenia na urodziny do wydrukowania, dzie\u0144 dziecka dla nastolatk\u00f3w, kr\u00f3tkie \u017cyczenia wielkanocne dla dzieci, gotowe zaproszenia na urodziny do wydrukowania, cytaty korczaka, zagatki matematyczne, znaczenie imienia milosz, zagadki dla dzieci 9 10 lat z odpowiedziami, kolysanki tekst, quiz flagi, prezenty dla nastolatki, cytaty o rodzinie i dzieciach, estera, darmowy szablon list do miko\u0142aja, kolorowanki spongebob, mapa europy do druku, zabawy z pi\u0142k\u0105 dla dzieci, misie z film\u00f3w animowanych<\/p>\n<p>yyyyy<\/p>\n<p>&nbsp;<\/p>\n","protected":false},"excerpt":{"rendered":"<p>Klocki Cobi 4823 Niemiecki Okr\u0119t Prinz Eugen Cobi World War Ii Historical Collection Niemiecki Okr\u0119t Wojenny Prinz Eugen 4823 Cobi lukrecja imie, basen dla dzieci warszawa, opisy o rodzinie, gotowe zaproszenia na urodziny do wydrukowania, dzie\u0144 dziecka dla nastolatk\u00f3w, kr\u00f3tkie \u017cyczenia wielkanocne dla dzieci, gotowe zaproszenia na urodziny do wydrukowania, cytaty korczaka, zagatki matematyczne, znaczenie [&hellip;]<\/p>\n","protected":false},"featured_media":3223,"comment_status":"closed","ping_status":"open","template":"","meta":[],"product_cat":[484,113],"product_tag":[863,758,826,745,589],"class_list":["post-3222","product","type-product","status-publish","has-post-thumbnail","hentry","product_cat-cobi","product_cat-klocki","product_tag-bajki-dla-dziewczynek","product_tag-julian","product_tag-prezent-dla-15-latka","product_tag-prezent-dla-15-latki","product_tag-prezent-dla-rocznego-dziecka"],"_links":{"self":[{"href":"http:\/\/klubmamgdynia.pl\/index.php\/wp-json\/wp\/v2\/product\/3222","targetHints":{"allow":["GET"]}}],"collection":[{"href":"http:\/\/klubmamgdynia.pl\/index.php\/wp-json\/wp\/v2\/product"}],"about":[{"href":"http:\/\/klubmamgdynia.pl\/index.php\/wp-json\/wp\/v2\/types\/product"}],"replies":[{"embeddable":true,"href":"http:\/\/klubmamgdynia.pl\/index.php\/wp-json\/wp\/v2\/comments?post=3222"}],"wp:featuredmedia":[{"embeddable":true,"href":"http:\/\/klubmamgdynia.pl\/index.php\/wp-json\/wp\/v2\/media\/3223"}],"wp:attachment":[{"href":"http:\/\/klubmamgdynia.pl\/index.php\/wp-json\/wp\/v2\/media?parent=3222"}],"wp:term":[{"taxonomy":"product_cat","embeddable":true,"href":"http:\/\/klubmamgdynia.pl\/index.php\/wp-json\/wp\/v2\/product_cat?post=3222"},{"taxonomy":"product_tag","embeddable":true,"href":"http:\/\/klubmamgdynia.pl\/index.php\/wp-json\/wp\/v2\/product_tag?post=3222"}],"curies":[{"name":"wp","href":"https:\/\/api.w.org\/{rel}","templated":true}]}}