{"id":3224,"date":"2020-08-28T13:31:39","date_gmt":"2020-08-28T11:31:39","guid":{"rendered":"http:\/\/klubmamgdynia.pl\/index.php\/produkt\/cobi-zigamazoos-maskotka-mala-rozne-rodzaje\/"},"modified":"2026-04-06T02:48:42","modified_gmt":"2026-04-06T00:48:42","slug":"cobi-zigamazoos-maskotka-mala-rozne-rodzaje","status":"publish","type":"product","link":"http:\/\/klubmamgdynia.pl\/index.php\/produkt\/cobi-zigamazoos-maskotka-mala-rozne-rodzaje\/","title":{"rendered":"Cobi ZigaMazoos Maskotka Ma\u0142a r\u00f3\u017cne Rodzaje"},"content":{"rendered":"<h2>Cobi ZigaMazoos Maskotka Ma\u0142a r\u00f3\u017cne Rodzaje Cobi<\/h2>\n<p>lucyna, gotowe zaproszenia na urodziny do wydrukowania, pawe\u0142, mia i ja kolorowanki do druku, zagadki przyrodnicze, dyplomy do wydrukowania a4<\/p>\n<p>yyyyy<\/p>\n<p>&nbsp;<\/p>\n","protected":false},"excerpt":{"rendered":"<p>Cobi ZigaMazoos Maskotka Ma\u0142a r\u00f3\u017cne Rodzaje Cobi lucyna, gotowe zaproszenia na urodziny do wydrukowania, pawe\u0142, mia i ja kolorowanki do druku, zagadki przyrodnicze, dyplomy do wydrukowania a4 yyyyy &nbsp;<\/p>\n","protected":false},"featured_media":3225,"comment_status":"closed","ping_status":"open","template":"","meta":[],"product_cat":[484,42],"product_tag":[845,670,684,841],"class_list":["post-3224","product","type-product","status-publish","has-post-thumbnail","hentry","product_cat-cobi","product_cat-maskotki","product_tag-ach-spij-kochanie-tekst","product_tag-irma","product_tag-prezent-dla-dziewczynki-na-roczek","product_tag-quiz-o-flagach"],"_links":{"self":[{"href":"http:\/\/klubmamgdynia.pl\/index.php\/wp-json\/wp\/v2\/product\/3224","targetHints":{"allow":["GET"]}}],"collection":[{"href":"http:\/\/klubmamgdynia.pl\/index.php\/wp-json\/wp\/v2\/product"}],"about":[{"href":"http:\/\/klubmamgdynia.pl\/index.php\/wp-json\/wp\/v2\/types\/product"}],"replies":[{"embeddable":true,"href":"http:\/\/klubmamgdynia.pl\/index.php\/wp-json\/wp\/v2\/comments?post=3224"}],"wp:featuredmedia":[{"embeddable":true,"href":"http:\/\/klubmamgdynia.pl\/index.php\/wp-json\/wp\/v2\/media\/3225"}],"wp:attachment":[{"href":"http:\/\/klubmamgdynia.pl\/index.php\/wp-json\/wp\/v2\/media?parent=3224"}],"wp:term":[{"taxonomy":"product_cat","embeddable":true,"href":"http:\/\/klubmamgdynia.pl\/index.php\/wp-json\/wp\/v2\/product_cat?post=3224"},{"taxonomy":"product_tag","embeddable":true,"href":"http:\/\/klubmamgdynia.pl\/index.php\/wp-json\/wp\/v2\/product_tag?post=3224"}],"curies":[{"name":"wp","href":"https:\/\/api.w.org\/{rel}","templated":true}]}}