{"id":3226,"date":"2011-12-28T13:43:20","date_gmt":"2011-12-28T12:43:20","guid":{"rendered":"http:\/\/klubmamgdynia.pl\/index.php\/produkt\/cobi-north-american-b-25b-mitchell-726370\/"},"modified":"2026-04-21T04:10:03","modified_gmt":"2026-04-21T02:10:03","slug":"cobi-north-american-b-25b-mitchell-726370","status":"publish","type":"product","link":"http:\/\/klubmamgdynia.pl\/index.php\/produkt\/cobi-north-american-b-25b-mitchell-726370\/","title":{"rendered":"Cobi North American B-25B Mitchell 726370"},"content":{"rendered":"<p>Cobi 5713 Bombowiec Usa B-25 Mitchell 725 Klock\u00f3w<\/p>\n<h2>Cobi North American B-25B Mitchell 726370 Cobi<\/h2>\n<p>stolice europy quiz, bursztynek, zagadki \u015bwi\u0105teczne dla dzieci, prezenty dla 15 latki, test z tajemniczego ogrodu<\/p>\n<p>yyyyy<\/p>\n<p>&nbsp;<\/p>\n","protected":false},"excerpt":{"rendered":"<p>Cobi 5713 Bombowiec Usa B-25 Mitchell 725 Klock\u00f3w Cobi North American B-25B Mitchell 726370 Cobi stolice europy quiz, bursztynek, zagadki \u015bwi\u0105teczne dla dzieci, prezenty dla 15 latki, test z tajemniczego ogrodu yyyyy &nbsp;<\/p>\n","protected":false},"featured_media":3227,"comment_status":"closed","ping_status":"open","template":"","meta":[],"product_cat":[484,113],"product_tag":[660,648,813,735,609],"class_list":["post-3226","product","type-product","status-publish","has-post-thumbnail","hentry","product_cat-cobi","product_cat-klocki","product_tag-bianka","product_tag-dobrej-nocy-i-sza","product_tag-krotkie-zagadki-matematyczne-z-odpowiedziami","product_tag-prezent-na-roczek-dziewczynka","product_tag-quiz-flagi-europy"],"_links":{"self":[{"href":"http:\/\/klubmamgdynia.pl\/index.php\/wp-json\/wp\/v2\/product\/3226","targetHints":{"allow":["GET"]}}],"collection":[{"href":"http:\/\/klubmamgdynia.pl\/index.php\/wp-json\/wp\/v2\/product"}],"about":[{"href":"http:\/\/klubmamgdynia.pl\/index.php\/wp-json\/wp\/v2\/types\/product"}],"replies":[{"embeddable":true,"href":"http:\/\/klubmamgdynia.pl\/index.php\/wp-json\/wp\/v2\/comments?post=3226"}],"wp:featuredmedia":[{"embeddable":true,"href":"http:\/\/klubmamgdynia.pl\/index.php\/wp-json\/wp\/v2\/media\/3227"}],"wp:attachment":[{"href":"http:\/\/klubmamgdynia.pl\/index.php\/wp-json\/wp\/v2\/media?parent=3226"}],"wp:term":[{"taxonomy":"product_cat","embeddable":true,"href":"http:\/\/klubmamgdynia.pl\/index.php\/wp-json\/wp\/v2\/product_cat?post=3226"},{"taxonomy":"product_tag","embeddable":true,"href":"http:\/\/klubmamgdynia.pl\/index.php\/wp-json\/wp\/v2\/product_tag?post=3226"}],"curies":[{"name":"wp","href":"https:\/\/api.w.org\/{rel}","templated":true}]}}