{"id":3228,"date":"2011-01-23T15:53:08","date_gmt":"2011-01-23T14:53:08","guid":{"rendered":"http:\/\/klubmamgdynia.pl\/index.php\/produkt\/3-sprouts-bidon-leniwiec-350ml\/"},"modified":"2026-05-17T22:33:51","modified_gmt":"2026-05-17T20:33:51","slug":"3-sprouts-bidon-leniwiec-350ml","status":"publish","type":"product","link":"http:\/\/klubmamgdynia.pl\/index.php\/produkt\/3-sprouts-bidon-leniwiec-350ml\/","title":{"rendered":"3 Sprouts Bidon Leniwiec 350Ml"},"content":{"rendered":"<p>3 Sprouts Bidon 350Ml<\/p>\n<p>\u00a0<\/p>\n<p>G\u0142\u00f3wne zalety:<\/p>\n<p>\u00a0<\/p>\n<p>konstrukcja bidonu z<br \/>\nodchylanym ustnikiem jest \u0142atwo dost\u0119pna dla ma\u0142ych dzieci<\/p>\n<p>odpowiedni do wody,<br \/>\nnapoj\u00f3w i sok\u00f3w<\/p>\n<p>zintegrowany uchwyt<br \/>\nu\u0142atwia przenoszenie<\/p>\n<p>bidon zaprojektowany w<br \/>\ntaki spos\u00f3b, aby zapobiega\u0107 niepotrzebnym wyciekom p\u0142ynu<\/p>\n<p>prze\u017aroczyste \u015bcianki<br \/>\nbidonu umo\u017cliwiaj\u0105 kontrol\u0119 ilo\u015bci napoju<\/p>\n<p>idealny do przedszkola<br \/>\nna spacer lub wycieczk\u0119<\/p>\n<p>lekki wykonany z<br \/>\nwysokiej jako\u015bci, nietoksycznego tworzywa<\/p>\n<p>bezpieczny bez o\u0142owiu,<br \/>\nbez BPA i ftalan\u00f3w<\/p>\n<p>nie nadaje si\u0119 dla<br \/>\ndzieci poni\u017cej 3 lat<\/p>\n<p>\u00a0                            <\/p>\n<p>Czyszczenie:<\/p>\n<p>\u00a0<\/p>\n<p>mo\u017cna my\u0107 w zmywarce<br \/>\nna g\u00f3rnej p\u00f3\u0142ce<\/p>\n<p>nie u\u017cywa\u0107 w mikrofali<\/p>\n<p>\u00a0<\/p>\n<p>\u00a0<\/p>\n<p>Idealny do ka\u017cdego<br \/>\nplecaka \ud83d\ude42<\/p>\n<p>\u00a0<\/p>\n<p>Bidon od 3 Sprouts<br \/>\njest wykonany z wysokiej jako\u015bci tworzywa, jest odporny na zapachy, plamy i<br \/>\nzarysowania.<\/p>\n<p>\u00a0<\/p>\n<p>Co z pewno\u015bci\u0105 doceni<br \/>\nka\u017cdy rodzic. bidon jest bezpieczny, nie zawiera o\u0142owiu, BPA, i ftalan\u00f3w.<\/p>\n<p>\u00a0<\/p>\n<p>Mi\u0119kki silikonowy i<br \/>\nwygodny ustnik do picia odchyla si\u0119 i jest \u0142atwo dost\u0119pny dla m\u0142odszych dzieci.<br \/>\nPosiada por\u0119czny uchwyt u\u0142atwiaj\u0105cy przenoszenie, idealny do transportu.<\/p>\n<p>\u00a0<\/p>\n<p>Du\u017ca pojemno\u015b\u0107 bidonu,<br \/>\na zarazem niewielki rozmiar sprawia \u017ce zmie\u015bci si\u0119 do wi\u0119kszo\u015bci plecak\u00f3w lub<br \/>\ntorebek. Specjalnie skonstruowany zapobiega niepotrzebnym wyciekom p\u0142ynu.<\/p>\n<p>\u00a0<\/p>\n<p>Przyjemna kolorystyka<br \/>\ni wz\u00f3r bidonu sprawi, \u017ce dziecko z ch\u0119ci\u0105 b\u0119dzie po niego si\u0119ga\u0142o.                            <\/p>\n<p>Wymiary:<\/p>\n<p>\u00a0<\/p>\n<p>wysoko\u015b\u0107 17 cm<\/p>\n<p>\u015brednica 6 cm<\/p>\n<p>\u00a0<\/p>\n<p>\u00a0<\/p>\n<p>Na wszystkich naszych<br \/>\naukcjach kupujesz produkty w 100% oryginalne i zapakowane fabrycznie.<\/p>\n<p>\u00a0<\/p>\n<p>Bidony i \u015bniadani\u00f3wki<br \/>\n3 Sprouts pochodz\u0105 od dystrybutora marki w Polsce.<\/p>\n<p>\u00a0<\/p>\n<p>Producent<\/p>\n<p>\u00a0<\/p>\n<p>3 Sprouts to<br \/>\nKanadyjska firma specjalizuj\u0105ca si\u0119 w produktach do wyposa\u017cenia wn\u0119trz. 3<br \/>\nSprouts zosta\u0142 stworzony przez trzech przyjaci\u00f3\u0142, kt\u00f3rzy podzielaj\u0105 mi\u0142o\u015b\u0107 do<br \/>\ndzieci i uznanie dla unikalnych i nowoczesnych produkt\u00f3w. Pracuj\u0105c w<br \/>\nprojektowaniu w Nowym Jorku i Toronto dla takich firm, jak Kate Spade, Barneys<br \/>\nNew York i Holt Renfrew, zainspirowali si\u0119 do stworzenia kolekcji, kt\u00f3ra<br \/>\nskierowana zar\u00f3wno jest do rodzic\u00f3w jak i dzieci.<\/p>\n<p>\u00a0<\/p>\n<p>Od narodzin 3 Sprouts<br \/>\n&#8211; wiosn\u0105 2007 roku firma jest szcz\u0119\u015bliwa, aby s\u0142u\u017cy\u0107 klientom, kt\u00f3rzy<br \/>\npodzielaj\u0105 zaanga\u017cowanie na dobrze zaprojektowane produkty dla dziecka.<br \/>\nProducenci kochaj\u0105 mark\u0119 3 Sprouts, kt\u00f3ra pozwala znale\u017a\u0107 wielk\u0105 rado\u015b\u0107 w<br \/>\nprojektowaniu produkt\u00f3w, kt\u00f3re pasuj\u0105 dla ka\u017cdego domu. 3 Sprouts pozostawia<br \/>\nu\u015bmiecha dla ka\u017cdego, kt\u00f3ry widzi produkty jak i dla codziennych u\u017cytkownik\u00f3w.<\/p>\n<h2>3 Sprouts Bidon Leniwiec 350Ml 3 Sprouts<\/h2>\n<p>basen dla dzieci warszawa, lol kolorowanka do druku, kr\u00f3tkie bajki dla dzieci do czytania, co na roczek dla ch\u0142opca, zagadki dla 8 latka, znane misie z film\u00f3w animowanych, kolorowanka lego, zgadywanki, leon imi\u0119, kolorowanki wakacje, zagadki dla dzieci 5 lat, prosta zagadka<\/p>\n<p>yyyyy<\/p>\n<p>&nbsp;<\/p>\n","protected":false},"excerpt":{"rendered":"<p>3 Sprouts Bidon 350Ml \u00a0 G\u0142\u00f3wne zalety: \u00a0 konstrukcja bidonu z odchylanym ustnikiem jest \u0142atwo dost\u0119pna dla ma\u0142ych dzieci odpowiedni do wody, napoj\u00f3w i sok\u00f3w zintegrowany uchwyt u\u0142atwia przenoszenie bidon zaprojektowany w taki spos\u00f3b, aby zapobiega\u0107 niepotrzebnym wyciekom p\u0142ynu prze\u017aroczyste \u015bcianki bidonu umo\u017cliwiaj\u0105 kontrol\u0119 ilo\u015bci napoju idealny do przedszkola na spacer lub wycieczk\u0119 lekki wykonany [&hellip;]<\/p>\n","protected":false},"featured_media":3229,"comment_status":"closed","ping_status":"open","template":"","meta":[],"product_cat":[1004,215],"product_tag":[671,593,699,818,714],"class_list":["post-3228","product","type-product","status-publish","has-post-thumbnail","hentry","product_cat-3-sprouts","product_cat-naczynia-i-sztucce-dla-dzieci","product_tag-cicha-noc-po-angielsku-tekst","product_tag-jak-narysowac-konia","product_tag-kolorowanki-do-druku-dla-dziewczyn","product_tag-oliwier","product_tag-zagadki-logiczne"],"_links":{"self":[{"href":"http:\/\/klubmamgdynia.pl\/index.php\/wp-json\/wp\/v2\/product\/3228","targetHints":{"allow":["GET"]}}],"collection":[{"href":"http:\/\/klubmamgdynia.pl\/index.php\/wp-json\/wp\/v2\/product"}],"about":[{"href":"http:\/\/klubmamgdynia.pl\/index.php\/wp-json\/wp\/v2\/types\/product"}],"replies":[{"embeddable":true,"href":"http:\/\/klubmamgdynia.pl\/index.php\/wp-json\/wp\/v2\/comments?post=3228"}],"wp:featuredmedia":[{"embeddable":true,"href":"http:\/\/klubmamgdynia.pl\/index.php\/wp-json\/wp\/v2\/media\/3229"}],"wp:attachment":[{"href":"http:\/\/klubmamgdynia.pl\/index.php\/wp-json\/wp\/v2\/media?parent=3228"}],"wp:term":[{"taxonomy":"product_cat","embeddable":true,"href":"http:\/\/klubmamgdynia.pl\/index.php\/wp-json\/wp\/v2\/product_cat?post=3228"},{"taxonomy":"product_tag","embeddable":true,"href":"http:\/\/klubmamgdynia.pl\/index.php\/wp-json\/wp\/v2\/product_tag?post=3228"}],"curies":[{"name":"wp","href":"https:\/\/api.w.org\/{rel}","templated":true}]}}