{"id":3230,"date":"2020-03-13T22:15:17","date_gmt":"2020-03-13T21:15:17","guid":{"rendered":"http:\/\/klubmamgdynia.pl\/index.php\/produkt\/cobi-super-wings-samolot-kim\/"},"modified":"2026-04-06T18:53:55","modified_gmt":"2026-04-06T16:53:55","slug":"cobi-super-wings-samolot-kim","status":"publish","type":"product","link":"http:\/\/klubmamgdynia.pl\/index.php\/produkt\/cobi-super-wings-samolot-kim\/","title":{"rendered":"Cobi Super Wings Samolot Kim"},"content":{"rendered":"<p>Super Wings &#8211; Radiow\u00f3z Kim &#8211; Transformuj\u0105cy robot 730033 Kim to obowi\u0105zkowa i serdeczna policjantka \u2013 radiow\u00f3z, kt\u00f3ry w dowolnej chwili mo\u017ce zmieni\u0107 si\u0119 do postaci robota. Jest jedn\u0105 z g\u0142\u00f3wnych bohaterek zabawnego, animowanego serialu Super Wings oraz cz\u0142onkiem patrolu Trafika (Paula). Figurka Kim jest ma\u0142a, ale \u015bwietnie odwzorowana, z dba\u0142o\u015bci\u0105 o szczeg\u00f3\u0142y i staranno\u015bci\u0105. Transformuje si\u0119 do postaci pojazdu. Wysoko\u015b\u0107 figurki: ok. 5cm Super Wings &#8211; Radiow\u00f3z Kim &#8211; Transformuj\u0105cy robot 730033 &#8211; informacje dodatkowe: Seria: Super Wings Numer katalogowy: 730033 Wiek dziecka: 3+ Wymiary opakowania: 15,5cm x 11,5cm x 6cm<\/p>\n<h2>Cobi Super Wings Samolot Kim Cobi<\/h2>\n<p>quiz o wio\u015bnie, carmen imi\u0119, atrakcje dla dzieci tr\u00f3jmiasto, miriam imi\u0119, zagadki o bo\u017cym narodzeniu, zagadki do rozwi\u0105zania, opis do zdj\u0119cia z dzieckiem<\/p>\n<p>yyyyy<\/p>\n<p>&nbsp;<\/p>\n","protected":false},"excerpt":{"rendered":"<p>Super Wings &#8211; Radiow\u00f3z Kim &#8211; Transformuj\u0105cy robot 730033 Kim to obowi\u0105zkowa i serdeczna policjantka \u2013 radiow\u00f3z, kt\u00f3ry w dowolnej chwili mo\u017ce zmieni\u0107 si\u0119 do postaci robota. Jest jedn\u0105 z g\u0142\u00f3wnych bohaterek zabawnego, animowanego serialu Super Wings oraz cz\u0142onkiem patrolu Trafika (Paula). Figurka Kim jest ma\u0142a, ale \u015bwietnie odwzorowana, z dba\u0142o\u015bci\u0105 o szczeg\u00f3\u0142y i staranno\u015bci\u0105. [&hellip;]<\/p>\n","protected":false},"featured_media":3231,"comment_status":"closed","ping_status":"open","template":"","meta":[],"product_cat":[484,95],"product_tag":[749,637,855,726],"class_list":["post-3230","product","type-product","status-publish","has-post-thumbnail","hentry","product_cat-cobi","product_cat-figurki-makiety-i-zestawy","product_tag-najlepsze-zarty-na-prima-aprilis","product_tag-niech-zyja-wakacje-tekst","product_tag-nietypowe-imiona-zenskie","product_tag-quiz-zemsta"],"_links":{"self":[{"href":"http:\/\/klubmamgdynia.pl\/index.php\/wp-json\/wp\/v2\/product\/3230","targetHints":{"allow":["GET"]}}],"collection":[{"href":"http:\/\/klubmamgdynia.pl\/index.php\/wp-json\/wp\/v2\/product"}],"about":[{"href":"http:\/\/klubmamgdynia.pl\/index.php\/wp-json\/wp\/v2\/types\/product"}],"replies":[{"embeddable":true,"href":"http:\/\/klubmamgdynia.pl\/index.php\/wp-json\/wp\/v2\/comments?post=3230"}],"wp:featuredmedia":[{"embeddable":true,"href":"http:\/\/klubmamgdynia.pl\/index.php\/wp-json\/wp\/v2\/media\/3231"}],"wp:attachment":[{"href":"http:\/\/klubmamgdynia.pl\/index.php\/wp-json\/wp\/v2\/media?parent=3230"}],"wp:term":[{"taxonomy":"product_cat","embeddable":true,"href":"http:\/\/klubmamgdynia.pl\/index.php\/wp-json\/wp\/v2\/product_cat?post=3230"},{"taxonomy":"product_tag","embeddable":true,"href":"http:\/\/klubmamgdynia.pl\/index.php\/wp-json\/wp\/v2\/product_tag?post=3230"}],"curies":[{"name":"wp","href":"https:\/\/api.w.org\/{rel}","templated":true}]}}