{"id":3232,"date":"2012-05-31T06:49:26","date_gmt":"2012-05-31T04:49:26","guid":{"rendered":"http:\/\/klubmamgdynia.pl\/index.php\/produkt\/cobi-3061-small-army-wot-t-34-268-klockow\/"},"modified":"2026-04-05T20:19:42","modified_gmt":"2026-04-05T18:19:42","slug":"cobi-3061-small-army-wot-t-34-268-klockow","status":"publish","type":"product","link":"http:\/\/klubmamgdynia.pl\/index.php\/produkt\/cobi-3061-small-army-wot-t-34-268-klockow\/","title":{"rendered":"Cobi 3061 Small Army Wot T 34 268 Klock\u00f3w"},"content":{"rendered":"<p>By\u0142 bardzo \u0142atwy w produkcji, u\u017cytkowaniu i naprawie. Charakteryzowa\u0142 si\u0119 bardzo dobrym opancerzeniem, uzbrojeniem oraz mobilno\u015bci\u0105. Wielu historyk\u00f3w uznaje, \u017ce czo\u0142g T-34 przyczyni\u0142 si\u0119 do zwyci\u0119stwa pa\u0144stw alianckich w II Wojnie \u015awiatowej. Czo\u0142g by\u0142 rozwijany i u\u017cywany przez wiele pa\u0144stw jeszcze przez wiele lat po zako\u0144czeniu wojny Najbardziej rozpoznawalny czo\u0142g na \u015bwiecie!Co zyska twoje dziecko bawi\u0105c si\u0119 klockami ?Kreatywno\u015b\u0107 i wyobra\u017ani\u0119 ,logiczne my\u015blenie, zrozumienie zasadkonstrukcji ,cierpliwo\u015b\u0107 i dba\u0142o\u015b\u0107 w tworzeniu konstrukcji, zdolno\u015bcimanualne, rozpoznawanie oraz sortowanie klock\u00f3w.<\/p>\n<h2>Cobi 3061 Small Army Wot T 34 268 Klock\u00f3w Cobi<\/h2>\n<p>podzi\u0119kowania dla nauczyciela cytaty, po\u0142\u0105cz kropki, wiersz o marzannie, cytat z kubusia puchatka o mi\u0142o\u015bci, bajki do czytania psi patrol, jak zrobi\u0107 samolot z papieru, kolorowanka pikachu, gabriel imi\u0119, wulkan z sody<\/p>\n<p>yyyyy<\/p>\n<p>&nbsp;<\/p>\n","protected":false},"excerpt":{"rendered":"<p>By\u0142 bardzo \u0142atwy w produkcji, u\u017cytkowaniu i naprawie. Charakteryzowa\u0142 si\u0119 bardzo dobrym opancerzeniem, uzbrojeniem oraz mobilno\u015bci\u0105. Wielu historyk\u00f3w uznaje, \u017ce czo\u0142g T-34 przyczyni\u0142 si\u0119 do zwyci\u0119stwa pa\u0144stw alianckich w II Wojnie \u015awiatowej. Czo\u0142g by\u0142 rozwijany i u\u017cywany przez wiele pa\u0144stw jeszcze przez wiele lat po zako\u0144czeniu wojny Najbardziej rozpoznawalny czo\u0142g na \u015bwiecie!Co zyska twoje dziecko [&hellip;]<\/p>\n","protected":false},"featured_media":3233,"comment_status":"closed","ping_status":"open","template":"","meta":[],"product_cat":[484,113],"product_tag":[859,808,852,826],"class_list":["post-3232","product","type-product","status-publish","has-post-thumbnail","hentry","product_cat-cobi","product_cat-klocki","product_tag-dobranoc-pchly-na-noc","product_tag-imie-mia","product_tag-jak-zrobic-samolot-z-papieru","product_tag-prezent-dla-15-latka"],"_links":{"self":[{"href":"http:\/\/klubmamgdynia.pl\/index.php\/wp-json\/wp\/v2\/product\/3232","targetHints":{"allow":["GET"]}}],"collection":[{"href":"http:\/\/klubmamgdynia.pl\/index.php\/wp-json\/wp\/v2\/product"}],"about":[{"href":"http:\/\/klubmamgdynia.pl\/index.php\/wp-json\/wp\/v2\/types\/product"}],"replies":[{"embeddable":true,"href":"http:\/\/klubmamgdynia.pl\/index.php\/wp-json\/wp\/v2\/comments?post=3232"}],"wp:featuredmedia":[{"embeddable":true,"href":"http:\/\/klubmamgdynia.pl\/index.php\/wp-json\/wp\/v2\/media\/3233"}],"wp:attachment":[{"href":"http:\/\/klubmamgdynia.pl\/index.php\/wp-json\/wp\/v2\/media?parent=3232"}],"wp:term":[{"taxonomy":"product_cat","embeddable":true,"href":"http:\/\/klubmamgdynia.pl\/index.php\/wp-json\/wp\/v2\/product_cat?post=3232"},{"taxonomy":"product_tag","embeddable":true,"href":"http:\/\/klubmamgdynia.pl\/index.php\/wp-json\/wp\/v2\/product_tag?post=3232"}],"curies":[{"name":"wp","href":"https:\/\/api.w.org\/{rel}","templated":true}]}}