{"id":3234,"date":"2013-03-09T07:28:26","date_gmt":"2013-03-09T06:28:26","guid":{"rendered":"http:\/\/klubmamgdynia.pl\/index.php\/produkt\/dexxer-przeplywowy-podgrzewacz-wody-lcd-3000w\/"},"modified":"2026-05-17T23:01:08","modified_gmt":"2026-05-17T21:01:08","slug":"dexxer-przeplywowy-podgrzewacz-wody-lcd-3000w","status":"publish","type":"product","link":"http:\/\/klubmamgdynia.pl\/index.php\/produkt\/dexxer-przeplywowy-podgrzewacz-wody-lcd-3000w\/","title":{"rendered":"Dexxer Przep\u0142ywowy Podgrzewacz Wody Lcd 3000W"},"content":{"rendered":"<p>Dexxer Przep\u0142ywowy Podgrzewacz Wody Lcd 3000WElektryczny podgrzewacz wody, podgrzewa wod\u0119 podczas jej przep\u0142ywu. Nie potrzebny jest wi\u0119c system generowania i utrzymywania sta\u0142ej temperatury.Podgrzewacz wody posiada r\u00f3wnie\u017c wy\u015bwietlacz LCD, kt\u00f3ry pozwala na pe\u0142n\u0105 kontrol\u0119 temperatury wody.Dodatkowo bateria doda kuchni lub \u0142azience nut\u0119 elegancji, dzi\u0119ki swoim zaokr\u0105glonym kszta\u0142tom i starannemu wyko\u0144czeniu bia\u0142ym plastikiem i metalem. Zamontuj bateri\u0119 w kuchni lub \u0142azience i ciesz si\u0119 przyjemn\u0105 i ciep\u0142\u0105 wod\u0105 natychmiast.Bateria automatycznie podgrzewaj\u0105ca wod\u0119 to idealne urz\u0105dzenie do Twojego domu, mieszkania lub na dzia\u0142k\u0119 To rewelacyjny system, kt\u00f3ry b\u0142yskawicznie podgrzewa wod\u0119 do 60\u00b0 C.Nie wymaga d\u0142ugiego i uci\u0105\u017cliwego oczekiwania na ciep\u0142\u0105 wod\u0119, poniewa\u017c otrzymujesz ju\u017c j\u0105 po 5 sekundach, nie jak w przypadku bojler\u00f3w lub system\u00f3w podgrzewaj\u0105cych, kt\u00f3re wymagaj\u0105 czasu na gromadzenie odpowiedniej ilo\u015bci ciep\u0142ej wody.                            <\/p>\n<p>SPECYFIKACJA:Moc: 3000WMOCOWANIE: od ty\u0142u (\u015bcienne)ROZMIAR ZAWORU: 1\/2&#8243; (nakr\u0119cana przej\u015bci\u00f3wka)Bardzo szybki i \u0142atwy monta\u017cCzytelny cyfrowy wy\u015bwietlacz LCD wskazuj\u0105cy wysoko\u015b\u0107 temperaturyRegulacja temperaturyNiskie zu\u017cycie energii elektrycznejZasilanie: 220-240V 50HZD\u0142ugo\u015b\u0107 kabla zasilaj\u0105cego: oko\u0142o 106cmD\u0142ugo\u015b\u0107 w\u0119\u017ca z s\u0142uchawk\u0105 ok. 138cmWodoszczelno\u015b\u0107: IPX4Ci\u015bnienie wody: 0,04-0,5 MPaWewn\u0119trzna grza\u0142ka: wysokiej jako\u015bci mied\u017a, stal nierdzewnaMateria\u0142 wykonania: tworzywo sztuczne, metal<\/p>\n<h2>Dexxer Przep\u0142ywowy Podgrzewacz Wody Lcd 3000W Dexxer<\/h2>\n<p>\u0142atwe laurki, wz\u00f3r drzewo genealogiczne szablon do wydruku, quizy o koniach, zabawy ruchowe dla dzieci w wieku szkolnym, przyjed\u017a do nas miko\u0142aju tekst, bajka terapeutyczna o emocjach, wzruszaj\u0105ce s\u0142owa dla przyjaci\u00f3\u0142ki, zagadki wielkanocne dla doros\u0142ych<\/p>\n<p>yyyyy<\/p>\n<p>&nbsp;<\/p>\n","protected":false},"excerpt":{"rendered":"<p>Dexxer Przep\u0142ywowy Podgrzewacz Wody Lcd 3000WElektryczny podgrzewacz wody, podgrzewa wod\u0119 podczas jej przep\u0142ywu. Nie potrzebny jest wi\u0119c system generowania i utrzymywania sta\u0142ej temperatury.Podgrzewacz wody posiada r\u00f3wnie\u017c wy\u015bwietlacz LCD, kt\u00f3ry pozwala na pe\u0142n\u0105 kontrol\u0119 temperatury wody.Dodatkowo bateria doda kuchni lub \u0142azience nut\u0119 elegancji, dzi\u0119ki swoim zaokr\u0105glonym kszta\u0142tom i starannemu wyko\u0144czeniu bia\u0142ym plastikiem i metalem. Zamontuj bateri\u0119 [&hellip;]<\/p>\n","protected":false},"featured_media":3235,"comment_status":"closed","ping_status":"open","template":"","meta":[],"product_cat":[1023,1025],"product_tag":[761,808,663,678,796,805],"class_list":["post-3234","product","type-product","status-publish","has-post-thumbnail","hentry","product_cat-dexxer","product_cat-przeplywowe-podgrzewacze-wody","product_tag-choinko-piekna-jak-las-tekst","product_tag-imie-mia","product_tag-kolorowanki-dla-dzieci-do-druku","product_tag-prezent-na-roczek-dla-dziewczynki","product_tag-zagatki","product_tag-znaczenie-imienia-alan"],"_links":{"self":[{"href":"http:\/\/klubmamgdynia.pl\/index.php\/wp-json\/wp\/v2\/product\/3234","targetHints":{"allow":["GET"]}}],"collection":[{"href":"http:\/\/klubmamgdynia.pl\/index.php\/wp-json\/wp\/v2\/product"}],"about":[{"href":"http:\/\/klubmamgdynia.pl\/index.php\/wp-json\/wp\/v2\/types\/product"}],"replies":[{"embeddable":true,"href":"http:\/\/klubmamgdynia.pl\/index.php\/wp-json\/wp\/v2\/comments?post=3234"}],"wp:featuredmedia":[{"embeddable":true,"href":"http:\/\/klubmamgdynia.pl\/index.php\/wp-json\/wp\/v2\/media\/3235"}],"wp:attachment":[{"href":"http:\/\/klubmamgdynia.pl\/index.php\/wp-json\/wp\/v2\/media?parent=3234"}],"wp:term":[{"taxonomy":"product_cat","embeddable":true,"href":"http:\/\/klubmamgdynia.pl\/index.php\/wp-json\/wp\/v2\/product_cat?post=3234"},{"taxonomy":"product_tag","embeddable":true,"href":"http:\/\/klubmamgdynia.pl\/index.php\/wp-json\/wp\/v2\/product_tag?post=3234"}],"curies":[{"name":"wp","href":"https:\/\/api.w.org\/{rel}","templated":true}]}}