{"id":3236,"date":"2011-11-23T19:40:29","date_gmt":"2011-11-23T18:40:29","guid":{"rendered":"http:\/\/klubmamgdynia.pl\/index.php\/produkt\/dexxer-zestaw-fryzjerski-nozyczki-degazowki-peleryna-xl\/"},"modified":"2026-04-06T01:43:15","modified_gmt":"2026-04-05T23:43:15","slug":"dexxer-zestaw-fryzjerski-nozyczki-degazowki-peleryna-xl","status":"publish","type":"product","link":"http:\/\/klubmamgdynia.pl\/index.php\/produkt\/dexxer-zestaw-fryzjerski-nozyczki-degazowki-peleryna-xl\/","title":{"rendered":"Dexxer Zestaw Fryzjerski No\u017cyczki Dega\u017c\u00f3wki Peleryna Xl"},"content":{"rendered":"<p>PROFESJONALNY ZESTAW DO STRZY\u017bENIADLA AMATOR\u00d3W I PROFESJONALIST\u00d3WSpecyfikacjaIlo\u015b\u0107 element\u00f3w w zestawie: 7Rodzaje no\u017cyczek: zwyk\u0142e + dega\u017c\u00f3wkiMateria\u0142 no\u017cyczek: stal nierdzewnaPROFESJONALNY ZESTAW DO STRZY\u017bENIAPrezentowany zestaw nadaje si\u0119 zar\u00f3wno dla u\u017cytku profesjonalnego, do nauki fryzjerstwa, jak i te\u017c dla amator\u00f3w zainteresowanych poszerzeniem swoich umiej\u0119tno\u015bci w warunkach domowych. Mo\u017cesz stworzy\u0107 stylowe fryzury dla swoich dzieci, bliskich, a nawet zwierz\u0105t. Zestaw zawiera wszystko czego potrzeba by dokona\u0107 profesjonalnego \u015bci\u0119cia w\u0142os\u00f3w albo stworzy\u0107 wymarzon\u0105 fryzur\u0119.W zestawie znajduj\u0105 si\u0119:No\u017cyczkiDega\u017c\u00f3wkiPelerynaP\u0119dzelekGrzebie\u0144\u015aciereczkaEtuiWYSOKA JAKO\u015a\u0106No\u017cyczki wykonane s\u0105 z wysokiej jako\u015bci stali nierdzewnej, zapewniaj\u0105cej d\u0142ugotrwa\u0142\u0105 wytrzyma\u0142o\u015b\u0107, ostro\u015b\u0107 oraz odporno\u015b\u0107 na czynniki \u015brodowiskowe takie jak wilgo\u0107 czy wysokie temperatury. Dzi\u0119ki temu w\u0142osy mog\u0105 by\u0107 za ka\u017cdym razem idealnie przyci\u0119te bez obawy o uszkodzenia mechaniczne czy ryzyko rozdwojenia ko\u0144c\u00f3wek.ERGONOMICZNY DESIGNNasze no\u017cyczki posiadaj\u0105 ergonomiczny design uchwyt\u00f3w, z gumowymi os\u0142onkami pozwalaj\u0105cymi palcom nie m\u0119czy\u0107 si\u0119 nawet przy d\u0142ugotrwa\u0142ym u\u017cytkowaniu. No\u017cyczki wyposa\u017cone s\u0105 w \u015brub\u0119 kt\u00f3ra umo\u017cliwia regulacj\u0119 luzu no\u017cyczek zgodnie z zapotrzebowaniem, by w \u0142atwy spos\u00f3b uzyska\u0107 po\u017c\u0105dany efekt.PELERYNAWykonana z nylonu peleryna barberska jest niezb\u0119dnym nardz\u0119dziem ka\u017cdego fryzjera . Chroni sk\u00f3r\u0119 i ubrania przed farb\u0105 do w\u0142os\u00f3w i innymi szkodliwymi substancjami, utrzymuj\u0105c twoj\u0105 odzie\u017c w sucho\u015bci i czysto\u015bci. Peleryna nie przepuszcza wilgoci i mo\u017cna pra\u0107 j\u0105 w pralce.GRZEBIE\u0143Wyposa\u017cony w dwie odleg\u0142o\u015bci rozstawienia z\u0105bk\u00f3w grzebie\u0144, jest idealny do codziennego rozczesywania i stylizacji. Grzebie\u0144 wykonany jest z wytrzyma\u0142ego tworzywa odpornego na wysok\u0105 temperatur\u0119, pomaga utrzyma\u0107 w\u0142osy w dobrej kondycji.\u015aCIERECZKADzi\u0119ki zawartej w zestawie \u015bciereczce, \u0142atwo usuniesz pozosta\u0142o\u015bci po stylizacji z no\u017cyczek, nie martwi\u0105c si\u0119 o porysowanie ich.STYLOWE ETUICa\u0142o\u015b\u0107 zapakowana jest w stylowe, czarne etui,, dzi\u0119ki kt\u00f3remu zestaw mo\u017cna \u0142atwo zabra\u0107 ze sob\u0105, jednocze\u015bnie nie martwi\u0105c si\u0119, \u017ce poszczeg\u00f3lne elementy pogubi\u0105 si\u0119.SZEROKIE ZASTOSOWANIENasz zestaw nadaje si\u0119 zar\u00f3wno do u\u017cytku w salonie jak i dla rodzin chc\u0105cych przeprowadzi\u0107 zabiegi fryzjerskie w domu. Jest odpowiedni do w\u0142os\u00f3w m\u0119skich, damskich, dzieci\u0119cych, noworodk\u00f3w, senior\u00f3w oraz zwierz\u0119cej sier\u015bci.IDEALNY NA PREZENTNasz por\u0119czny zestaw stanowi doskona\u0142y pomys\u0142 na prezent dla wszystkich zainteresowanych rozpocz\u0119ciem lub kontynuowaniem swojej przygody z fryzjerstwem! Spraw przyjemno\u015b\u0107 swoim bliskim daj\u0105c im ten wyselekcjonowany zbi\u00f3r najwa\u017cniejszych przybor\u00f3w kt\u00f3re niezb\u0119dne s\u0105 w kolekcji ka\u017cdego barbera, czy to profesjonalisty, czy amatora!ZALETY ZESTAWUwszechstronny &#8211; do strzy\u017cenia w\u0142os\u00f3w, zarostu a nawet zwierz\u0105t!dla profesjonalist\u00f3w i amator\u00f3wno\u017cyczki fryzjerskie i dega\u017c\u00f3wki z regulacj\u0105 luzudu\u017ca peleryna zabezpieczaj\u0105ca przed farb\u0105, w\u0142osami i \u015brodkami do stylizacji w\u0142os\u00f3widealny na prezentZESTAW ZAWIERAno\u017cyczki fryzjerskiedega\u017c\u00f3wkigrzebie\u0144p\u0119dzelek\u015bciereczka z mikrofibrypelerynaetui<\/p>\n<h2>Dexxer Zestaw Fryzjerski No\u017cyczki Dega\u017c\u00f3wki Peleryna Xl Dexxer<\/h2>\n<p>stare piosenki, iwo, imi\u0119 mia, quizy za darmo, \u015bmieszne zagadki dla dzieci, zak\u0142adka do ksi\u0105\u017cki szablon, bajka krecik, julian, motylek, laurka dla babci, mega trudne zagadki logiczne, zagadki logiczne \u015bmieszne, wakacje kolorowanka, ozdoby choinkowe dla dzieci, przyjed\u017a do nas miko\u0142aju tekst<\/p>\n<p>yyyyy<\/p>\n<p>&nbsp;<\/p>\n","protected":false},"excerpt":{"rendered":"<p>PROFESJONALNY ZESTAW DO STRZY\u017bENIADLA AMATOR\u00d3W I PROFESJONALIST\u00d3WSpecyfikacjaIlo\u015b\u0107 element\u00f3w w zestawie: 7Rodzaje no\u017cyczek: zwyk\u0142e + dega\u017c\u00f3wkiMateria\u0142 no\u017cyczek: stal nierdzewnaPROFESJONALNY ZESTAW DO STRZY\u017bENIAPrezentowany zestaw nadaje si\u0119 zar\u00f3wno dla u\u017cytku profesjonalnego, do nauki fryzjerstwa, jak i te\u017c dla amator\u00f3w zainteresowanych poszerzeniem swoich umiej\u0119tno\u015bci w warunkach domowych. Mo\u017cesz stworzy\u0107 stylowe fryzury dla swoich dzieci, bliskich, a nawet zwierz\u0105t. Zestaw [&hellip;]<\/p>\n","protected":false},"featured_media":3237,"comment_status":"closed","ping_status":"open","template":"","meta":[],"product_cat":[1023,1026],"product_tag":[858,599,751,633],"class_list":["post-3236","product","type-product","status-publish","has-post-thumbnail","hentry","product_cat-dexxer","product_cat-sprzet-do-salonow-fryzjerskich-i-kosmetycznych","product_tag-podchwytliwe-zagadki","product_tag-prezent-dla-nastolatkow-2021","product_tag-psi-patrol-kolorowanka","product_tag-zagadki-z-odpowiedziami"],"_links":{"self":[{"href":"http:\/\/klubmamgdynia.pl\/index.php\/wp-json\/wp\/v2\/product\/3236","targetHints":{"allow":["GET"]}}],"collection":[{"href":"http:\/\/klubmamgdynia.pl\/index.php\/wp-json\/wp\/v2\/product"}],"about":[{"href":"http:\/\/klubmamgdynia.pl\/index.php\/wp-json\/wp\/v2\/types\/product"}],"replies":[{"embeddable":true,"href":"http:\/\/klubmamgdynia.pl\/index.php\/wp-json\/wp\/v2\/comments?post=3236"}],"wp:featuredmedia":[{"embeddable":true,"href":"http:\/\/klubmamgdynia.pl\/index.php\/wp-json\/wp\/v2\/media\/3237"}],"wp:attachment":[{"href":"http:\/\/klubmamgdynia.pl\/index.php\/wp-json\/wp\/v2\/media?parent=3236"}],"wp:term":[{"taxonomy":"product_cat","embeddable":true,"href":"http:\/\/klubmamgdynia.pl\/index.php\/wp-json\/wp\/v2\/product_cat?post=3236"},{"taxonomy":"product_tag","embeddable":true,"href":"http:\/\/klubmamgdynia.pl\/index.php\/wp-json\/wp\/v2\/product_tag?post=3236"}],"curies":[{"name":"wp","href":"https:\/\/api.w.org\/{rel}","templated":true}]}}