{"id":3238,"date":"2019-04-16T19:00:18","date_gmt":"2019-04-16T17:00:18","guid":{"rendered":"http:\/\/klubmamgdynia.pl\/index.php\/produkt\/malplay-maszynka-do-robienia-baniek-mydlanych-rybka-plyn-219972\/"},"modified":"2026-04-20T07:52:48","modified_gmt":"2026-04-20T05:52:48","slug":"malplay-maszynka-do-robienia-baniek-mydlanych-rybka-plyn-219972","status":"publish","type":"product","link":"http:\/\/klubmamgdynia.pl\/index.php\/produkt\/malplay-maszynka-do-robienia-baniek-mydlanych-rybka-plyn-219972\/","title":{"rendered":"Malplay Maszynka Do Robienia Baniek Mydlanych Rybka + P\u0142yn 219972"},"content":{"rendered":"<p>Ba\u0144ki mydlane to ulubiona zabawa ma\u0142ych i du\u017cych dzieci. Rewelacyjna maszynka do robienia baniek mydlanych w kszta\u0142cie r\u00f3\u017cowej lub niebieskiej rybki zapewni mn\u00f3stwo rado\u015bci ka\u017cdemu dziecku. Podziwiaj szybuj\u0105ce w powietrzu dziesi\u0105tki t\u0119czowych baniek mydlanych.Zestaw do tworzenia baniek sk\u0142ada si\u0119 z maszyny w kszta\u0142cie rybki oraz p\u0142ynu. Robienie baniek mydlanych z u\u017cyciem prezentowanej maszyny jest bardzo prostym zaj\u0119ciemNale\u017cy w\u0142o\u017cy\u0107 baterie, wla\u0107 p\u0142yn bezpo\u015brednio do paszczy rybki a nast\u0119pnie wcisn\u0105\u0107 przycisk znajduj\u0105cy si\u0119 pod jej okiem. Gotowe! Od tego momentu mo\u017cna delektowa\u0107 si\u0119 widokiem przepi\u0119knych, t\u0119czowych banieczek szybuj\u0105cych w powietrzuPodczas tworzenia baniek gra weso\u0142a melodyjka oraz towarzysz\u0105 przy tym migaj\u0105ce w r\u00f3\u017cnych kolorach oczy rybki oraz migaj\u0105ca dioda zamontowana w paszczy rybki.Z ty\u0142u urz\u0105dzenia znajduje si\u0119 wygodna r\u0105czka, kt\u00f3ra mo\u017ce s\u0142u\u017cy\u0107 r\u00f3wnie\u017c jako uchwyt do zawieszenia.Zabawka wykonana jest z atestowanych, trwa\u0142ych materia\u0142\u00f3w, a jej konstrukcja pozbawiona jest ostrych element\u00f3wZestaw do tworzenia baniek sk\u0142ada si\u0119 z maszyny w kszta\u0142cie rybki oraz p\u0142ynu.Do wyboru dwa kolory:niebieskir\u00f3\u017cowy<\/p>\n<h2>Malplay Maszynka Do Robienia Baniek Mydlanych Rybka + P\u0142yn 219972 Malplay<\/h2>\n<p>zagadki trudne, prezenty dla 15 latki, test z lektury felix net i nika oraz gang niewidzialnych ludzi, miasto dzieci, mandala kolorowanka, co oznacza jordan, zagadki dla dzieci do druku, testy z lektury zemsta, sentencja dla dziecka, kolorowanka antystresowa, szablony zimowe do wydruku, borys imi\u0119, co oznacza nazwa jordan, mi\u0142osz imie, zagadki o wielkanocy<\/p>\n<p>yyyyy<\/p>\n<p>&nbsp;<\/p>\n","protected":false},"excerpt":{"rendered":"<p>Ba\u0144ki mydlane to ulubiona zabawa ma\u0142ych i du\u017cych dzieci. Rewelacyjna maszynka do robienia baniek mydlanych w kszta\u0142cie r\u00f3\u017cowej lub niebieskiej rybki zapewni mn\u00f3stwo rado\u015bci ka\u017cdemu dziecku. Podziwiaj szybuj\u0105ce w powietrzu dziesi\u0105tki t\u0119czowych baniek mydlanych.Zestaw do tworzenia baniek sk\u0142ada si\u0119 z maszyny w kszta\u0142cie rybki oraz p\u0142ynu. Robienie baniek mydlanych z u\u017cyciem prezentowanej maszyny jest bardzo [&hellip;]<\/p>\n","protected":false},"featured_media":3239,"comment_status":"closed","ping_status":"open","template":"","meta":[],"product_cat":[84,120],"product_tag":[829,680,644],"class_list":["post-3238","product","type-product","status-publish","has-post-thumbnail","hentry","product_cat-malplay","product_cat-zabawki-i-gry-sportowe","product_tag-bajki-do-czytania-na-dobranoc","product_tag-cytaty-z-malego-ksiecia","product_tag-mia"],"_links":{"self":[{"href":"http:\/\/klubmamgdynia.pl\/index.php\/wp-json\/wp\/v2\/product\/3238","targetHints":{"allow":["GET"]}}],"collection":[{"href":"http:\/\/klubmamgdynia.pl\/index.php\/wp-json\/wp\/v2\/product"}],"about":[{"href":"http:\/\/klubmamgdynia.pl\/index.php\/wp-json\/wp\/v2\/types\/product"}],"replies":[{"embeddable":true,"href":"http:\/\/klubmamgdynia.pl\/index.php\/wp-json\/wp\/v2\/comments?post=3238"}],"wp:featuredmedia":[{"embeddable":true,"href":"http:\/\/klubmamgdynia.pl\/index.php\/wp-json\/wp\/v2\/media\/3239"}],"wp:attachment":[{"href":"http:\/\/klubmamgdynia.pl\/index.php\/wp-json\/wp\/v2\/media?parent=3238"}],"wp:term":[{"taxonomy":"product_cat","embeddable":true,"href":"http:\/\/klubmamgdynia.pl\/index.php\/wp-json\/wp\/v2\/product_cat?post=3238"},{"taxonomy":"product_tag","embeddable":true,"href":"http:\/\/klubmamgdynia.pl\/index.php\/wp-json\/wp\/v2\/product_tag?post=3238"}],"curies":[{"name":"wp","href":"https:\/\/api.w.org\/{rel}","templated":true}]}}