{"id":3240,"date":"2025-09-24T05:12:55","date_gmt":"2025-09-24T03:12:55","guid":{"rendered":"http:\/\/klubmamgdynia.pl\/?post_type=product&#038;p=3240"},"modified":"2026-04-24T05:36:36","modified_gmt":"2026-04-24T03:36:36","slug":"malplay-osmiorniczka-do-chodzenia-ciagniecia-pelza-i-plywa-225508","status":"publish","type":"product","link":"http:\/\/klubmamgdynia.pl\/index.php\/produkt\/malplay-osmiorniczka-do-chodzenia-ciagniecia-pelza-i-plywa-225508\/","title":{"rendered":"Malplay O\u015bmiorniczka Do Chodzenia Ci\u0105gni\u0119cia Pe\u0142za I P\u0142ywa (225508)"},"content":{"rendered":"<p>Urocza o\u015bmiorniczka doskona\u0142a do pierwszych spacer\u00f3w Twojego dziecka, oraz jako zabawka umilaj\u0105ca k\u0105piele.Dzi\u0119ki mo\u017cliwo\u015bci ci\u0105gni\u0119cia na sznurku zach\u0119camy maluszka do aktywno\u015bci ruchowej, poniewa\u017c zwierz\u0105tko porusza si\u0119 tu\u017c za nim.O\u015bmiorniczka podczas poruszania si\u0119 idealnie odwzorowuje naturalne zwierz\u0119, co daje gwarancj\u0119 \u015bwietnej zabawy.Aby uruchomi\u0107 zabawk\u0119 w wodzie nale\u017cy nakr\u0119ci\u0107 j\u0105 specjalnie do tego dedykowanym pokr\u0119t\u0142em.Dzi\u0119ki temu dziecko mo\u017ce podczas k\u0105pieli uczy\u0107 si\u0119 w jaki spos\u00f3b poruszaj\u0105 si\u0119 zwierz\u0105tka morskie.O\u015bmiornica bawi i uczy, stymuluj\u0105c rozw\u00f3j psycho-motoryczny malca.Odkryj ocean zabawy i chichotek dzi\u0119ki fascynuj\u0105cej o\u015bmiornicy. Weso\u0142a zabawka przy ka\u017cdym poci\u0105gni\u0119ciu sznurka b\u0119dzie porusza\u0142 nogami przypominaj\u0105c, \u017cywe stworzenie. To magiczny ruch, kt\u00f3ry wywo\u0142a u\u015bmiech na twarzy ka\u017cdego dziecka.Weso\u0142a O\u015bmiorniczka:\u2022 Morskie stworzenie do ci\u0105gni\u0119cia, kt\u00f3rego ruch przypomina prawdziw\u0105 o\u015bmiornic\u0119.\u2022 Zach\u0119ca dzieci do aktywnej zabawy.\u2022 Rozwija wyobra\u017ani\u0119, motoryk\u0119 dziecka i wiedz\u0119 o zale\u017cno\u015bci przyczynowo-skutkowej.\u2022 Bezpiecznej d\u0142ugo\u015bci sznurek.\u2022 Wysokiej jako\u015bci bezpieczna zabawka, nie zawiera BPA.\u2022 Przeznaczone dla dzieci w wieku 12 miesi\u0119cy +.PARAMETRY:Wymiary opakowania:szeroko\u015b\u0107 \u2013 21,5 cmwysoko\u015b\u0107 \u2013 12,5 cmd\u0142ugo\u015b\u0107 \u2013 12,5 cmWymiary o\u015bmiorniczki:wysoko\u015b\u0107 \u2013 13 cmszeroko\u015b\u0107 \u2013 11 cmszeroko\u015b\u0107 z n\u00f3\u017ckami\u2013 25 cmd\u0142ugo\u015b\u0107 sznurka \u2013 72 cmW zestawie:O\u015bmiorniczkaSznurekInstrukcja obs\u0142ugi<\/p>\n<h2>Malplay O\u015bmiorniczka Do Chodzenia Ci\u0105gni\u0119cia Pe\u0142za I P\u0142ywa (225508) Malplay<\/h2>\n<p>\u015bwi\u0105teczny film dla dzieci, opis o rodzinie, bajki dla dzieci czytane, prezenty na roczek dla ch\u0142opca, choinko pi\u0119kna jak las tekst, opowie\u015b\u0107 wigilijna test z odpowiedziami, kolorowanka super zings, bajki dla chlopcow, zagadki \u015bmieszne, cyferki do druku, \u017carty na prima aprilis dla rodzic\u00f3w<\/p>\n<p>yyyyy<\/p>\n<p>&nbsp;<\/p>\n","protected":false},"excerpt":{"rendered":"<p>Urocza o\u015bmiorniczka doskona\u0142a do pierwszych spacer\u00f3w Twojego dziecka, oraz jako zabawka umilaj\u0105ca k\u0105piele.Dzi\u0119ki mo\u017cliwo\u015bci ci\u0105gni\u0119cia na sznurku zach\u0119camy maluszka do aktywno\u015bci ruchowej, poniewa\u017c zwierz\u0105tko porusza si\u0119 tu\u017c za nim.O\u015bmiorniczka podczas poruszania si\u0119 idealnie odwzorowuje naturalne zwierz\u0119, co daje gwarancj\u0119 \u015bwietnej zabawy.Aby uruchomi\u0107 zabawk\u0119 w wodzie nale\u017cy nakr\u0119ci\u0107 j\u0105 specjalnie do tego dedykowanym pokr\u0119t\u0142em.Dzi\u0119ki temu dziecko [&hellip;]<\/p>\n","protected":false},"featured_media":3241,"comment_status":"closed","ping_status":"open","template":"","meta":[],"product_cat":[84,295],"product_tag":[624,582,774,762,796],"class_list":["post-3240","product","type-product","status-publish","has-post-thumbnail","hentry","product_cat-malplay","product_cat-pozostale-zabawki","product_tag-krotkie-zagadki","product_tag-nauka-pisania-literek-do-wydruku-pdf","product_tag-prezent-na-roczek-nie-zabawka","product_tag-trudne-zagadki-dla-dzieci","product_tag-zagatki"],"_links":{"self":[{"href":"http:\/\/klubmamgdynia.pl\/index.php\/wp-json\/wp\/v2\/product\/3240","targetHints":{"allow":["GET"]}}],"collection":[{"href":"http:\/\/klubmamgdynia.pl\/index.php\/wp-json\/wp\/v2\/product"}],"about":[{"href":"http:\/\/klubmamgdynia.pl\/index.php\/wp-json\/wp\/v2\/types\/product"}],"replies":[{"embeddable":true,"href":"http:\/\/klubmamgdynia.pl\/index.php\/wp-json\/wp\/v2\/comments?post=3240"}],"wp:featuredmedia":[{"embeddable":true,"href":"http:\/\/klubmamgdynia.pl\/index.php\/wp-json\/wp\/v2\/media\/3241"}],"wp:attachment":[{"href":"http:\/\/klubmamgdynia.pl\/index.php\/wp-json\/wp\/v2\/media?parent=3240"}],"wp:term":[{"taxonomy":"product_cat","embeddable":true,"href":"http:\/\/klubmamgdynia.pl\/index.php\/wp-json\/wp\/v2\/product_cat?post=3240"},{"taxonomy":"product_tag","embeddable":true,"href":"http:\/\/klubmamgdynia.pl\/index.php\/wp-json\/wp\/v2\/product_tag?post=3240"}],"curies":[{"name":"wp","href":"https:\/\/api.w.org\/{rel}","templated":true}]}}