{"id":3242,"date":"2016-07-11T13:50:22","date_gmt":"2016-07-11T11:50:22","guid":{"rendered":"http:\/\/klubmamgdynia.pl\/index.php\/produkt\/cobi-24526-youngtimer-lada-2101-96el\/"},"modified":"2026-05-17T23:08:37","modified_gmt":"2026-05-17T21:08:37","slug":"cobi-24526-youngtimer-lada-2101-96el","status":"publish","type":"product","link":"http:\/\/klubmamgdynia.pl\/index.php\/produkt\/cobi-24526-youngtimer-lada-2101-96el\/","title":{"rendered":"Cobi 24526 Youngtimer Lada 2101 96el."},"content":{"rendered":"<p>WAZ2102 na eksport sprzedawany pod mark\u0105 \u0141ada, by\u0142 pierwszym modelem samochodu fabryki z Togliatti. Jego produkcj\u0119 rozpocz\u0119to 19 kwietnia 1070 r . \u0141ada 2101 jest licencyjn\u0105 odmian\u0105 produkowanego w latach 1966 &#8211; 1072 w\u0142oskiego samochodu Fiat 124. Przed rozpocz\u0119ciem seryjnej produkcji dokonano oko\u0142o 800 zmian i modernizacji maj\u0105cych na celu dostosowanie tej konstrukcji do warunk\u00f3w drogowych Zwi\u0105zku Radzieckiego. Model w skali 1: 35 z\u0142o\u017cony w 100% z klock\u00f3w Cobi bardzo wiernie oddaje charakterystyczne kszta\u0142ty oryginalnego samochodu \u0141ada 2101. Dzi\u0119ki 98 elementom mo\u017cliwe s\u0105 drobne modyfikacje i przer\u00f3bki pojazdu. W modelu tym zrezygnowali\u015bmy z naklejek. Zosta\u0142y one zast\u0105pione trwa\u0142ymi nadrukami, kt\u00f3re nie \u015bcieraj\u0105 si\u0119 nawet w trakcie intensywnej zabawy. Obracaj\u0105ce si\u0119 ko\u0142a wyposa\u017cone w opony idealnie nadaj\u0105 si\u0119 do poruszania modelem w trakcie zabawy.<\/p>\n<h2>Cobi 24526 Youngtimer Lada 2101 96el. Cobi<\/h2>\n<p>prank na prima aprilis, wierszyk o wakacjach, pomys\u0142 na prezent na roczek, \u0142\u0105czenie kropek, stare bajki, jak zrobi\u0107 wulkan, quiz pi\u0142karski, hymn g\u00f3rniczy<\/p>\n<p>yyyyy<\/p>\n<p>&nbsp;<\/p>\n","protected":false},"excerpt":{"rendered":"<p>WAZ2102 na eksport sprzedawany pod mark\u0105 \u0141ada, by\u0142 pierwszym modelem samochodu fabryki z Togliatti. Jego produkcj\u0119 rozpocz\u0119to 19 kwietnia 1070 r . \u0141ada 2101 jest licencyjn\u0105 odmian\u0105 produkowanego w latach 1966 &#8211; 1072 w\u0142oskiego samochodu Fiat 124. Przed rozpocz\u0119ciem seryjnej produkcji dokonano oko\u0142o 800 zmian i modernizacji maj\u0105cych na celu dostosowanie tej konstrukcji do warunk\u00f3w [&hellip;]<\/p>\n","protected":false},"featured_media":3243,"comment_status":"closed","ping_status":"open","template":"","meta":[],"product_cat":[484,113],"product_tag":[716,784,692],"class_list":["post-3242","product","type-product","status-publish","has-post-thumbnail","hentry","product_cat-cobi","product_cat-klocki","product_tag-filmy-animowane-o-swietach","product_tag-hymn-gorniczy","product_tag-prezenty-na-roczek"],"_links":{"self":[{"href":"http:\/\/klubmamgdynia.pl\/index.php\/wp-json\/wp\/v2\/product\/3242","targetHints":{"allow":["GET"]}}],"collection":[{"href":"http:\/\/klubmamgdynia.pl\/index.php\/wp-json\/wp\/v2\/product"}],"about":[{"href":"http:\/\/klubmamgdynia.pl\/index.php\/wp-json\/wp\/v2\/types\/product"}],"replies":[{"embeddable":true,"href":"http:\/\/klubmamgdynia.pl\/index.php\/wp-json\/wp\/v2\/comments?post=3242"}],"wp:featuredmedia":[{"embeddable":true,"href":"http:\/\/klubmamgdynia.pl\/index.php\/wp-json\/wp\/v2\/media\/3243"}],"wp:attachment":[{"href":"http:\/\/klubmamgdynia.pl\/index.php\/wp-json\/wp\/v2\/media?parent=3242"}],"wp:term":[{"taxonomy":"product_cat","embeddable":true,"href":"http:\/\/klubmamgdynia.pl\/index.php\/wp-json\/wp\/v2\/product_cat?post=3242"},{"taxonomy":"product_tag","embeddable":true,"href":"http:\/\/klubmamgdynia.pl\/index.php\/wp-json\/wp\/v2\/product_tag?post=3242"}],"curies":[{"name":"wp","href":"https:\/\/api.w.org\/{rel}","templated":true}]}}