{"id":3244,"date":"2011-07-23T17:11:01","date_gmt":"2011-07-23T15:11:01","guid":{"rendered":"http:\/\/klubmamgdynia.pl\/index.php\/produkt\/playmobil-firebot-disc-shooter-6835\/"},"modified":"2026-04-06T15:41:59","modified_gmt":"2026-04-06T13:41:59","slug":"playmobil-firebot-disc-shooter-6835","status":"publish","type":"product","link":"http:\/\/klubmamgdynia.pl\/index.php\/produkt\/playmobil-firebot-disc-shooter-6835\/","title":{"rendered":"Playmobil Firebot Disc shooter (6835)"},"content":{"rendered":"<p>&#8222;Fire &amp; Ice&#8221; to seria Playmobil nawi\u0105zuj\u0105ca do rozgrywek pomi\u0119dzy dwiema dru\u017cynami. Zestawy zawieraj\u0105 postaci i funkcje charakterystyczne dla danej dru\u017cyny. G\u0142\u00f3wny zestaw to gra, w kt\u00f3rej mierz\u0105 si\u0119 si\u0142y Ognia i lodu.Firebot z wyrzutni\u0105 dysk\u00f3w 6835. Strzelaj dyskiem do celu i zbieraj jak najwi\u0119cej punkt\u00f3w.Zawarto\u015b\u0107 i cechy zestawu:figurka Firebotfantastyczna lotnia z wyrzutni\u01053 ogniste dyskidziesi\u0119ciopunktowa tarczamo\u017cliwo\u015b\u0107 w\u0142o\u017cenia 3 dysk\u00f3w jednocze\u015bnie i wystrzeliwania ich jeden po drugimfigurka Firebota mo\u017ce by\u0107 przyczepiona do lotni za pomoc\u0105 n\u00f3gmo\u017cliwo\u015b\u0107 \u0142\u0105czenia z zestawem 6831 w celu poszerzenia opcji gry i stworzenia ciekawej rywalizacjimo\u017cliwo\u015b\u0107 \u0142\u0105czenia zestaw\u00f3w 6832, 6833, 6834 6835<\/p>\n<h2>Playmobil Firebot Disc shooter (6835) Playmobil<\/h2>\n<p>kr\u00f3tkie zagadki logiczne, znaczenie imienia milosz, materac do basenu, kolorowanki lol<\/p>\n<p>yyyyy<\/p>\n<p>&nbsp;<\/p>\n","protected":false},"excerpt":{"rendered":"<p>&#8222;Fire &amp; Ice&#8221; to seria Playmobil nawi\u0105zuj\u0105ca do rozgrywek pomi\u0119dzy dwiema dru\u017cynami. Zestawy zawieraj\u0105 postaci i funkcje charakterystyczne dla danej dru\u017cyny. G\u0142\u00f3wny zestaw to gra, w kt\u00f3rej mierz\u0105 si\u0119 si\u0142y Ognia i lodu.Firebot z wyrzutni\u0105 dysk\u00f3w 6835. Strzelaj dyskiem do celu i zbieraj jak najwi\u0119cej punkt\u00f3w.Zawarto\u015b\u0107 i cechy zestawu:figurka Firebotfantastyczna lotnia z wyrzutni\u01053 ogniste dyskidziesi\u0119ciopunktowa [&hellip;]<\/p>\n","protected":false},"featured_media":3245,"comment_status":"closed","ping_status":"open","template":"","meta":[],"product_cat":[113,466],"product_tag":[780,672,788,756],"class_list":["post-3244","product","type-product","status-publish","has-post-thumbnail","hentry","product_cat-klocki","product_cat-playmobil","product_tag-krecik-bajka","product_tag-trudne-zagadki-z-odpowiedziami","product_tag-zagadki-krotkie","product_tag-zaproszenie-na-urodziny-do-druku"],"_links":{"self":[{"href":"http:\/\/klubmamgdynia.pl\/index.php\/wp-json\/wp\/v2\/product\/3244","targetHints":{"allow":["GET"]}}],"collection":[{"href":"http:\/\/klubmamgdynia.pl\/index.php\/wp-json\/wp\/v2\/product"}],"about":[{"href":"http:\/\/klubmamgdynia.pl\/index.php\/wp-json\/wp\/v2\/types\/product"}],"replies":[{"embeddable":true,"href":"http:\/\/klubmamgdynia.pl\/index.php\/wp-json\/wp\/v2\/comments?post=3244"}],"wp:featuredmedia":[{"embeddable":true,"href":"http:\/\/klubmamgdynia.pl\/index.php\/wp-json\/wp\/v2\/media\/3245"}],"wp:attachment":[{"href":"http:\/\/klubmamgdynia.pl\/index.php\/wp-json\/wp\/v2\/media?parent=3244"}],"wp:term":[{"taxonomy":"product_cat","embeddable":true,"href":"http:\/\/klubmamgdynia.pl\/index.php\/wp-json\/wp\/v2\/product_cat?post=3244"},{"taxonomy":"product_tag","embeddable":true,"href":"http:\/\/klubmamgdynia.pl\/index.php\/wp-json\/wp\/v2\/product_tag?post=3244"}],"curies":[{"name":"wp","href":"https:\/\/api.w.org\/{rel}","templated":true}]}}