{"id":3246,"date":"2017-05-15T21:44:20","date_gmt":"2017-05-15T19:44:20","guid":{"rendered":"http:\/\/klubmamgdynia.pl\/index.php\/produkt\/technok-hustawka-plastikowa-zielona-1660\/"},"modified":"2026-04-05T05:11:16","modified_gmt":"2026-04-05T03:11:16","slug":"technok-hustawka-plastikowa-zielona-1660","status":"publish","type":"product","link":"http:\/\/klubmamgdynia.pl\/index.php\/produkt\/technok-hustawka-plastikowa-zielona-1660\/","title":{"rendered":"Technok Hustawka Plastikowa Zielona 1660"},"content":{"rendered":"<p>Wisz\u0105ca hu\u015btawka dla dzieci, kt\u00f3r\u0105 mo\u017cna zainstalowa\u0107 wewn\u0105trz lub na zewn\u0105trz. Ud\u017awig do 20 kg.Uwaga! Kolory wysy\u0142ane s\u0105 losowo, bez mo\u017cliwo\u015bci wyboru. Podana cena dotyczy jednej sztuki.<\/p>\n<h2>Technok Hustawka Plastikowa Zielona 1660 Technok<\/h2>\n<p>linda, tupu tup po \u015bniegu tekst, najpi\u0119kniejsze cytaty cytaty dla mamy, maski superbohater\u00f3w do wydrukowania, prezent roczek, pole dyniowe pozna\u0144, natan imi\u0119, pomys\u0142y na pakowanie prezent\u00f3w, kolorowe listki, ubieranki do druku, kinderbal przepisy, natan imi\u0119<\/p>\n<p>yyyyy<\/p>\n<p>&nbsp;<\/p>\n","protected":false},"excerpt":{"rendered":"<p>Wisz\u0105ca hu\u015btawka dla dzieci, kt\u00f3r\u0105 mo\u017cna zainstalowa\u0107 wewn\u0105trz lub na zewn\u0105trz. Ud\u017awig do 20 kg.Uwaga! Kolory wysy\u0142ane s\u0105 losowo, bez mo\u017cliwo\u015bci wyboru. Podana cena dotyczy jednej sztuki. Technok Hustawka Plastikowa Zielona 1660 Technok linda, tupu tup po \u015bniegu tekst, najpi\u0119kniejsze cytaty cytaty dla mamy, maski superbohater\u00f3w do wydrukowania, prezent roczek, pole dyniowe pozna\u0144, natan imi\u0119, [&hellip;]<\/p>\n","protected":false},"featured_media":3247,"comment_status":"closed","ping_status":"open","template":"","meta":[],"product_cat":[285,284],"product_tag":[716,851,764,771],"class_list":["post-3246","product","type-product","status-publish","has-post-thumbnail","hentry","product_cat-place-zabaw","product_cat-technok","product_tag-filmy-animowane-o-swietach","product_tag-jak-narysowac-kota","product_tag-prezenty-na-roczek-dla-dziewczynki","product_tag-stolice-europy-quiz"],"_links":{"self":[{"href":"http:\/\/klubmamgdynia.pl\/index.php\/wp-json\/wp\/v2\/product\/3246","targetHints":{"allow":["GET"]}}],"collection":[{"href":"http:\/\/klubmamgdynia.pl\/index.php\/wp-json\/wp\/v2\/product"}],"about":[{"href":"http:\/\/klubmamgdynia.pl\/index.php\/wp-json\/wp\/v2\/types\/product"}],"replies":[{"embeddable":true,"href":"http:\/\/klubmamgdynia.pl\/index.php\/wp-json\/wp\/v2\/comments?post=3246"}],"wp:featuredmedia":[{"embeddable":true,"href":"http:\/\/klubmamgdynia.pl\/index.php\/wp-json\/wp\/v2\/media\/3247"}],"wp:attachment":[{"href":"http:\/\/klubmamgdynia.pl\/index.php\/wp-json\/wp\/v2\/media?parent=3246"}],"wp:term":[{"taxonomy":"product_cat","embeddable":true,"href":"http:\/\/klubmamgdynia.pl\/index.php\/wp-json\/wp\/v2\/product_cat?post=3246"},{"taxonomy":"product_tag","embeddable":true,"href":"http:\/\/klubmamgdynia.pl\/index.php\/wp-json\/wp\/v2\/product_tag?post=3246"}],"curies":[{"name":"wp","href":"https:\/\/api.w.org\/{rel}","templated":true}]}}