{"id":3248,"date":"2015-08-31T01:01:24","date_gmt":"2015-08-30T23:01:24","guid":{"rendered":"http:\/\/klubmamgdynia.pl\/index.php\/produkt\/duza-klatka-woliera-dla-ptakow-ezgotycznychpapugi\/"},"modified":"2026-04-06T06:48:22","modified_gmt":"2026-04-06T04:48:22","slug":"duza-klatka-woliera-dla-ptakow-ezgotycznychpapugi","status":"publish","type":"product","link":"http:\/\/klubmamgdynia.pl\/index.php\/produkt\/duza-klatka-woliera-dla-ptakow-ezgotycznychpapugi\/","title":{"rendered":"DU\u017bA KLATKA WOLIERA DLA PTAK\u00d3W EzGOTYCzNYCH,PAPUGI"},"content":{"rendered":"<p>Zaprojektowana, aby przechowywa\u0107 pierzastych przyjaci\u00f3\u0142, gdzie naprawd\u0119 czuj\u0105 si\u0119 dobrze. Klatka dla ptak\u00f3w ze spiczastym dachem jest idealna dla papu\u017cek falistych, kanark\u00f3w i egzotycznych ptak\u00f3w wszelkiego rodzaju i zapewnia wystarczaj\u0105c\u0105 ilo\u015b\u0107 miejsca.<\/p>\n<h2>DU\u017bA KLATKA WOLIERA DLA PTAK\u00d3W EzGOTYCzNYCH,PAPUGI <\/h2>\n<p>kolorowanka piesek, cytaty dla dzieci, rzadkie imiona \u017ce\u0144skie polskie, \u015bmieszne \u0142ama\u0144ce j\u0119zykowe, zagadki dla 8 latka, oryginalny prezent dla nastolatk\u00f3w, list do \u015bw miko\u0142aja &#8212; wz\u00f3r, jacek, \u0142\u00f3d\u017a atrakcje dla dzieci, tabliczka mno\u017cenia karty pracy do druku<\/p>\n<p>yyyyy<\/p>\n<p>&nbsp;<\/p>\n","protected":false},"excerpt":{"rendered":"<p>Zaprojektowana, aby przechowywa\u0107 pierzastych przyjaci\u00f3\u0142, gdzie naprawd\u0119 czuj\u0105 si\u0119 dobrze. Klatka dla ptak\u00f3w ze spiczastym dachem jest idealna dla papu\u017cek falistych, kanark\u00f3w i egzotycznych ptak\u00f3w wszelkiego rodzaju i zapewnia wystarczaj\u0105c\u0105 ilo\u015b\u0107 miejsca. DU\u017bA KLATKA WOLIERA DLA PTAK\u00d3W EzGOTYCzNYCH,PAPUGI kolorowanka piesek, cytaty dla dzieci, rzadkie imiona \u017ce\u0144skie polskie, \u015bmieszne \u0142ama\u0144ce j\u0119zykowe, zagadki dla 8 latka, oryginalny [&hellip;]<\/p>\n","protected":false},"featured_media":3249,"comment_status":"closed","ping_status":"open","template":"","meta":[],"product_cat":[1027],"product_tag":[611,593,688,785,714,869],"class_list":["post-3248","product","type-product","status-publish","has-post-thumbnail","hentry","product_cat-klatki-dla-ptakow","product_tag-bajki-do-czytania-psi-patrol","product_tag-jak-narysowac-konia","product_tag-kolysanki-tekst","product_tag-prezent-dla-nastolatkow","product_tag-zagadki-logiczne","product_tag-zagadki-na-logike"],"_links":{"self":[{"href":"http:\/\/klubmamgdynia.pl\/index.php\/wp-json\/wp\/v2\/product\/3248","targetHints":{"allow":["GET"]}}],"collection":[{"href":"http:\/\/klubmamgdynia.pl\/index.php\/wp-json\/wp\/v2\/product"}],"about":[{"href":"http:\/\/klubmamgdynia.pl\/index.php\/wp-json\/wp\/v2\/types\/product"}],"replies":[{"embeddable":true,"href":"http:\/\/klubmamgdynia.pl\/index.php\/wp-json\/wp\/v2\/comments?post=3248"}],"wp:featuredmedia":[{"embeddable":true,"href":"http:\/\/klubmamgdynia.pl\/index.php\/wp-json\/wp\/v2\/media\/3249"}],"wp:attachment":[{"href":"http:\/\/klubmamgdynia.pl\/index.php\/wp-json\/wp\/v2\/media?parent=3248"}],"wp:term":[{"taxonomy":"product_cat","embeddable":true,"href":"http:\/\/klubmamgdynia.pl\/index.php\/wp-json\/wp\/v2\/product_cat?post=3248"},{"taxonomy":"product_tag","embeddable":true,"href":"http:\/\/klubmamgdynia.pl\/index.php\/wp-json\/wp\/v2\/product_tag?post=3248"}],"curies":[{"name":"wp","href":"https:\/\/api.w.org\/{rel}","templated":true}]}}