{"id":325,"date":"2015-04-23T00:00:35","date_gmt":"2015-04-22T22:00:35","guid":{"rendered":"http:\/\/klubmamgdynia.pl\/index.php\/produkt\/smily-play-chatka-sorter-gra-i-spiewa-0772\/"},"modified":"2026-04-07T08:58:44","modified_gmt":"2026-04-07T06:58:44","slug":"smily-play-chatka-sorter-gra-i-spiewa-0772","status":"publish","type":"product","link":"http:\/\/klubmamgdynia.pl\/index.php\/produkt\/smily-play-chatka-sorter-gra-i-spiewa-0772\/","title":{"rendered":"Smily Play Chatka Sorter Gra I \u015apiewa 0772"},"content":{"rendered":"<p>Sorter kszta\u0142t\u00f3w Chatka Smily Play Zabawy z d\u017awi\u0119kami rozwin\u0105 muzykalno\u015b\u0107 dziecka. 3 klawisze pianinka graj\u0105 melodyjki i \u015bwiec\u0105. Dziecko mo\u017ce weso\u0142o muzykowa\u0107 razem z zabawk\u0105. Poznawanie kszta\u0142t\u00f3w i literek, nauka wierszyk\u00f3w i piosenki. Chatka jest sorterem z 6 klockami. Dzi\u0119ki nim dziecko pozna 3 podstawowe figury geometryczne oraz 3 literki. Poza tym razem z chatk\u0105 dziecko mo\u017ce recytowa\u0107 wierszyk lub \u015bpiewa\u0107 2 piosenki. Zabawy rozwijaj\u0105ce sprawno\u015b\u0107 ma\u0142ej motoryki. Zabawa chatk\u0105 to doskona\u0142a okazja do \u0107wicze\u0144 d\u0142oni i paluszk\u00f3w. Wk\u0142adanie i wyjmowanie klock\u00f3w, otwieranie drzwi kluczykiem, przesuwanie wskaz\u00f3wek zegara, otwieranie okna, kr\u0119cenie walcem lub terkocz\u0105cymi k\u00f3\u0142kami, szukanie kotka i myszki \u2013 te wszystkie czynno\u015bci usprawni\u0105 ma\u0142\u0105 motoryk\u0119 dziecka. m\u00f3wi po polsku ma 6 r\u00f3\u017cnokolorowych kloc\u00f3w w kszta\u0142cie literek i figur geometrycznych do sortowania 2 zabawy muzyczne: &#8211; odtwarzanie melodii &#8211; zgadnij jaki to d\u017awi\u0119k Wymaga 2 baterii typu AA 1,5V. Do\u0142\u0105czono do zestawu. Wiek: 12m+ m\u00f3wi po polsku ma 6 r\u00f3\u017cnokolorowych kloc\u00f3w w kszta\u0142cie literek i figur geometrycznych do sortowania 2 zabawy muzyczne: 1. odtwarzanie melodii 2. zgadnij jaki to d\u017awi\u0119k<\/p>\n<h2>Smily Play Chatka Sorter Gra I \u015apiewa 0772 Smily Play<\/h2>\n<p>lol kolorowanka do druku, wydarzenia dla dzieci warszawa, park ujazdowski, traktor do druku, test z lektury asiunia, szkic jak narysowa\u0107 kota, psi patrol kolorowanka do druku<\/p>\n<p>yyyyy<\/p>\n<p>&nbsp;<\/p>\n","protected":false},"excerpt":{"rendered":"<p>Sorter kszta\u0142t\u00f3w Chatka Smily Play Zabawy z d\u017awi\u0119kami rozwin\u0105 muzykalno\u015b\u0107 dziecka. 3 klawisze pianinka graj\u0105 melodyjki i \u015bwiec\u0105. Dziecko mo\u017ce weso\u0142o muzykowa\u0107 razem z zabawk\u0105. Poznawanie kszta\u0142t\u00f3w i literek, nauka wierszyk\u00f3w i piosenki. Chatka jest sorterem z 6 klockami. Dzi\u0119ki nim dziecko pozna 3 podstawowe figury geometryczne oraz 3 literki. Poza tym razem z chatk\u0105 [&hellip;]<\/p>\n","protected":false},"featured_media":326,"comment_status":"closed","ping_status":"open","template":"","meta":[],"product_cat":[62,61],"product_tag":[815,743,587,672,724,615],"class_list":["post-325","product","type-product","status-publish","has-post-thumbnail","hentry","product_cat-smily-play","product_cat-zabawki-edukacyjne-dla-niemowlat","product_tag-ozdoby-choinkowe-dla-dzieci","product_tag-quiz-dla-dzieci","product_tag-skalne-miasto","product_tag-trudne-zagadki-z-odpowiedziami","product_tag-zagadki-podchwytliwe","product_tag-znane-misie-z-filmow-animowanych"],"_links":{"self":[{"href":"http:\/\/klubmamgdynia.pl\/index.php\/wp-json\/wp\/v2\/product\/325","targetHints":{"allow":["GET"]}}],"collection":[{"href":"http:\/\/klubmamgdynia.pl\/index.php\/wp-json\/wp\/v2\/product"}],"about":[{"href":"http:\/\/klubmamgdynia.pl\/index.php\/wp-json\/wp\/v2\/types\/product"}],"replies":[{"embeddable":true,"href":"http:\/\/klubmamgdynia.pl\/index.php\/wp-json\/wp\/v2\/comments?post=325"}],"wp:featuredmedia":[{"embeddable":true,"href":"http:\/\/klubmamgdynia.pl\/index.php\/wp-json\/wp\/v2\/media\/326"}],"wp:attachment":[{"href":"http:\/\/klubmamgdynia.pl\/index.php\/wp-json\/wp\/v2\/media?parent=325"}],"wp:term":[{"taxonomy":"product_cat","embeddable":true,"href":"http:\/\/klubmamgdynia.pl\/index.php\/wp-json\/wp\/v2\/product_cat?post=325"},{"taxonomy":"product_tag","embeddable":true,"href":"http:\/\/klubmamgdynia.pl\/index.php\/wp-json\/wp\/v2\/product_tag?post=325"}],"curies":[{"name":"wp","href":"https:\/\/api.w.org\/{rel}","templated":true}]}}