{"id":3254,"date":"2025-05-06T19:17:37","date_gmt":"2025-05-06T17:17:37","guid":{"rendered":"http:\/\/klubmamgdynia.pl\/?post_type=product&#038;p=3254"},"modified":"2026-05-17T23:00:00","modified_gmt":"2026-05-17T21:00:00","slug":"cobi-glimmies-aquaria-sablena-0030","status":"publish","type":"product","link":"http:\/\/klubmamgdynia.pl\/index.php\/produkt\/cobi-glimmies-aquaria-sablena-0030\/","title":{"rendered":"Cobi Glimmies Aquaria Sablena 0030"},"content":{"rendered":"<p>Nowe postacie Glimmies w postaci stworze\u0144 morskich. Po zanurzeniu w wodzie roz\u015bwietli si\u0119.<\/p>\n<h2>Cobi Glimmies Aquaria Sablena 0030 Cobi<\/h2>\n<p>alan znaczenie imienia, bajki dla chlopcow, najrzadsze imiona dla dziewczynek, dymitr, zagadki o zimie, prezent dla dziewczynki 7 lat, quiz o usa<\/p>\n<p>yyyyy<\/p>\n<p>&nbsp;<\/p>\n","protected":false},"excerpt":{"rendered":"<p>Nowe postacie Glimmies w postaci stworze\u0144 morskich. Po zanurzeniu w wodzie roz\u015bwietli si\u0119. Cobi Glimmies Aquaria Sablena 0030 Cobi alan znaczenie imienia, bajki dla chlopcow, najrzadsze imiona dla dziewczynek, dymitr, zagadki o zimie, prezent dla dziewczynki 7 lat, quiz o usa yyyyy &nbsp;<\/p>\n","protected":false},"featured_media":3255,"comment_status":"closed","ping_status":"open","template":"","meta":[],"product_cat":[484,95],"product_tag":[833,691,788],"class_list":["post-3254","product","type-product","status-publish","has-post-thumbnail","hentry","product_cat-cobi","product_cat-figurki-makiety-i-zestawy","product_tag-bajki-dla-dzieci-do-czytania","product_tag-gabriel","product_tag-zagadki-krotkie"],"_links":{"self":[{"href":"http:\/\/klubmamgdynia.pl\/index.php\/wp-json\/wp\/v2\/product\/3254","targetHints":{"allow":["GET"]}}],"collection":[{"href":"http:\/\/klubmamgdynia.pl\/index.php\/wp-json\/wp\/v2\/product"}],"about":[{"href":"http:\/\/klubmamgdynia.pl\/index.php\/wp-json\/wp\/v2\/types\/product"}],"replies":[{"embeddable":true,"href":"http:\/\/klubmamgdynia.pl\/index.php\/wp-json\/wp\/v2\/comments?post=3254"}],"wp:featuredmedia":[{"embeddable":true,"href":"http:\/\/klubmamgdynia.pl\/index.php\/wp-json\/wp\/v2\/media\/3255"}],"wp:attachment":[{"href":"http:\/\/klubmamgdynia.pl\/index.php\/wp-json\/wp\/v2\/media?parent=3254"}],"wp:term":[{"taxonomy":"product_cat","embeddable":true,"href":"http:\/\/klubmamgdynia.pl\/index.php\/wp-json\/wp\/v2\/product_cat?post=3254"},{"taxonomy":"product_tag","embeddable":true,"href":"http:\/\/klubmamgdynia.pl\/index.php\/wp-json\/wp\/v2\/product_tag?post=3254"}],"curies":[{"name":"wp","href":"https:\/\/api.w.org\/{rel}","templated":true}]}}