{"id":3256,"date":"2021-10-01T15:17:45","date_gmt":"2021-10-01T13:17:45","guid":{"rendered":"http:\/\/klubmamgdynia.pl\/index.php\/produkt\/norimpex-malowanie-po-numerach-konie-40-x-50-5666-31302\/"},"modified":"2026-04-06T01:39:39","modified_gmt":"2026-04-05T23:39:39","slug":"norimpex-malowanie-po-numerach-konie-40-x-50-5666-31302","status":"publish","type":"product","link":"http:\/\/klubmamgdynia.pl\/index.php\/produkt\/norimpex-malowanie-po-numerach-konie-40-x-50-5666-31302\/","title":{"rendered":"Norimpex Malowanie Po Numerach Konie 40 X 50 5666 (31302)"},"content":{"rendered":"<p>Sp\u0119d\u017a relaksuj\u0105cy wiecz\u00f3r i stw\u00f3rz w\u0142asne niesamowite dzie\u0142o sztuki.Malowanie po numerach to zestaw, w kt\u00f3rym obraz jest podzielony na segmenty, nadrukowane na p\u0142\u00f3tnie.Po pomalowaniu p\u00f3l wyznaczonymi kolorami, oczom malarza uka\u017c\u0105 sie konie.Ka\u017cdy jest oznaczony liczb\u0105 odpowiadaj\u0105c\u0105 okre\u015blonemu kolorowi.Zamaluj ka\u017cdy segment odpowiednim kolorem a otrzymasz prawdziwe arcydzie\u0142o stworzone w\u0142asnor\u0119cznie.1. Znajd\u017a odpowiedni\u0105 farb\u0119 akrylow\u0105 na podstawie numer\u00f3w na p\u0142\u00f3tnie.2. Otw\u00f3rz pude\u0142ko z farb\u0105 odpowiadaj\u0105c\u0105 numerowi i pomaluj p\u0142\u00f3tno za pomoc\u0105 p\u0119dzla.3. Stopniowo wype\u0142niaj r\u00f3\u017cne ponumerowane obszary odpowiednimi pigmentami.Uwolnij swoj\u0105 kreatywno\u015b\u0107 dzi\u0119ki \u0142atwym, zabawnym, pi\u0119knym zestawom do samodzielnego malowania dla doros\u0142ych.Korzy\u015bci p\u0142yn\u0105ce z malowania:\u2022 poprawa skupienia,\u2022 uczucie relaksu i odpr\u0119\u017cenia,\u2022 poprawa umiej\u0119tno\u015bci malarskich dzi\u0119ki praktyce.Zawarto\u015b\u0107 zestawu:\u2022 p\u0142\u00f3tno naci\u0105gni\u0119te na drewnian\u0105 ramk\u0119,\u2022 3 p\u0119dzle,\u2022 farby akrylowe,\u2022 akcesoria do zawieszenia.Poziom trudno\u015bci: 5\/5Ilo\u015b\u0107 kolor\u00f3w: 22Wymiary obrazu: 40.0 x 50.0 cmWymiar opakowania: 51.0 x 41.0 x 2.5 cmUwaga: zamykaj pojemniki po sko\u0144czonym malowaniu, by zapobiec wysychaniu. Farby nie s\u0105 jadalne.EAN: 5902444056665<\/p>\n<h2>Norimpex Malowanie Po Numerach Konie 40 X 50 5666 (31302) Norimpex<\/h2>\n<p>\u0142amig\u0142\u00f3wki dla dzieci do druku, kolorowanka harry potter, dobranoc pch\u0142y na noc, pomys\u0142y na prezent dla nastolatki, pokemon kolorowanki, zagadki o wio\u015bnie dla dzieci, farma dyni poznan, zaproszenie na urodziny, kolorowanki do druku kotki, zagadki logiczne na inteligencj\u0119 dla doros\u0142ych, podchwytliwe zagadki z odpowiedziami, traktor do druku, mini zoo warszawa, kolorowe kanapki kanapki dla dzieci, w\u0142ochy, kolorowanki star wars, atrakcje warszawa dla dzieci, po\u0142\u0105cz kropki do wydruku pdf, zagadki dla 6 latka, wierszyki na \u015bmigusa dyngusa<\/p>\n<p>yyyyy<\/p>\n<p>&nbsp;<\/p>\n","protected":false},"excerpt":{"rendered":"<p>Sp\u0119d\u017a relaksuj\u0105cy wiecz\u00f3r i stw\u00f3rz w\u0142asne niesamowite dzie\u0142o sztuki.Malowanie po numerach to zestaw, w kt\u00f3rym obraz jest podzielony na segmenty, nadrukowane na p\u0142\u00f3tnie.Po pomalowaniu p\u00f3l wyznaczonymi kolorami, oczom malarza uka\u017c\u0105 sie konie.Ka\u017cdy jest oznaczony liczb\u0105 odpowiadaj\u0105c\u0105 okre\u015blonemu kolorowi.Zamaluj ka\u017cdy segment odpowiednim kolorem a otrzymasz prawdziwe arcydzie\u0142o stworzone w\u0142asnor\u0119cznie.1. Znajd\u017a odpowiedni\u0105 farb\u0119 akrylow\u0105 na podstawie numer\u00f3w [&hellip;]<\/p>\n","protected":false},"featured_media":3257,"comment_status":"closed","ping_status":"open","template":"","meta":[],"product_cat":[934,554],"product_tag":[668,611,813,783,820],"class_list":["post-3256","product","type-product","status-publish","has-post-thumbnail","hentry","product_cat-malowanie-po-numerach","product_cat-norimpex","product_tag-atrakcje-dla-dzieci-wroclaw","product_tag-bajki-do-czytania-psi-patrol","product_tag-krotkie-zagadki-matematyczne-z-odpowiedziami","product_tag-prezenty-na-roczek-dla-chlopca","product_tag-ziemia-wyspa-zielona-tekst"],"_links":{"self":[{"href":"http:\/\/klubmamgdynia.pl\/index.php\/wp-json\/wp\/v2\/product\/3256","targetHints":{"allow":["GET"]}}],"collection":[{"href":"http:\/\/klubmamgdynia.pl\/index.php\/wp-json\/wp\/v2\/product"}],"about":[{"href":"http:\/\/klubmamgdynia.pl\/index.php\/wp-json\/wp\/v2\/types\/product"}],"replies":[{"embeddable":true,"href":"http:\/\/klubmamgdynia.pl\/index.php\/wp-json\/wp\/v2\/comments?post=3256"}],"wp:featuredmedia":[{"embeddable":true,"href":"http:\/\/klubmamgdynia.pl\/index.php\/wp-json\/wp\/v2\/media\/3257"}],"wp:attachment":[{"href":"http:\/\/klubmamgdynia.pl\/index.php\/wp-json\/wp\/v2\/media?parent=3256"}],"wp:term":[{"taxonomy":"product_cat","embeddable":true,"href":"http:\/\/klubmamgdynia.pl\/index.php\/wp-json\/wp\/v2\/product_cat?post=3256"},{"taxonomy":"product_tag","embeddable":true,"href":"http:\/\/klubmamgdynia.pl\/index.php\/wp-json\/wp\/v2\/product_tag?post=3256"}],"curies":[{"name":"wp","href":"https:\/\/api.w.org\/{rel}","templated":true}]}}