{"id":3258,"date":"2023-09-11T23:32:05","date_gmt":"2023-09-11T21:32:05","guid":{"rendered":"http:\/\/klubmamgdynia.pl\/?post_type=product&#038;p=3258"},"modified":"2026-04-03T20:45:08","modified_gmt":"2026-04-03T18:45:08","slug":"sunsun-akwarium-atk-350d-19l-akwarium-gotowy-zestaw","status":"publish","type":"product","link":"http:\/\/klubmamgdynia.pl\/index.php\/produkt\/sunsun-akwarium-atk-350d-19l-akwarium-gotowy-zestaw\/","title":{"rendered":"Sunsun Akwarium ATK-350D 19L Akwarium GOTOWY ZESTAW"},"content":{"rendered":"<p>Akwarium SunSun ATK-350Dz filtrem i o\u015bwietleniem LEDIdealne dla prezent!Eleganckie i proste w obs\u0142udze akwarium b\u0119dzie doskona\u0142\u0105 dekoracj\u0105 domu i wniesie ciep\u0142y nastr\u00f3j do ka\u017cdego wn\u0119trza. Idealne na prezeny czy jako pierwsze akwarium dla dziecka ! Solidne wykonanie zapewnia bezpiecze\u0144stwo przy ewentualnym st\u0142uczeniu.Akwarium wyposa\u017cone w akcesoria potrzebne do zapewnienia \u017cycia i zdrowia ryb i ro\u015blin.Posiada filtr JP-092 z deszczowni\u0105, o przep\u0142ywie 250l\/h i mocy 3W.Akwarium jest wyposa\u017cone w nowoczesne o\u015bwietlenie LED 5W, 500lm O\u015bwietlenie ma wysok\u0105 wydajno\u015b\u0107 i niskie zu\u017cycie energii.O\u015bwietlenie zapewnia wystarczaj\u0105c\u0105 ilo\u015b\u0107 \u015bwiat\u0142a, jest wodoodporne, bezpieczne i niezawodne.Ka\u017cdy zbiornik jest testowany na szczelno\u015b\u0107 i sprawno\u015b\u0107 wszystkich komponent\u00f3w. Akwarium wykonano ze szk\u0142a.Akwarium ma wbudowan\u0105 podstaw\u0119 oraz naro\u017cniki g\u00f3rne.Dane techniczne:Pojemno\u015b\u0107: 19LO\u015bwietlenie: 5W LEDFiltr: 3WWymiary: 350x200x270mm<\/p>\n<h2>Sunsun Akwarium ATK-350D 19L Akwarium GOTOWY ZESTAW SunSun<\/h2>\n<p>eksperyment dla dzieci wulkan, traktor z przyczep\u0105 kolorowanka do druku, zagadki dla 5 latka, kr\u00f3tkie zagadki dla dzieci, karnawa\u0142 maska karnawa\u0142owa szablon, \u015bwinka peppa do czytania, dyplom do druku, znaczenie imiona pola, bajka o smoku wawelskim, zagadki o bajkach, maski na twarz dla dzieci do wydruku, jaki prezent na roczek, kolorowanki dla dzieci do druku, star wars kolorowanki<\/p>\n<p>yyyyy<\/p>\n<p>&nbsp;<\/p>\n","protected":false},"excerpt":{"rendered":"<p>Akwarium SunSun ATK-350Dz filtrem i o\u015bwietleniem LEDIdealne dla prezent!Eleganckie i proste w obs\u0142udze akwarium b\u0119dzie doskona\u0142\u0105 dekoracj\u0105 domu i wniesie ciep\u0142y nastr\u00f3j do ka\u017cdego wn\u0119trza. Idealne na prezeny czy jako pierwsze akwarium dla dziecka ! Solidne wykonanie zapewnia bezpiecze\u0144stwo przy ewentualnym st\u0142uczeniu.Akwarium wyposa\u017cone w akcesoria potrzebne do zapewnienia \u017cycia i zdrowia ryb i ro\u015blin.Posiada filtr [&hellip;]<\/p>\n","protected":false},"featured_media":3259,"comment_status":"closed","ping_status":"open","template":"","meta":[],"product_cat":[1030,1029],"product_tag":[584,870,703,602,793],"class_list":["post-3258","product","type-product","status-publish","has-post-thumbnail","hentry","product_cat-akwaria-i-zestawy-akwarystyczne","product_cat-sunsun","product_tag-liwia","product_tag-prezent-dla-chlopca-na-roczek","product_tag-prezent-dla-nastolatki","product_tag-quiz-o-zwierzetach-domowych","product_tag-zagadki-smieszne-podchwytliwe"],"_links":{"self":[{"href":"http:\/\/klubmamgdynia.pl\/index.php\/wp-json\/wp\/v2\/product\/3258","targetHints":{"allow":["GET"]}}],"collection":[{"href":"http:\/\/klubmamgdynia.pl\/index.php\/wp-json\/wp\/v2\/product"}],"about":[{"href":"http:\/\/klubmamgdynia.pl\/index.php\/wp-json\/wp\/v2\/types\/product"}],"replies":[{"embeddable":true,"href":"http:\/\/klubmamgdynia.pl\/index.php\/wp-json\/wp\/v2\/comments?post=3258"}],"wp:featuredmedia":[{"embeddable":true,"href":"http:\/\/klubmamgdynia.pl\/index.php\/wp-json\/wp\/v2\/media\/3259"}],"wp:attachment":[{"href":"http:\/\/klubmamgdynia.pl\/index.php\/wp-json\/wp\/v2\/media?parent=3258"}],"wp:term":[{"taxonomy":"product_cat","embeddable":true,"href":"http:\/\/klubmamgdynia.pl\/index.php\/wp-json\/wp\/v2\/product_cat?post=3258"},{"taxonomy":"product_tag","embeddable":true,"href":"http:\/\/klubmamgdynia.pl\/index.php\/wp-json\/wp\/v2\/product_tag?post=3258"}],"curies":[{"name":"wp","href":"https:\/\/api.w.org\/{rel}","templated":true}]}}