{"id":3260,"date":"2014-02-06T11:20:04","date_gmt":"2014-02-06T10:20:04","guid":{"rendered":"http:\/\/klubmamgdynia.pl\/index.php\/produkt\/cobi-glimmies-rakella-i-flayla-gp01000d\/"},"modified":"2026-04-06T09:17:04","modified_gmt":"2026-04-06T07:17:04","slug":"cobi-glimmies-rakella-i-flayla-gp01000d","status":"publish","type":"product","link":"http:\/\/klubmamgdynia.pl\/index.php\/produkt\/cobi-glimmies-rakella-i-flayla-gp01000d\/","title":{"rendered":"Cobi Glimmies Rakella i Flayla GP01000D"},"content":{"rendered":"<p>Opakowanie zawiera 2 figurki i ulotk\u0119 kolekcjonersk\u0105. Ka\u017cda figurka opiekuje si\u0119 innym zwierz\u0105tkiem le\u015bnym, kt\u00f3rego przypomina kszta\u0142tem i kolorem. Figurki maj\u0105 magiczn\u0105 funkcj\u0119 \u2013 gdy jest ciemno, jak \u015bwietliki, same roz\u015bwietlaj\u0105 si\u0119 i gasn\u0105, w \u015bwietle. W asortymencie jest 6 kombinacji figurek, \u0142\u0105cznie do zebrania jest 12 figurek. (Te same dost\u0119pne s\u0105 w zestawie pojedynczym). Figurka zawiera 3 baterie 381 1,5V. Baterie mo\u017cna wymienia\u0107.Cena za 1 opakowanie. Wysy\u0142ane losowo.<\/p>\n<h2>Cobi Glimmies Rakella i Flayla GP01000D Cobi<\/h2>\n<p>ninjago kolorowanki, smok wawelski kolorowanka, co dla rocznego dziecka, zagadki wiosna, wy\u015bcig but\u00f3w, kolorowanki do druku konie, kolorowanki pi\u0142karskie<\/p>\n<p>yyyyy<\/p>\n<p>&nbsp;<\/p>\n","protected":false},"excerpt":{"rendered":"<p>Opakowanie zawiera 2 figurki i ulotk\u0119 kolekcjonersk\u0105. Ka\u017cda figurka opiekuje si\u0119 innym zwierz\u0105tkiem le\u015bnym, kt\u00f3rego przypomina kszta\u0142tem i kolorem. Figurki maj\u0105 magiczn\u0105 funkcj\u0119 \u2013 gdy jest ciemno, jak \u015bwietliki, same roz\u015bwietlaj\u0105 si\u0119 i gasn\u0105, w \u015bwietle. W asortymencie jest 6 kombinacji figurek, \u0142\u0105cznie do zebrania jest 12 figurek. (Te same dost\u0119pne s\u0105 w zestawie pojedynczym). [&hellip;]<\/p>\n","protected":false},"featured_media":3261,"comment_status":"closed","ping_status":"open","template":"","meta":[],"product_cat":[484,95],"product_tag":[683,669,720,613],"class_list":["post-3260","product","type-product","status-publish","has-post-thumbnail","hentry","product_cat-cobi","product_cat-figurki-makiety-i-zestawy","product_tag-karaluchy-pod-poduchy","product_tag-kolorowanki","product_tag-malowanki","product_tag-na-wyspach-bergamutach"],"_links":{"self":[{"href":"http:\/\/klubmamgdynia.pl\/index.php\/wp-json\/wp\/v2\/product\/3260","targetHints":{"allow":["GET"]}}],"collection":[{"href":"http:\/\/klubmamgdynia.pl\/index.php\/wp-json\/wp\/v2\/product"}],"about":[{"href":"http:\/\/klubmamgdynia.pl\/index.php\/wp-json\/wp\/v2\/types\/product"}],"replies":[{"embeddable":true,"href":"http:\/\/klubmamgdynia.pl\/index.php\/wp-json\/wp\/v2\/comments?post=3260"}],"wp:featuredmedia":[{"embeddable":true,"href":"http:\/\/klubmamgdynia.pl\/index.php\/wp-json\/wp\/v2\/media\/3261"}],"wp:attachment":[{"href":"http:\/\/klubmamgdynia.pl\/index.php\/wp-json\/wp\/v2\/media?parent=3260"}],"wp:term":[{"taxonomy":"product_cat","embeddable":true,"href":"http:\/\/klubmamgdynia.pl\/index.php\/wp-json\/wp\/v2\/product_cat?post=3260"},{"taxonomy":"product_tag","embeddable":true,"href":"http:\/\/klubmamgdynia.pl\/index.php\/wp-json\/wp\/v2\/product_tag?post=3260"}],"curies":[{"name":"wp","href":"https:\/\/api.w.org\/{rel}","templated":true}]}}