{"id":3262,"date":"2011-06-05T05:19:38","date_gmt":"2011-06-05T03:19:38","guid":{"rendered":"http:\/\/klubmamgdynia.pl\/index.php\/produkt\/zestaw-6szt-repelent-srodek-na-komary-kleszcze-i-inne-owady-mugga-spray-94-deet-mugga-75x6\/"},"modified":"2026-04-22T22:21:29","modified_gmt":"2026-04-22T20:21:29","slug":"zestaw-6szt-repelent-srodek-na-komary-kleszcze-i-inne-owady-mugga-spray-94-deet-mugga-75x6","status":"publish","type":"product","link":"http:\/\/klubmamgdynia.pl\/index.php\/produkt\/zestaw-6szt-repelent-srodek-na-komary-kleszcze-i-inne-owady-mugga-spray-94-deet-mugga-75x6\/","title":{"rendered":"Zestaw 6Szt Repelent \u015arodek Na Komary Kleszcze I Inne Owady, Mugga Spray , 9,4% Deet Mugga.75X6"},"content":{"rendered":"<p>Zestaw 6 szt. &#8211; Mleczko Mugga skutecznie odstrasza komary (europejskiei tropikalne), muchy, muchy krwiopijne, meszki, moskity, gzy, b\u0105ki, kleszcze i szereg innych insekt\u00f3w. Zapobiega uk\u0105szeniom przez 6-8 godzin od zastosowania. Ma przyjemny, dyskretny zapach, mo\u017cna je bezpiecznie stosowa\u0107 z innymi kosmetykami.Skuteczno\u015b\u0107 preparatu zosta\u0142a potwierdzona w laboratoriumi w terenie oraz przetestowana na ok. 2500 gatunkach komar\u00f3w, a tak\u017ce na ok. 850 gatunkach kleszczy.Spos\u00f3b u\u017cycia: za pomoc\u0105 aplikatora rozprowadzi\u0107 niewielk\u0105 ilo\u015b\u0107 \u015brodka na ods\u0142oni\u0119t\u0105 powierzchni\u0119 cia\u0142a, proces powt\u00f3rzy\u0107 po up\u0142ywie oko\u0142o 6 godzin.Preparat Mugga jest szczeg\u00f3lnie polecana dla:my\u015bliwychw\u0119dkarzypodr\u00f3\u017cnik\u00f3wpracownik\u00f3w le\u015bnychogrodnik\u00f3wwojskowychoraz wszystkich sp\u0119dzaj\u0105cych czas wolny na \u015bwie\u017cym powietrzusk\u0142ad: zawiera substancj\u0119 czynn\u0105 (9,5%) N,N-dietylo-3-metyolbenzamide-95 g\/l (DEET), etanol 357,5 g\/l oraz frakcje olejk\u00f3w ro\u015blinnych<\/p>\n<h2>Zestaw 6Szt Repelent \u015arodek Na Komary Kleszcze I Inne Owady, Mugga Spray , 9,4% Deet Mugga.75X6 Mugga<\/h2>\n<p>cicha noc po angielsku tekst, co na prezent dla nastolatk\u00f3w, serce kolorowanka, kuba imie, \u015bmieszne zagadki z odpowiedziami, zaczarowana zagroda &#8211; test, test z lektury mitologia grecka, paula znaczenie imienia, dary jesieni kolorowanki jesie\u0144, cytaty dla nauczycieli, znajd\u017a r\u00f3\u017cnice, lego ninjago kolorowanki, wzruszaj\u0105c\u0105 piosenka dla taty, dla dzieci warszawa<\/p>\n<p>yyyyy<\/p>\n<p>&nbsp;<\/p>\n","protected":false},"excerpt":{"rendered":"<p>Zestaw 6 szt. &#8211; Mleczko Mugga skutecznie odstrasza komary (europejskiei tropikalne), muchy, muchy krwiopijne, meszki, moskity, gzy, b\u0105ki, kleszcze i szereg innych insekt\u00f3w. Zapobiega uk\u0105szeniom przez 6-8 godzin od zastosowania. Ma przyjemny, dyskretny zapach, mo\u017cna je bezpiecznie stosowa\u0107 z innymi kosmetykami.Skuteczno\u015b\u0107 preparatu zosta\u0142a potwierdzona w laboratoriumi w terenie oraz przetestowana na ok. 2500 gatunkach komar\u00f3w, [&hellip;]<\/p>\n","protected":false},"featured_media":3263,"comment_status":"closed","ping_status":"open","template":"","meta":[],"product_cat":[1031,313],"product_tag":[845,744,634,779],"class_list":["post-3262","product","type-product","status-publish","has-post-thumbnail","hentry","product_cat-mugga","product_cat-zwalczanie-i-odstraszanie-szkodnikow","product_tag-ach-spij-kochanie-tekst","product_tag-kolorowanki-swiateczne-do-wydruku","product_tag-zagadki-wielkanocne-dla-dzieci","product_tag-zarty-na-prima-aprilis-w-domu"],"_links":{"self":[{"href":"http:\/\/klubmamgdynia.pl\/index.php\/wp-json\/wp\/v2\/product\/3262","targetHints":{"allow":["GET"]}}],"collection":[{"href":"http:\/\/klubmamgdynia.pl\/index.php\/wp-json\/wp\/v2\/product"}],"about":[{"href":"http:\/\/klubmamgdynia.pl\/index.php\/wp-json\/wp\/v2\/types\/product"}],"replies":[{"embeddable":true,"href":"http:\/\/klubmamgdynia.pl\/index.php\/wp-json\/wp\/v2\/comments?post=3262"}],"wp:featuredmedia":[{"embeddable":true,"href":"http:\/\/klubmamgdynia.pl\/index.php\/wp-json\/wp\/v2\/media\/3263"}],"wp:attachment":[{"href":"http:\/\/klubmamgdynia.pl\/index.php\/wp-json\/wp\/v2\/media?parent=3262"}],"wp:term":[{"taxonomy":"product_cat","embeddable":true,"href":"http:\/\/klubmamgdynia.pl\/index.php\/wp-json\/wp\/v2\/product_cat?post=3262"},{"taxonomy":"product_tag","embeddable":true,"href":"http:\/\/klubmamgdynia.pl\/index.php\/wp-json\/wp\/v2\/product_tag?post=3262"}],"curies":[{"name":"wp","href":"https:\/\/api.w.org\/{rel}","templated":true}]}}