{"id":3264,"date":"2011-09-13T18:10:21","date_gmt":"2011-09-13T16:10:21","guid":{"rendered":"http:\/\/klubmamgdynia.pl\/index.php\/produkt\/bros-gasnica-osy-i-szerszenie-600ml\/"},"modified":"2026-04-23T16:34:38","modified_gmt":"2026-04-23T14:34:38","slug":"bros-gasnica-osy-i-szerszenie-600ml","status":"publish","type":"product","link":"http:\/\/klubmamgdynia.pl\/index.php\/produkt\/bros-gasnica-osy-i-szerszenie-600ml\/","title":{"rendered":"Bros Ga\u015bnica Osy I Szerszenie 600Ml"},"content":{"rendered":"<p>Aerozol do zwalczania os i szerszeni oraz niszczenia ich gniazd &#8211; w ogrodach, na tarasach i balkonach. Unikalna konstrukcja zaworu umo\u017cliwia oprysk z odleg\u0142o\u015bci 5 m zapewniaj\u0105c bezpiecze\u0144stwo i wygod\u0119.<\/p>\n<h2>Bros Ga\u015bnica Osy I Szerszenie 600Ml Bros<\/h2>\n<p>m\u0105dra my\u015bl na dobranoc, kolorowanka pikachu, ach \u015bpij kochanie tekst, karty pracy dla dzieci z ukrainy, znaczenie imienia julian, kolorowanki dla ch\u0142opc\u00f3w, gabriel<\/p>\n<p>yyyyy<\/p>\n<p>&nbsp;<\/p>\n","protected":false},"excerpt":{"rendered":"<p>Aerozol do zwalczania os i szerszeni oraz niszczenia ich gniazd &#8211; w ogrodach, na tarasach i balkonach. Unikalna konstrukcja zaworu umo\u017cliwia oprysk z odleg\u0142o\u015bci 5 m zapewniaj\u0105c bezpiecze\u0144stwo i wygod\u0119. Bros Ga\u015bnica Osy I Szerszenie 600Ml Bros m\u0105dra my\u015bl na dobranoc, kolorowanka pikachu, ach \u015bpij kochanie tekst, karty pracy dla dzieci z ukrainy, znaczenie imienia [&hellip;]<\/p>\n","protected":false},"featured_media":0,"comment_status":"closed","ping_status":"open","template":"","meta":[],"product_cat":[1032,313],"product_tag":[871,740,689,639,692],"class_list":["post-3264","product","type-product","status-publish","hentry","product_cat-bros","product_cat-zwalczanie-i-odstraszanie-szkodnikow","product_tag-bajka-o-smoku-wawelskim","product_tag-fajne-prezenty-dla-nastolatkow","product_tag-linda","product_tag-nela-imie","product_tag-prezenty-na-roczek"],"_links":{"self":[{"href":"http:\/\/klubmamgdynia.pl\/index.php\/wp-json\/wp\/v2\/product\/3264","targetHints":{"allow":["GET"]}}],"collection":[{"href":"http:\/\/klubmamgdynia.pl\/index.php\/wp-json\/wp\/v2\/product"}],"about":[{"href":"http:\/\/klubmamgdynia.pl\/index.php\/wp-json\/wp\/v2\/types\/product"}],"replies":[{"embeddable":true,"href":"http:\/\/klubmamgdynia.pl\/index.php\/wp-json\/wp\/v2\/comments?post=3264"}],"wp:attachment":[{"href":"http:\/\/klubmamgdynia.pl\/index.php\/wp-json\/wp\/v2\/media?parent=3264"}],"wp:term":[{"taxonomy":"product_cat","embeddable":true,"href":"http:\/\/klubmamgdynia.pl\/index.php\/wp-json\/wp\/v2\/product_cat?post=3264"},{"taxonomy":"product_tag","embeddable":true,"href":"http:\/\/klubmamgdynia.pl\/index.php\/wp-json\/wp\/v2\/product_tag?post=3264"}],"curies":[{"name":"wp","href":"https:\/\/api.w.org\/{rel}","templated":true}]}}