{"id":3265,"date":"2014-09-16T01:02:54","date_gmt":"2014-09-15T23:02:54","guid":{"rendered":"http:\/\/klubmamgdynia.pl\/index.php\/produkt\/cobi-oplotka-do-wlosow-lovely-strands-08090-zabawka\/"},"modified":"2026-04-29T02:52:07","modified_gmt":"2026-04-29T00:52:07","slug":"cobi-oplotka-do-wlosow-lovely-strands-08090-zabawka","status":"publish","type":"product","link":"http:\/\/klubmamgdynia.pl\/index.php\/produkt\/cobi-oplotka-do-wlosow-lovely-strands-08090-zabawka\/","title":{"rendered":"COBI OPLOTKA DO W\u0141OS\u00d3W LOVELY STRANDS 08090 &#8211; Zabawka"},"content":{"rendered":"<p>Cobi &#8211; Oplotka do w\u0142os\u00f3w Lovely Strands kod. 08090 Maszynka Oplotka oplata kosmyki w\u0142os\u00f3w nitkami w 3 kolorach. Mo\u017cesz przy jej pomocy ozdabia\u0107 w\u0142osy tworz\u0105c kosmyki oplecione nitkami w ro\u017cnych kolorach. To fajna zabawa dla przyjaci\u00f3\u0142ek, kt\u00f3re wsp\u00f3lnie mog\u0105 dekorowa\u0107 swoje w\u0142osy. W zestawie znajdziecie tez kolorowe zapinki do ozdabiania w\u0142os\u00f3w. Oplecione kosmyki s\u0105 trwa\u0142e, a jednocze\u015bnie \u0142atwo je zdj\u0105\u0107. Istnieje mo\u017cliwo\u015b\u0107 ponownego nawini\u0119cia szpulek nici, je\u015bli wykorzystamy nitki zawarte w zestawie. Mo\u017cemy do tego wykorzysta\u0107 dowolne nici do szycia. Zawarto\u015b\u0107: Oplotka, 3 szpulki nici, 10 zapinek, 1 haczyk, 3 osie- akcesoria do ponownego nawijania szpulek. Baterie: Wymagane 2 baterie AA 1.5V \/Baterii nie za\u0142\u0105czono\/<\/p>\n<h2>COBI OPLOTKA DO W\u0141OS\u00d3W LOVELY STRANDS 08090 &#8211; Zabawka Cobi<\/h2>\n<p>zagadki na inteligencj\u0119, kolorowanki \u015bwi\u0105teczne do wydruku, quiz o samochodach, prezent dla nastolatk\u00f3w 2021<\/p>\n<p>yyyyy<\/p>\n<p>&nbsp;<\/p>\n","protected":false},"excerpt":{"rendered":"<p>Cobi &#8211; Oplotka do w\u0142os\u00f3w Lovely Strands kod. 08090 Maszynka Oplotka oplata kosmyki w\u0142os\u00f3w nitkami w 3 kolorach. Mo\u017cesz przy jej pomocy ozdabia\u0107 w\u0142osy tworz\u0105c kosmyki oplecione nitkami w ro\u017cnych kolorach. To fajna zabawa dla przyjaci\u00f3\u0142ek, kt\u00f3re wsp\u00f3lnie mog\u0105 dekorowa\u0107 swoje w\u0142osy. W zestawie znajdziecie tez kolorowe zapinki do ozdabiania w\u0142os\u00f3w. Oplecione kosmyki s\u0105 trwa\u0142e, [&hellip;]<\/p>\n","protected":false},"featured_media":3266,"comment_status":"closed","ping_status":"open","template":"","meta":[],"product_cat":[484,53],"product_tag":[832,681,675],"class_list":["post-3265","product","type-product","status-publish","has-post-thumbnail","hentry","product_cat-cobi","product_cat-kaciki-zabaw","product_tag-desery-dla-dzieci","product_tag-flagi-europy-quiz","product_tag-test-z-lektury-kajko-i-kokosz-szkola-latania"],"_links":{"self":[{"href":"http:\/\/klubmamgdynia.pl\/index.php\/wp-json\/wp\/v2\/product\/3265","targetHints":{"allow":["GET"]}}],"collection":[{"href":"http:\/\/klubmamgdynia.pl\/index.php\/wp-json\/wp\/v2\/product"}],"about":[{"href":"http:\/\/klubmamgdynia.pl\/index.php\/wp-json\/wp\/v2\/types\/product"}],"replies":[{"embeddable":true,"href":"http:\/\/klubmamgdynia.pl\/index.php\/wp-json\/wp\/v2\/comments?post=3265"}],"wp:featuredmedia":[{"embeddable":true,"href":"http:\/\/klubmamgdynia.pl\/index.php\/wp-json\/wp\/v2\/media\/3266"}],"wp:attachment":[{"href":"http:\/\/klubmamgdynia.pl\/index.php\/wp-json\/wp\/v2\/media?parent=3265"}],"wp:term":[{"taxonomy":"product_cat","embeddable":true,"href":"http:\/\/klubmamgdynia.pl\/index.php\/wp-json\/wp\/v2\/product_cat?post=3265"},{"taxonomy":"product_tag","embeddable":true,"href":"http:\/\/klubmamgdynia.pl\/index.php\/wp-json\/wp\/v2\/product_tag?post=3265"}],"curies":[{"name":"wp","href":"https:\/\/api.w.org\/{rel}","templated":true}]}}