{"id":3267,"date":"2023-05-17T14:11:51","date_gmt":"2023-05-17T12:11:51","guid":{"rendered":"http:\/\/klubmamgdynia.pl\/?post_type=product&#038;p=3267"},"modified":"2026-04-12T13:39:49","modified_gmt":"2026-04-12T11:39:49","slug":"treasure-x-dino-gold-mini-figurka-dino-cobi","status":"publish","type":"product","link":"http:\/\/klubmamgdynia.pl\/index.php\/produkt\/treasure-x-dino-gold-mini-figurka-dino-cobi\/","title":{"rendered":"Treasure X Dino Gold Mini figurka Dino Cobi"},"content":{"rendered":"<p>Cobi Dino Gold Mini Dino Treasure X Odkryj niesamowit\u0105 kolekcj\u0119 Dino Gold i szukaj skarbu! Przejd\u017a przez 8 poziom\u00f3w przygody! Czy znajdziesz skarb pokryty z\u0142otem? W tym zestawie do odnalezienia jest wspania\u0142a figurka Mini Dino oraz skarb. Znajd\u017a swoje narz\u0119dzie do kopania, kop w bryle i uratuj mini dinozaura i skarb! Czy znajdziesz skarb pokryty z\u0142otem? Z tej kolekcji do odnalezienia i zebrania jest 12 mini dinozaur\u00f3w, w tym 6 dinozaur\u00f3w w edycji kolekcjonerskiej. Zwr\u00f3\u0107 uwag\u0119 na z\u0142ote dinozaury. Szukaj te\u017c 6 r\u00f3\u017cnych skarb\u00f3w w postaci tajemniczych prehistorycznych robali oraz skarb pokryty z\u0142otem. Zabawka jest na zasadzie jajka niespodzianki. Nie mama mo\u017cliwo\u015bci wyboru zabawki. W kolekcji jest 12 r\u00f3\u017cnych figurek.<\/p>\n<h2>Treasure X Dino Gold Mini figurka Dino Cobi Cobi<\/h2>\n<p>z\u0142ote my\u015bli kubu\u015b puchatek cytaty, babciu droga babciu tekst, wiosenne zagadki, imie paula, ida swieta wielkanocne ida swieta, jak narysowa\u0107 sanie miko\u0142aja, zagadki wielkanocne do druku, kondrad imie, milosz imie, super zings kolorowanki<\/p>\n<p>yyyyy<\/p>\n<p>&nbsp;<\/p>\n","protected":false},"excerpt":{"rendered":"<p>Cobi Dino Gold Mini Dino Treasure X Odkryj niesamowit\u0105 kolekcj\u0119 Dino Gold i szukaj skarbu! Przejd\u017a przez 8 poziom\u00f3w przygody! Czy znajdziesz skarb pokryty z\u0142otem? W tym zestawie do odnalezienia jest wspania\u0142a figurka Mini Dino oraz skarb. Znajd\u017a swoje narz\u0119dzie do kopania, kop w bryle i uratuj mini dinozaura i skarb! Czy znajdziesz skarb pokryty [&hellip;]<\/p>\n","protected":false},"featured_media":3268,"comment_status":"closed","ping_status":"open","template":"","meta":[],"product_cat":[484,95],"product_tag":[582,822,709,713],"class_list":["post-3267","product","type-product","status-publish","has-post-thumbnail","hentry","product_cat-cobi","product_cat-figurki-makiety-i-zestawy","product_tag-nauka-pisania-literek-do-wydruku-pdf","product_tag-wierszyki-o-wakacjach-krotkie","product_tag-zagadki-dla-dzieci-6-7-lat","product_tag-zagadki-logiczne-z-odpowiedziami"],"_links":{"self":[{"href":"http:\/\/klubmamgdynia.pl\/index.php\/wp-json\/wp\/v2\/product\/3267","targetHints":{"allow":["GET"]}}],"collection":[{"href":"http:\/\/klubmamgdynia.pl\/index.php\/wp-json\/wp\/v2\/product"}],"about":[{"href":"http:\/\/klubmamgdynia.pl\/index.php\/wp-json\/wp\/v2\/types\/product"}],"replies":[{"embeddable":true,"href":"http:\/\/klubmamgdynia.pl\/index.php\/wp-json\/wp\/v2\/comments?post=3267"}],"wp:featuredmedia":[{"embeddable":true,"href":"http:\/\/klubmamgdynia.pl\/index.php\/wp-json\/wp\/v2\/media\/3268"}],"wp:attachment":[{"href":"http:\/\/klubmamgdynia.pl\/index.php\/wp-json\/wp\/v2\/media?parent=3267"}],"wp:term":[{"taxonomy":"product_cat","embeddable":true,"href":"http:\/\/klubmamgdynia.pl\/index.php\/wp-json\/wp\/v2\/product_cat?post=3267"},{"taxonomy":"product_tag","embeddable":true,"href":"http:\/\/klubmamgdynia.pl\/index.php\/wp-json\/wp\/v2\/product_tag?post=3267"}],"curies":[{"name":"wp","href":"https:\/\/api.w.org\/{rel}","templated":true}]}}