{"id":327,"date":"2015-10-07T03:22:48","date_gmt":"2015-10-07T01:22:48","guid":{"rendered":"http:\/\/klubmamgdynia.pl\/index.php\/produkt\/dumel-jolly-baby-podwodny-swiat-jb80464\/"},"modified":"2026-04-27T07:31:24","modified_gmt":"2026-04-27T05:31:24","slug":"dumel-jolly-baby-podwodny-swiat-jb80464","status":"publish","type":"product","link":"http:\/\/klubmamgdynia.pl\/index.php\/produkt\/dumel-jolly-baby-podwodny-swiat-jb80464\/","title":{"rendered":"Dumel Jolly Baby Podwodny \u015awiat Jb80464"},"content":{"rendered":"<p>Pod powierzchni\u0105 wody kryje si\u0119 kolorowy \u015bwiat pe\u0142en cudownych stworze\u0144! Ksi\u0105\u017ceczka poprowadzi Ci\u0119 przez jego zakamarki, opowiadaj\u0105c o rybkach i ucz\u0105c ich nazw. Nieregularne kraw\u0119dzie uatrakcyjniaj\u0105 zabaw\u0119. Ksi\u0105\u017cka zapinana jest na rzep.Produkt przeznaczony dla dzieci od dnia narodzin.Jollybaby to marka materia\u0142owych ksi\u0105\u017ceczek edukacyjnych w j\u0119zyku polskim, stworzona z my\u015bl\u0105 o najm\u0142odszych. Ka\u017cda z nich kryje w swym wn\u0119trzu inne niespodzianki, rozwijaj\u0105ce dziecko na wielu p\u0142aszczyznach. W zale\u017cno\u015bci od modelu, ucz\u0105 one cyferek, literek, zwierz\u0105tek, logicznego my\u015blenia, czynno\u015bci przydatnych w codziennym \u017cyciu, zale\u017cno\u015bci przyczynowo-skutkowych, a tak\u017ce pomagaj\u0105 \u0107wiczy\u0107 sprawno\u015b\u0107 ma\u0142ych paluszk\u00f3w. Wykonane z najwy\u017csz\u0105 staranno\u015bci\u0105 ksi\u0105\u017ceczki, czaruj\u0105 zar\u00f3wno sw\u0105 atrakcyjn\u0105 form\u0105, jak i sam\u0105 zawarto\u015bci\u0105.<\/p>\n<h2>Dumel Jolly Baby Podwodny \u015awiat Jb80464 Dumel<\/h2>\n<p>wierszyki na \u015bmigusa dyngusa, prezent dla pi\u0119tnastolatka, rysowanki, jeremi, asiunia test z lektury, quizy o flagach, prezent dla dziewczynki na roczek, literki do nauki pisania do druku, 45 pa\u0144stw europy i ich stolice quiz, miasto dzieci pl, \u0142amig\u0142\u00f3wki logiczne, zagadki podchwytliwe z odpowiedziami, kolorowanki do druku zwierz\u0119ta, mapa europy do druku, kolorowanki do wydrukowania, spiderman kolorowanka, adriana znaczenie imienia, jacek<\/p>\n<p>yyyyy<\/p>\n<p>&nbsp;<\/p>\n","protected":false},"excerpt":{"rendered":"<p>Pod powierzchni\u0105 wody kryje si\u0119 kolorowy \u015bwiat pe\u0142en cudownych stworze\u0144! Ksi\u0105\u017ceczka poprowadzi Ci\u0119 przez jego zakamarki, opowiadaj\u0105c o rybkach i ucz\u0105c ich nazw. Nieregularne kraw\u0119dzie uatrakcyjniaj\u0105 zabaw\u0119. Ksi\u0105\u017cka zapinana jest na rzep.Produkt przeznaczony dla dzieci od dnia narodzin.Jollybaby to marka materia\u0142owych ksi\u0105\u017ceczek edukacyjnych w j\u0119zyku polskim, stworzona z my\u015bl\u0105 o najm\u0142odszych. Ka\u017cda z nich kryje [&hellip;]<\/p>\n","protected":false},"featured_media":328,"comment_status":"closed","ping_status":"open","template":"","meta":[],"product_cat":[41,61],"product_tag":[643,868,835,661,595,725],"class_list":["post-327","product","type-product","status-publish","has-post-thumbnail","hentry","product_cat-dumel","product_cat-zabawki-edukacyjne-dla-niemowlat","product_tag-prezent-dla-17-latki","product_tag-quizy-dla-dzieci","product_tag-radosc-dziecka-cytaty","product_tag-swinka-peppa-kolorowanka","product_tag-zagadki-dla-6-latka","product_tag-zgadywanki"],"_links":{"self":[{"href":"http:\/\/klubmamgdynia.pl\/index.php\/wp-json\/wp\/v2\/product\/327","targetHints":{"allow":["GET"]}}],"collection":[{"href":"http:\/\/klubmamgdynia.pl\/index.php\/wp-json\/wp\/v2\/product"}],"about":[{"href":"http:\/\/klubmamgdynia.pl\/index.php\/wp-json\/wp\/v2\/types\/product"}],"replies":[{"embeddable":true,"href":"http:\/\/klubmamgdynia.pl\/index.php\/wp-json\/wp\/v2\/comments?post=327"}],"wp:featuredmedia":[{"embeddable":true,"href":"http:\/\/klubmamgdynia.pl\/index.php\/wp-json\/wp\/v2\/media\/328"}],"wp:attachment":[{"href":"http:\/\/klubmamgdynia.pl\/index.php\/wp-json\/wp\/v2\/media?parent=327"}],"wp:term":[{"taxonomy":"product_cat","embeddable":true,"href":"http:\/\/klubmamgdynia.pl\/index.php\/wp-json\/wp\/v2\/product_cat?post=327"},{"taxonomy":"product_tag","embeddable":true,"href":"http:\/\/klubmamgdynia.pl\/index.php\/wp-json\/wp\/v2\/product_tag?post=327"}],"curies":[{"name":"wp","href":"https:\/\/api.w.org\/{rel}","templated":true}]}}