{"id":3273,"date":"2016-10-22T00:09:52","date_gmt":"2016-10-21T22:09:52","guid":{"rendered":"http:\/\/klubmamgdynia.pl\/index.php\/produkt\/titanic-pamietna-noc\/"},"modified":"2026-04-26T14:06:51","modified_gmt":"2026-04-26T12:06:51","slug":"titanic-pamietna-noc","status":"publish","type":"product","link":"http:\/\/klubmamgdynia.pl\/index.php\/produkt\/titanic-pamietna-noc\/","title":{"rendered":"Titanic. Pami\u0119tna noc"},"content":{"rendered":"<p>Najwa\u017cniejsza ksi\u0105\u017cka po\u015bwi\u0119cona tragedii Titanica, bez kt\u00f3rej nie by\u0142oby s\u0142ynnego filmu Jamesa Camerona, po raz pierwszy w polskim wydaniu.Walter Lord przenosi nas na pok\u0142ad ton\u0105cego statku, opisuj\u0105c minuta po minucie przebieg dramatycznej nocy z 14 na 15 kwietnia 1912 roku z perspektywy mostku kapita\u0144skiego, salon\u00f3w pierwszej klasy i kajut pasa\u017cer\u00f3w t\u0142ocz\u0105cych si\u0119 na najni\u017cszych pok\u0142adach. Pokazuje akty heroicznej odwagi i tch\u00f3rzostwa. Pe\u0142na emocji opowie\u015b\u0107 pozwala czytelnikowi poczu\u0107 si\u0119 jednym z pasa\u017cer\u00f3w legendarnego transatlantyku, kt\u00f3ry mia\u0142 by\u0107 niezatapialny.Uj\u0119cie historii Titanica przez pryzmat ludzi, kt\u00f3rzy nim p\u0142yn\u0119li, poruszy\u0142o mnie. To opowie\u015b\u0107 o schy\u0142ku pewnej epoki \u2013 w modzie, designie i kulturze bycia, w kt\u00f3rej podzia\u0142 klasowy wyra\u017anie dzieli\u0142 spo\u0142ecze\u0144stwo pod wzgl\u0119dem maj\u0119tno\u015bci, urodzenia i konwenans\u00f3w.Tomasz Ossoli\u0144ski, projektant mody, ambasador wystawy TITANIC. THE EXHIBITIONNawet je\u015bli losy najwi\u0119kszego statku \u00f3wczesnego \u015bwiata, zwodowanego w 1911 roku Titanica, niespecjalnie nas interesuj\u0105, \u201ePami\u0119tn\u0105 noc\u201d Waltera Lorda warto przeczyta\u0107 \u2013 to \u015bwietnie napisana powie\u015b\u0107. Autor zbiera\u0142 materia\u0142y do niej na pocz\u0105tku lat 50., rozmawia\u0142 z wieloma ocalonymi, przewertowa\u0142 setki publikacji \u2013 rzetelno\u015b\u0107 i talent literacki da\u0142y ksi\u0105\u017ck\u0119, kt\u00f3ra mimo up\u0142ywu lat nie ma sobie r\u00f3wnych. A je\u015bli chodzi o Titanica, jest w czym wybiera\u0107, transatlantykowi po\u015bwi\u0119cono tysi\u0105ce artyku\u0142\u00f3w, dziesi\u0105tki ksi\u0105\u017cek, spektakle teatralne, filmy dokumentalne i fabularne. Jednak ten, kto lubi czyta\u0107 i chce wiedzie\u0107 wi\u0119cej, powinien si\u0119gn\u0105\u0107 po Pami\u0119tn\u0105 noc Waltera Lorda.Bo\u017cena Aksamit, dziennikarka, autorka ksi\u0105\u017cki BatoryWALTER LORD jest autorem kilku bestseller\u00f3w historycznych, mi\u0119dzy innymi ksi\u0105\u017cki Day of Infamy, po\u015bwi\u0119conej atakowi na Pearl Harbor. W 1958 roku ksi\u0105\u017cka Lorda Titanic. Pami\u0119tna noc zosta\u0142a sfilmowana \u2013 pod tym samym tytu\u0142em \u2013 przez re\u017cysera Roya Warda Bakera (polski tytu\u0142 to SOS Titanic). Film otrzyma\u0142 w 1959 r. Z\u0142oty Glob i jest uznawany za najlepsze filmowe dzie\u0142o do czasu Titanica Jamesa Camerona. Przy tym ostatnim dziele blisko 80-letni Lord pracowa\u0142 zreszt\u0105 jako konsultant. Zmar\u0142 w 2002 roku, zosta\u0142 pochowany w rodzinnej kwaterze na cmentarzu w Baltimore. Na znajduj\u0105cej si\u0119 przed grobem Lorda kamiennej \u0142aweczce wyryto tytu\u0142y wszystkich jego ksi\u0105\u017cek.<\/p>\n<h2>Titanic. Pami\u0119tna noc <\/h2>\n<p>koreczki dla dzieci na urodziny, trudne \u0142amig\u0142\u00f3wki, cukierku ty \u0142obuzie test, motylek, kr\u00f3tkie bajki dla dzieci, kolorowanki antystresowe, \u015bwi\u0105teczny film dla dzieci, jeremi imi\u0119, my little pony kolorowanki, narodziny dziecka cytaty, kolorowanka lego ninjago, rysunki dla pocz\u0105tkuj\u0105cych, gabriel, liwia imi\u0119, imiona dla ch\u0142opc\u00f3w, mitologia grecka quiz, filmy disneya, cytaty dla mamy od c\u00f3rki, bursztynek, ozdoby wielkanocne kt\u00f3re mog\u0105 zrobi\u0107 dzieci<\/p>\n<p>yyyyy<\/p>\n<p>&nbsp;<\/p>\n","protected":false},"excerpt":{"rendered":"<p>Najwa\u017cniejsza ksi\u0105\u017cka po\u015bwi\u0119cona tragedii Titanica, bez kt\u00f3rej nie by\u0142oby s\u0142ynnego filmu Jamesa Camerona, po raz pierwszy w polskim wydaniu.Walter Lord przenosi nas na pok\u0142ad ton\u0105cego statku, opisuj\u0105c minuta po minucie przebieg dramatycznej nocy z 14 na 15 kwietnia 1912 roku z perspektywy mostku kapita\u0144skiego, salon\u00f3w pierwszej klasy i kajut pasa\u017cer\u00f3w t\u0142ocz\u0105cych si\u0119 na najni\u017cszych pok\u0142adach. [&hellip;]<\/p>\n","protected":false},"featured_media":3274,"comment_status":"closed","ping_status":"open","template":"","meta":[],"product_cat":[1034],"product_tag":[831,642,638,798,710],"class_list":["post-3273","product","type-product","status-publish","has-post-thumbnail","hentry","product_cat-historia-i-literatura-faktu","product_tag-bruno","product_tag-mia-imie","product_tag-miastodzieci","product_tag-prezenty-dla-nastolatki","product_tag-zagadki-dla-dzieci-10-12-lat"],"_links":{"self":[{"href":"http:\/\/klubmamgdynia.pl\/index.php\/wp-json\/wp\/v2\/product\/3273","targetHints":{"allow":["GET"]}}],"collection":[{"href":"http:\/\/klubmamgdynia.pl\/index.php\/wp-json\/wp\/v2\/product"}],"about":[{"href":"http:\/\/klubmamgdynia.pl\/index.php\/wp-json\/wp\/v2\/types\/product"}],"replies":[{"embeddable":true,"href":"http:\/\/klubmamgdynia.pl\/index.php\/wp-json\/wp\/v2\/comments?post=3273"}],"wp:featuredmedia":[{"embeddable":true,"href":"http:\/\/klubmamgdynia.pl\/index.php\/wp-json\/wp\/v2\/media\/3274"}],"wp:attachment":[{"href":"http:\/\/klubmamgdynia.pl\/index.php\/wp-json\/wp\/v2\/media?parent=3273"}],"wp:term":[{"taxonomy":"product_cat","embeddable":true,"href":"http:\/\/klubmamgdynia.pl\/index.php\/wp-json\/wp\/v2\/product_cat?post=3273"},{"taxonomy":"product_tag","embeddable":true,"href":"http:\/\/klubmamgdynia.pl\/index.php\/wp-json\/wp\/v2\/product_tag?post=3273"}],"curies":[{"name":"wp","href":"https:\/\/api.w.org\/{rel}","templated":true}]}}