{"id":3275,"date":"2015-05-20T08:14:44","date_gmt":"2015-05-20T06:14:44","guid":{"rendered":"http:\/\/klubmamgdynia.pl\/index.php\/produkt\/grindi-palisada-ogrodowa-obrzeze-brazowe-gop-6-961107\/"},"modified":"2026-04-29T09:04:19","modified_gmt":"2026-04-29T07:04:19","slug":"grindi-palisada-ogrodowa-obrzeze-brazowe-gop-6-961107","status":"publish","type":"product","link":"http:\/\/klubmamgdynia.pl\/index.php\/produkt\/grindi-palisada-ogrodowa-obrzeze-brazowe-gop-6-961107\/","title":{"rendered":"Grindi Palisada Ogrodowa Obrze\u017ce Br\u0105zowe Gop 6 961107"},"content":{"rendered":"<p>Palisady lub obrze\u017ca trawnika idealnie nadaj\u0105 si\u0119 do wydzielenia obszar\u00f3w w ogrodzie. Palisady wprowadz\u0105 wra\u017cenie uporz\u0105dkowania i stan\u0105 si\u0119 elementem dekoracyjnym. Palisada \u0142\u0105czy si\u0119 ze sob\u0105 tworz\u0105c heksagon. Wykonane s\u0105 z tworzywa sztucznego (PP), kt\u00f3ry jest alternatyw\u0105 dla drewnianych lub betonowych obrze\u017cy.Dodatkowym atutem tego rozwi\u0105zania jest szybki i \u0142atwy monta\u017c. Obrze\u017ce mo\u017cna \u0142\u0105czy\u0107 ze sob\u0105 w kilka poziom\u00f3w. Aby to zrobi\u0107 nale\u017cy zdj\u0105\u0107 \u0142epek \u015bledzia, tak aby po\u0142\u0105czy\u0107 jeden z drugim. co pokazuje zdj\u0119cie w galerii.Materia\u0142: tworzywo sztuczne (PP)Wymiary jednego elementu: 57,5&#215;13 cmWaga: 340g \/opakKolor: br\u0105zowyIlo\u015b\u0107 w opakowaniu: 8 element\u00f3w, 8 \u015bledzi<\/p>\n<h2>Grindi Palisada Ogrodowa Obrze\u017ce Br\u0105zowe Gop 6 961107 VidaXL<\/h2>\n<p>prezenty dla nastolatk\u00f3w, zagadki logiczne dla dzieci, praktyczny prezent dla rocznego dziecka, \u0142amig\u0142\u00f3wki dla 4 latka do druku, logiczne zagadki, dziecko cytaty, bajki dla dzieci online, Keyword, pola imie, test z lektury ania z zielonego wzg\u00f3rza klasa 6 z odpowiedziami, zgadywanki dla dzieci, prezent dla rocznego dziecka, proste dekoracje \u015bwi\u0105teczne dla dzieci, szlaczki dla dzieci, policja kolorowanka, gad\u017cety dla nastolatk\u00f3w 2021, miriam imi\u0119, wycinanki do druku, wiosna zagadki, prank na prima aprilis, jaki prezent na roczek dla ch\u0142opca<\/p>\n<p>yyyyy<\/p>\n<p>&nbsp;<\/p>\n","protected":false},"excerpt":{"rendered":"<p>Palisady lub obrze\u017ca trawnika idealnie nadaj\u0105 si\u0119 do wydzielenia obszar\u00f3w w ogrodzie. Palisady wprowadz\u0105 wra\u017cenie uporz\u0105dkowania i stan\u0105 si\u0119 elementem dekoracyjnym. Palisada \u0142\u0105czy si\u0119 ze sob\u0105 tworz\u0105c heksagon. Wykonane s\u0105 z tworzywa sztucznego (PP), kt\u00f3ry jest alternatyw\u0105 dla drewnianych lub betonowych obrze\u017cy.Dodatkowym atutem tego rozwi\u0105zania jest szybki i \u0142atwy monta\u017c. Obrze\u017ce mo\u017cna \u0142\u0105czy\u0107 ze sob\u0105 [&hellip;]<\/p>\n","protected":false},"featured_media":3276,"comment_status":"closed","ping_status":"open","template":"","meta":[],"product_cat":[1035,23],"product_tag":[836,844,642,638,751],"class_list":["post-3275","product","type-product","status-publish","has-post-thumbnail","hentry","product_cat-obrzeza-ogrodowe","product_cat-vidaxl","product_tag-co-kupic-dziecku-na-roczek","product_tag-co-kupic-na-roczek","product_tag-mia-imie","product_tag-miastodzieci","product_tag-psi-patrol-kolorowanka"],"_links":{"self":[{"href":"http:\/\/klubmamgdynia.pl\/index.php\/wp-json\/wp\/v2\/product\/3275","targetHints":{"allow":["GET"]}}],"collection":[{"href":"http:\/\/klubmamgdynia.pl\/index.php\/wp-json\/wp\/v2\/product"}],"about":[{"href":"http:\/\/klubmamgdynia.pl\/index.php\/wp-json\/wp\/v2\/types\/product"}],"replies":[{"embeddable":true,"href":"http:\/\/klubmamgdynia.pl\/index.php\/wp-json\/wp\/v2\/comments?post=3275"}],"wp:featuredmedia":[{"embeddable":true,"href":"http:\/\/klubmamgdynia.pl\/index.php\/wp-json\/wp\/v2\/media\/3276"}],"wp:attachment":[{"href":"http:\/\/klubmamgdynia.pl\/index.php\/wp-json\/wp\/v2\/media?parent=3275"}],"wp:term":[{"taxonomy":"product_cat","embeddable":true,"href":"http:\/\/klubmamgdynia.pl\/index.php\/wp-json\/wp\/v2\/product_cat?post=3275"},{"taxonomy":"product_tag","embeddable":true,"href":"http:\/\/klubmamgdynia.pl\/index.php\/wp-json\/wp\/v2\/product_tag?post=3275"}],"curies":[{"name":"wp","href":"https:\/\/api.w.org\/{rel}","templated":true}]}}