{"id":3277,"date":"2020-01-22T04:35:23","date_gmt":"2020-01-22T03:35:23","guid":{"rendered":"http:\/\/klubmamgdynia.pl\/index.php\/produkt\/prezent-zycia-romantyczny-pobyt-w-gorach-dla-dwojga-tatry-2-noclegi\/"},"modified":"2026-05-17T22:39:36","modified_gmt":"2026-05-17T20:39:36","slug":"prezent-zycia-romantyczny-pobyt-w-gorach-dla-dwojga-tatry-2-noclegi","status":"publish","type":"product","link":"http:\/\/klubmamgdynia.pl\/index.php\/produkt\/prezent-zycia-romantyczny-pobyt-w-gorach-dla-dwojga-tatry-2-noclegi\/","title":{"rendered":"Prezent \u017bycia Romantyczny Pobyt W G\u00f3rach Dla Dwojga Tatry 2 Noclegi"},"content":{"rendered":"<p>Wyrwij si\u0119 z domu i sp\u0119dzaj mi\u0142o czas ze swoj\u0105 po\u0142\u00f3wk\u0105 w g\u00f3rach. Romantyczny pobyt w g\u00f3rach dla dwojga to \u015bwietna okazja by zostawi\u0107 za sob\u0105 miejski zgie\u0142k i rozkoszowa\u0107 si\u0119 pi\u0119knym widokiem Tatr. Prze\u017cycia s\u0105 tym przyjemniejsze im lepsze s\u0105 warunki w jakich sp\u0119dzamy czas, dlatego warto si\u0119 zatrzyma\u0107 w eleganckim pensjonacie, z kt\u00f3rego w ci\u0105gu dnia wybierzecie si\u0119 na szlak, a wieczorem zjecie romantyczn\u0105 kolacj\u0119, aby uczci\u0107 ten przyjemny wsp\u00f3lny czas. Dodatkowo podczas romantycznego pobytu w g\u00f3rach dla dwojga b\u0119dziecie mogli odpocz\u0105\u0107 po pe\u0142nym przyg\u00f3d dniu w saunie i jaccuzi. Podhale oferuje wiele atrakcji, na kt\u00f3re otrzymacie kart\u0119 rabatow\u0105 na czas pobytu.<\/p>\n<h2>Prezent \u017bycia Romantyczny Pobyt W G\u00f3rach Dla Dwojga Tatry 2 Noclegi Prezent \u017bycia<\/h2>\n<p>bajki dla niemowl\u0105t, pisanie po \u015bladzie do druku pdf, star wars kolorowanka, lukrecja imie, kolorowanki harry potter, 20 pytania do lektury ma\u0142y ksi\u0105\u017c\u0119, tekst kolysanek, mdk aleksandr\u00f3w \u0142\u00f3dzki<\/p>\n<p>yyyyy<\/p>\n<p>&nbsp;<\/p>\n","protected":false},"excerpt":{"rendered":"<p>Wyrwij si\u0119 z domu i sp\u0119dzaj mi\u0142o czas ze swoj\u0105 po\u0142\u00f3wk\u0105 w g\u00f3rach. Romantyczny pobyt w g\u00f3rach dla dwojga to \u015bwietna okazja by zostawi\u0107 za sob\u0105 miejski zgie\u0142k i rozkoszowa\u0107 si\u0119 pi\u0119knym widokiem Tatr. Prze\u017cycia s\u0105 tym przyjemniejsze im lepsze s\u0105 warunki w jakich sp\u0119dzamy czas, dlatego warto si\u0119 zatrzyma\u0107 w eleganckim pensjonacie, z kt\u00f3rego [&hellip;]<\/p>\n","protected":false},"featured_media":3278,"comment_status":"closed","ping_status":"open","template":"","meta":[],"product_cat":[1036,1037],"product_tag":[845,818,630],"class_list":["post-3277","product","type-product","status-publish","has-post-thumbnail","hentry","product_cat-prezent-zycia","product_cat-prezenty-przezycia-i-atrakcje","product_tag-ach-spij-kochanie-tekst","product_tag-oliwier","product_tag-podchwytliwe-zagadki-z-odpowiedziami"],"_links":{"self":[{"href":"http:\/\/klubmamgdynia.pl\/index.php\/wp-json\/wp\/v2\/product\/3277","targetHints":{"allow":["GET"]}}],"collection":[{"href":"http:\/\/klubmamgdynia.pl\/index.php\/wp-json\/wp\/v2\/product"}],"about":[{"href":"http:\/\/klubmamgdynia.pl\/index.php\/wp-json\/wp\/v2\/types\/product"}],"replies":[{"embeddable":true,"href":"http:\/\/klubmamgdynia.pl\/index.php\/wp-json\/wp\/v2\/comments?post=3277"}],"wp:featuredmedia":[{"embeddable":true,"href":"http:\/\/klubmamgdynia.pl\/index.php\/wp-json\/wp\/v2\/media\/3278"}],"wp:attachment":[{"href":"http:\/\/klubmamgdynia.pl\/index.php\/wp-json\/wp\/v2\/media?parent=3277"}],"wp:term":[{"taxonomy":"product_cat","embeddable":true,"href":"http:\/\/klubmamgdynia.pl\/index.php\/wp-json\/wp\/v2\/product_cat?post=3277"},{"taxonomy":"product_tag","embeddable":true,"href":"http:\/\/klubmamgdynia.pl\/index.php\/wp-json\/wp\/v2\/product_tag?post=3277"}],"curies":[{"name":"wp","href":"https:\/\/api.w.org\/{rel}","templated":true}]}}