{"id":3279,"date":"2024-08-17T18:28:25","date_gmt":"2024-08-17T16:28:25","guid":{"rendered":"http:\/\/klubmamgdynia.pl\/?post_type=product&#038;p=3279"},"modified":"2026-04-28T20:05:16","modified_gmt":"2026-04-28T18:05:16","slug":"perfect-fit-adult-1-small-bogaty-w-kurczaka-6kg","status":"publish","type":"product","link":"http:\/\/klubmamgdynia.pl\/index.php\/produkt\/perfect-fit-adult-1-small-bogaty-w-kurczaka-6kg\/","title":{"rendered":"Perfect Fit Adult 1+ Small Bogaty W Kurczaka 6Kg"},"content":{"rendered":"<h2>Perfect Fit Adult 1+ Small Bogaty W Kurczaka 6Kg Perfect Fit<\/h2>\n<p>miastodzieci, quiz psi patrol, bajki dla dzieci do czytania na dobranoc, mini zoo dolno\u015bl\u0105skie, opis do zdj\u0119cia dziecka, zagadki dla dzieci 7-8 lat online, test znaki drogowe, proste zagadki, zagadki \u015bmieszne podchwytliwe, wierszyki o wakacjach kr\u00f3tkie, co na roczek dla ch\u0142opca, kr\u00f3tkie czytanki dla dzieci do wydruku, kolorowanka lato, ida swieta wielkanocne ida swieta, mega trudne zagadki logiczne, prezent na pierwsze urodziny, cytaty o macierzy\u0144stwie, zaproszenie na urodziny dziecka do druku, nauka pisania wyraz\u00f3w dla dzieci do druku pdf<\/p>\n<p>yyyyy<\/p>\n<p>&nbsp;<\/p>\n","protected":false},"excerpt":{"rendered":"<p>Perfect Fit Adult 1+ Small Bogaty W Kurczaka 6Kg Perfect Fit miastodzieci, quiz psi patrol, bajki dla dzieci do czytania na dobranoc, mini zoo dolno\u015bl\u0105skie, opis do zdj\u0119cia dziecka, zagadki dla dzieci 7-8 lat online, test znaki drogowe, proste zagadki, zagadki \u015bmieszne podchwytliwe, wierszyki o wakacjach kr\u00f3tkie, co na roczek dla ch\u0142opca, kr\u00f3tkie czytanki dla [&hellip;]<\/p>\n","protected":false},"featured_media":3280,"comment_status":"closed","ping_status":"open","template":"","meta":[],"product_cat":[951,1038],"product_tag":[720,759,705,835],"class_list":["post-3279","product","type-product","status-publish","has-post-thumbnail","hentry","product_cat-karmy-dla-psow","product_cat-perfect-fit","product_tag-malowanki","product_tag-pomysly-na-prezent-dla-nastolatkow","product_tag-prezent-na-roczek-dla-chlopca","product_tag-radosc-dziecka-cytaty"],"_links":{"self":[{"href":"http:\/\/klubmamgdynia.pl\/index.php\/wp-json\/wp\/v2\/product\/3279","targetHints":{"allow":["GET"]}}],"collection":[{"href":"http:\/\/klubmamgdynia.pl\/index.php\/wp-json\/wp\/v2\/product"}],"about":[{"href":"http:\/\/klubmamgdynia.pl\/index.php\/wp-json\/wp\/v2\/types\/product"}],"replies":[{"embeddable":true,"href":"http:\/\/klubmamgdynia.pl\/index.php\/wp-json\/wp\/v2\/comments?post=3279"}],"wp:featuredmedia":[{"embeddable":true,"href":"http:\/\/klubmamgdynia.pl\/index.php\/wp-json\/wp\/v2\/media\/3280"}],"wp:attachment":[{"href":"http:\/\/klubmamgdynia.pl\/index.php\/wp-json\/wp\/v2\/media?parent=3279"}],"wp:term":[{"taxonomy":"product_cat","embeddable":true,"href":"http:\/\/klubmamgdynia.pl\/index.php\/wp-json\/wp\/v2\/product_cat?post=3279"},{"taxonomy":"product_tag","embeddable":true,"href":"http:\/\/klubmamgdynia.pl\/index.php\/wp-json\/wp\/v2\/product_tag?post=3279"}],"curies":[{"name":"wp","href":"https:\/\/api.w.org\/{rel}","templated":true}]}}