{"id":3285,"date":"2021-07-30T03:59:02","date_gmt":"2021-07-30T01:59:02","guid":{"rendered":"http:\/\/klubmamgdynia.pl\/index.php\/produkt\/grow-food-grow-ryba-morska-pies-dorosly-rasy-duze-2kg\/"},"modified":"2026-04-30T19:08:23","modified_gmt":"2026-04-30T17:08:23","slug":"grow-food-grow-ryba-morska-pies-dorosly-rasy-duze-2kg","status":"publish","type":"product","link":"http:\/\/klubmamgdynia.pl\/index.php\/produkt\/grow-food-grow-ryba-morska-pies-dorosly-rasy-duze-2kg\/","title":{"rendered":"Grow Food Grow Ryba Morska Pies Doros\u0142y Rasy Du\u017ce 2kg"},"content":{"rendered":"<p>Grow Ryba Morska Adult Largekarma dla doros\u0142ych ps\u00f3w ras du\u017cych, do codziennego stosowania. Sk\u0142ad analityczny:bia\u0142ko 24%, t\u0142uszcz 14%, w\u0119glowodany, b\u0142onnik, popi\u00f3\u0142 6,5%, w\u0142\u00f3kno 2,3%, wap\u0144 1,5%, fosfor 1%, dodatki: witaminowe (wit A, B1, B2, B6, B12, C, D3, E, K1); mineralne (biotyna, mied\u017a, cynk, s\u00f3d, selen, jod, \u017celazo). Warto\u015b\u0107 energetyczna 365kcal\/100g Sk\u0142ad: ryba morska (~46%), mi\u0119so i t\u0142uszcz z \u0142ososia (~14%), ekstrudowany ry\u017c, ekstrudowana pszenica, marchew, jab\u0142ka, buraki, serwatka, dro\u017cd\u017ce pogorzelniane, olej lniany, czarnuszka. Wielko\u015b\u0107 kulki ~1,5cm W produkcji nie u\u017cyto konserwant\u00f3w, sztucznych barwnik\u00f3w, czy polepszaczy. GROW ma kr\u00f3tki, czteromiesi\u0119czny okres przydatno\u015bci do spo\u017cycia, jest to wynikiem sk\u0142adu karmy opartego na naturalnych sk\u0142adnikach, karma jest tylko pasteryzowana. Twardo\u015b\u0107 granulek GROW wymusza gryzienie i zapobiega osadzaniu si\u0119 kamienia naz\u0119bnego. *Zbo\u017ca ekstrudowane (ry\u017c, pszenica) to produkt naturalny, nie zawieraj\u0105cy konserwant\u00f3w, spulchniaczy, czy polepszaczy smaku, przetworzony poprzez obr\u00f3bk\u0119 surowca (zbo\u017ca)w temperaturze do 200\u00b0C, w otoczeniu wilgotnym i pod ci\u015bnieniem dochodz\u0105cym do 200MPa, w czasie do 30sekund.Obr\u00f3bka taka pozytywnie wp\u0142ywa na produkt, sterylizuj\u0105c go i podnosz\u0105c strawno\u015b\u0107 bia\u0142ka, zmieniaj\u0105c skrobi\u0119 w cukry i umo\u017cliwiaj\u0105c trawienie zbo\u017ca przez psa.<\/p>\n<h2>Grow Food Grow Ryba Morska Pies Doros\u0142y Rasy Du\u017ce 2kg <\/h2>\n<p>imie iwo, asiunia &#8211; test z lektury pdf, zygzak mcqueen kolorowanka, paj\u0105czek na rowerze test, spiderman do druku, najrzadsze imiona dla dziewczynek, gry dla m\u0142odzie\u017cy, kolorowanki do druku peppa, czytanki na dobranoc, fajne \u017carty na prima aprilis, prezent roczek dziewczynka, prezent na dzie\u0144 dziecka dla nastolatk\u00f3w, kontynenty do druku, bajka o kreciku, imi\u0119 iwo, wroc\u0142aw atrakcje dla dzieci, linda, opis rodzina<\/p>\n<p>yyyyy<\/p>\n<p>&nbsp;<\/p>\n","protected":false},"excerpt":{"rendered":"<p>Grow Ryba Morska Adult Largekarma dla doros\u0142ych ps\u00f3w ras du\u017cych, do codziennego stosowania. Sk\u0142ad analityczny:bia\u0142ko 24%, t\u0142uszcz 14%, w\u0119glowodany, b\u0142onnik, popi\u00f3\u0142 6,5%, w\u0142\u00f3kno 2,3%, wap\u0144 1,5%, fosfor 1%, dodatki: witaminowe (wit A, B1, B2, B6, B12, C, D3, E, K1); mineralne (biotyna, mied\u017a, cynk, s\u00f3d, selen, jod, \u017celazo). Warto\u015b\u0107 energetyczna 365kcal\/100g Sk\u0142ad: ryba morska (~46%), [&hellip;]<\/p>\n","protected":false},"featured_media":3286,"comment_status":"closed","ping_status":"open","template":"","meta":[],"product_cat":[951],"product_tag":[859,691,654,815,711],"class_list":["post-3285","product","type-product","status-publish","has-post-thumbnail","hentry","product_cat-karmy-dla-psow","product_tag-dobranoc-pchly-na-noc","product_tag-gabriel","product_tag-krotkie-bajki-dla-dzieci-do-czytania","product_tag-ozdoby-choinkowe-dla-dzieci","product_tag-prezenty-dla-nastolatkow"],"_links":{"self":[{"href":"http:\/\/klubmamgdynia.pl\/index.php\/wp-json\/wp\/v2\/product\/3285","targetHints":{"allow":["GET"]}}],"collection":[{"href":"http:\/\/klubmamgdynia.pl\/index.php\/wp-json\/wp\/v2\/product"}],"about":[{"href":"http:\/\/klubmamgdynia.pl\/index.php\/wp-json\/wp\/v2\/types\/product"}],"replies":[{"embeddable":true,"href":"http:\/\/klubmamgdynia.pl\/index.php\/wp-json\/wp\/v2\/comments?post=3285"}],"wp:featuredmedia":[{"embeddable":true,"href":"http:\/\/klubmamgdynia.pl\/index.php\/wp-json\/wp\/v2\/media\/3286"}],"wp:attachment":[{"href":"http:\/\/klubmamgdynia.pl\/index.php\/wp-json\/wp\/v2\/media?parent=3285"}],"wp:term":[{"taxonomy":"product_cat","embeddable":true,"href":"http:\/\/klubmamgdynia.pl\/index.php\/wp-json\/wp\/v2\/product_cat?post=3285"},{"taxonomy":"product_tag","embeddable":true,"href":"http:\/\/klubmamgdynia.pl\/index.php\/wp-json\/wp\/v2\/product_tag?post=3285"}],"curies":[{"name":"wp","href":"https:\/\/api.w.org\/{rel}","templated":true}]}}